{"id":7313,"date":"2020-08-31T13:44:50","date_gmt":"2020-08-31T13:44:50","guid":{"rendered":"https:\/\/food-shop.org\/?product=q-rice-berry-reis-1-x-1000-g"},"modified":"2023-04-10T17:56:55","modified_gmt":"2023-04-10T17:56:55","slug":"q-rice-berry-reis-1-x-1000-g","status":"publish","type":"product","link":"https:\/\/food-shop.org\/?product=q-rice-berry-reis-1-x-1000-g","title":{"rendered":"Q RICE Rice Berry \u2013 Schwarzer Jasminreis, aromatisch, exotisch, Ideal f\u00fcr asiatische Gerichte \u2013 1 x 1 kg"},"content":{"rendered":"<div class=\"disclaim\"> Anzahl:<strong>1<\/strong> <\/div>\n<p> <!-- show up to 2 reviews by default --> <\/p>\n<h3>Produktbeschreibung<\/h3>\n<p>Langkornreis aus Thailand. Schwarz-r\u00f6tlicher Farbton, gleichm\u00e4\u00dfige Korngr\u00f6\u00dfe. Aussehen: Schwarz-r\u00f6tlicher Farbton, gleichm\u00e4\u00dfige Korngr\u00f6\u00dfe. Geschmack: Charakteristisch, ohne Fremdgeschmack. Konsistenz: Je nach Zubereitung unterschiedlich fest. <\/p>\n<h3>Inhaltsstoffe \/ Zutaten<\/h3>\n<p>Zutaten: Schwarzer Jasmin-Reis (Langkornreis ) <\/p>\n<div data-a-expander-name=\"toggle_description\" class=\"a-row a-expander-container a-expander-extend-container\">\n<div class=\"a-expander-content a-expander-extend-content\">\n<h3>Gebrauchsanweisung<\/h3>\n<\/p>\n<ul>\n<li>Zubereitung im Reiskocher f\u00fcr 2 Personen: 1. 1 Tasse Reis in den Beh\u00e4lter geben. 2. 1 Tassen Wasser hinzuf\u00fcgen. 3. Kochen nach Anleitung des Reiskochers (ca. 50 Minuten). Nachdem der Reis fertig ist, ihn ca. 10 Minuten ruhen lassen und ihn dann mit einer Gabel vor dem Servieren auflockern.<\/li>\n<li>Zubereitung im Kochtopf f\u00fcr 2 Personen: 1. 1 Tasse Reis und 2 Tassen Wasser in den Kochtopf geben. 2. Mit geschlossenem Deckel vorsichtig erhitzen, bis er kocht. 3. Die Hitze verringern, den Reis umr\u00fchren, wieder verschlie\u00dfen und ca. 50 Minuten k\u00f6cheln lassen. 4. Den Reis von der Kochplatte nehmen und ca. 10 Minuten ruhen lassen und ihn dann mit einer Gabel vor dem Servieren auflockern.<\/li>\n<\/ul>\n<h3>Warnhinweise<\/h3>\n<p>Nicht zutreffend <\/p>\n<\/p><\/div>\n<p> <a href=\"void(0)\" data-action=\"a-expander-toggle\" class=\"a-expander-header a-declarative a-expander-extend-header\" data-a-expander-toggle=\"{\"><i class=\"a-icon a-icon-extender-expand\"><\/i><span class=\"a-expander-prompt\">Weitere Informationen<\/span><\/a> <\/div>\n<p>Aussehen: Schwarz-r\u00f6tlicher Farbton, gleichm\u00e4\u00dfige Korngr\u00f6\u00dfe<br \/>\nGeschmack: Charakteristisch, ohne Fremdgeschmack<br \/>\nKonsistenz: Je nach Zubereitung unterschiedlich fest<br \/>\nGeruch: Charakteristisch, ohne Fremdgeruch<br \/>\n<div class=\"main-cross-sell\" data-asin=\"B082VP879F\">\n\n\t<div class=\"WooZone-cross-sell-loader\">\n\t\t<div>\n\t\t\t<div id=\"floatingBarsG\">\n\t\t\t\t<div class=\"blockG\" id=\"rotateG_01\"><\/div>\n\t\t\t\t<div class=\"blockG\" id=\"rotateG_02\"><\/div>\n\t\t\t\t<div class=\"blockG\" id=\"rotateG_03\"><\/div>\n\t\t\t\t<div class=\"blockG\" id=\"rotateG_04\"><\/div>\n\t\t\t\t<div class=\"blockG\" id=\"rotateG_05\"><\/div>\n\t\t\t\t<div class=\"blockG\" id=\"rotateG_06\"><\/div>\n\t\t\t\t<div class=\"blockG\" id=\"rotateG_07\"><\/div>\n\t\t\t\t<div class=\"blockG\" id=\"rotateG_08\"><\/div>\n\t\t\t<\/div>\n\t\t\t<div class=\"WooZone-cross-sell-loader-text\"><\/div>\n\t\t<\/div>\n\t<\/div>\n\n\t\t\n<\/div>\n<div style=\"clear:both;\"><\/div>\n","protected":false},"excerpt":{"rendered":"Aussehen: Schwarz-r\u00f6tlicher Farbton, gleichm\u00e4\u00dfige Korngr\u00f6\u00dfe\nGeschmack: Charakteristisch, ohne Fremdgeschmack\nKonsistenz: Je nach Zubereitung unterschiedlich fest","protected":false},"featured_media":7314,"comment_status":"open","ping_status":"closed","template":"","meta":[],"product_cat":[64,55],"product_tag":[],"_links":{"self":[{"href":"https:\/\/food-shop.org\/index.php?rest_route=\/wp\/v2\/product\/7313"}],"collection":[{"href":"https:\/\/food-shop.org\/index.php?rest_route=\/wp\/v2\/product"}],"about":[{"href":"https:\/\/food-shop.org\/index.php?rest_route=\/wp\/v2\/types\/product"}],"replies":[{"embeddable":true,"href":"https:\/\/food-shop.org\/index.php?rest_route=%2Fwp%2Fv2%2Fcomments&post=7313"}],"wp:featuredmedia":[{"embeddable":true,"href":"https:\/\/food-shop.org\/index.php?rest_route=\/wp\/v2\/media\/7314"}],"wp:attachment":[{"href":"https:\/\/food-shop.org\/index.php?rest_route=%2Fwp%2Fv2%2Fmedia&parent=7313"}],"wp:term":[{"taxonomy":"product_cat","embeddable":true,"href":"https:\/\/food-shop.org\/index.php?rest_route=%2Fwp%2Fv2%2Fproduct_cat&post=7313"},{"taxonomy":"product_tag","embeddable":true,"href":"https:\/\/food-shop.org\/index.php?rest_route=%2Fwp%2Fv2%2Fproduct_tag&post=7313"}],"curies":[{"name":"wp","href":"https:\/\/api.w.org\/{rel}","templated":true}]}}