{"id":7256,"date":"2020-08-31T13:44:23","date_gmt":"2020-08-31T13:44:23","guid":{"rendered":"https:\/\/food-shop.org\/?product=shahan-darbari-5-kg-langkoringer-basmati-reis-aus-indien-basmatirice"},"modified":"2023-04-10T17:56:55","modified_gmt":"2023-04-10T17:56:55","slug":"shahan-darbari-5-kg-langkoringer-basmati-reis-aus-indien-basmatirice","status":"publish","type":"product","link":"https:\/\/food-shop.org\/?product=shahan-darbari-5-kg-langkoringer-basmati-reis-aus-indien-basmatirice","title":{"rendered":"Shahan Darbari 5 Kg Langkoringer Basmati-Reis aus Indien basmatirice"},"content":{"rendered":"<p><!-- show up to 2 reviews by default --> <\/p>\n<h3>Produktbeschreibungen<\/h3>\n<p>BASMATIREIS aus Indien in Premium Klasse.DIESER Reis ist in Indien angebaut wurden.MIT Shahan Darbari zaubern Sie super langkorniger Reis f\u00fcr Ihre G\u00e4ste.OB f\u00fcr Biryani, sabazipolo oder als Beilage zum Fisch oder Fleisch ist dieser Reis geeignet.UNSER Basmatireis ist f\u00fcr die Zubereitung in einem Reiskocher geeignet. <\/p>\n<h3>Inhaltsstoffe \/ Zutaten<\/h3>\n<\/p>\n<p>Reis<\/p>\n<\/p>\n<div data-a-expander-name=\"toggle_description\" class=\"a-row a-expander-container a-expander-extend-container\">\n<div class=\"a-expander-content a-expander-extend-content\">\n<h3>Anschrift Hersteller\/Importeur<\/h3>\n<p>Saki GmbH Gro\u00dfmannstr\u00dfe 88 20539 Hamburg <\/p>\n<\/p><\/div>\n<p> <a href=\"void(0)\" data-action=\"a-expander-toggle\" class=\"a-expander-header a-declarative a-expander-extend-header\" data-a-expander-toggle=\"{\"><i class=\"a-icon a-icon-extender-expand\"><\/i><span class=\"a-expander-prompt\">Weitere Informationen<\/span><\/a> <\/div>\n<p>BASMATIREIS aus Indien in Premium Klasse.DIESER Reis ist in Indien angebaut wurden und ist f\u00fcr die Zubereitung in einem Reiskocher geeignetMIT Shahan Darbari zaubern Sie super langkorniger Reis f\u00fcr Ihre G\u00e4ste.OB f\u00fcr Biryani, sabazipolo oder als Beilage zum Fisch oder Fleisch ist dieser Reis geeignet.UNSER Basmatireis hat eine Mindesthaltbarkeit von einem Jahr<br \/>\n<div class=\"main-cross-sell\" data-asin=\"B013H20BAQ\">\n\n\t<div class=\"WooZone-cross-sell-loader\">\n\t\t<div>\n\t\t\t<div id=\"floatingBarsG\">\n\t\t\t\t<div class=\"blockG\" id=\"rotateG_01\"><\/div>\n\t\t\t\t<div class=\"blockG\" id=\"rotateG_02\"><\/div>\n\t\t\t\t<div class=\"blockG\" id=\"rotateG_03\"><\/div>\n\t\t\t\t<div class=\"blockG\" id=\"rotateG_04\"><\/div>\n\t\t\t\t<div class=\"blockG\" id=\"rotateG_05\"><\/div>\n\t\t\t\t<div class=\"blockG\" id=\"rotateG_06\"><\/div>\n\t\t\t\t<div class=\"blockG\" id=\"rotateG_07\"><\/div>\n\t\t\t\t<div class=\"blockG\" id=\"rotateG_08\"><\/div>\n\t\t\t<\/div>\n\t\t\t<div class=\"WooZone-cross-sell-loader-text\"><\/div>\n\t\t<\/div>\n\t<\/div>\n\n\t\t\n<\/div>\n<div style=\"clear:both;\"><\/div>\n","protected":false},"excerpt":{"rendered":"BASMATIREIS aus Indien in Premium Klasse.DIESER Reis ist in Indien angebaut wurden und ist f\u00fcr die Zubereitung in einem Reiskocher geeignetMIT Shahan Darbari zaubern Sie super langkorniger Reis f\u00fcr Ihre G\u00e4ste.OB f\u00fcr Biryani, sabazipolo oder als Beilage zum Fisch oder Fleisch ist dieser Reis geeignet.UNSER Basmatireis hat eine Mindesthaltbarkeit von einem Jahr","protected":false},"featured_media":7257,"comment_status":"open","ping_status":"closed","template":"","meta":[],"product_cat":[64,55],"product_tag":[],"_links":{"self":[{"href":"https:\/\/food-shop.org\/index.php?rest_route=\/wp\/v2\/product\/7256"}],"collection":[{"href":"https:\/\/food-shop.org\/index.php?rest_route=\/wp\/v2\/product"}],"about":[{"href":"https:\/\/food-shop.org\/index.php?rest_route=\/wp\/v2\/types\/product"}],"replies":[{"embeddable":true,"href":"https:\/\/food-shop.org\/index.php?rest_route=%2Fwp%2Fv2%2Fcomments&post=7256"}],"wp:featuredmedia":[{"embeddable":true,"href":"https:\/\/food-shop.org\/index.php?rest_route=\/wp\/v2\/media\/7257"}],"wp:attachment":[{"href":"https:\/\/food-shop.org\/index.php?rest_route=%2Fwp%2Fv2%2Fmedia&parent=7256"}],"wp:term":[{"taxonomy":"product_cat","embeddable":true,"href":"https:\/\/food-shop.org\/index.php?rest_route=%2Fwp%2Fv2%2Fproduct_cat&post=7256"},{"taxonomy":"product_tag","embeddable":true,"href":"https:\/\/food-shop.org\/index.php?rest_route=%2Fwp%2Fv2%2Fproduct_tag&post=7256"}],"curies":[{"name":"wp","href":"https:\/\/api.w.org\/{rel}","templated":true}]}}