{"id":7217,"date":"2020-08-31T13:44:02","date_gmt":"2020-08-31T13:44:02","guid":{"rendered":"https:\/\/food-shop.org\/?product=davert-bio-basmati-reis-im-kochbeutel-2-beutel-250g"},"modified":"2023-04-10T17:56:54","modified_gmt":"2023-04-10T17:56:54","slug":"davert-bio-basmati-reis-im-kochbeutel-2-beutel-250g","status":"publish","type":"product","link":"https:\/\/food-shop.org\/?product=davert-bio-basmati-reis-im-kochbeutel-2-beutel-250g","title":{"rendered":"Davert Bio Basmati Reis im Kochbeutel, 2 Beutel, 250g"},"content":{"rendered":"<p><!-- show up to 2 reviews by default --> <\/p>\n<p>Angetrieben von der Leidenschaft, die besten Bio-Rohstoffe zu beschaffen, pflegen wir mit Anbaupartnern in aller Welt langfristige und faire Handelsbeziehungen. <\/p>\n<p>Basmati Reis kocht locker und k\u00f6rnig und verbreitet bei der Zubereitung einen wunderbaren Duft<br \/>\nF\u00fcr exotische, asiatische Gerichte, auch mit Fr\u00fcchten und Gew\u00fcrzen wie Curry, Ingwer und Safran<br \/>\nHimalaya ist ein echter Basmati Reis vom Fu\u00dfe des Himalaya Gebirges in Indien<br \/>\n<div class=\"main-cross-sell\" data-asin=\"B01N90DD8H\">\n\n\t<div class=\"WooZone-cross-sell-loader\">\n\t\t<div>\n\t\t\t<div id=\"floatingBarsG\">\n\t\t\t\t<div class=\"blockG\" id=\"rotateG_01\"><\/div>\n\t\t\t\t<div class=\"blockG\" id=\"rotateG_02\"><\/div>\n\t\t\t\t<div class=\"blockG\" id=\"rotateG_03\"><\/div>\n\t\t\t\t<div class=\"blockG\" id=\"rotateG_04\"><\/div>\n\t\t\t\t<div class=\"blockG\" id=\"rotateG_05\"><\/div>\n\t\t\t\t<div class=\"blockG\" id=\"rotateG_06\"><\/div>\n\t\t\t\t<div class=\"blockG\" id=\"rotateG_07\"><\/div>\n\t\t\t\t<div class=\"blockG\" id=\"rotateG_08\"><\/div>\n\t\t\t<\/div>\n\t\t\t<div class=\"WooZone-cross-sell-loader-text\"><\/div>\n\t\t<\/div>\n\t<\/div>\n\n\t\t\n<\/div>\n<div style=\"clear:both;\"><\/div>\n","protected":false},"excerpt":{"rendered":"Basmati Reis kocht locker und k\u00f6rnig und verbreitet bei der Zubereitung einen wunderbaren Duft\nF\u00fcr exotische, asiatische Gerichte, auch mit Fr\u00fcchten und Gew\u00fcrzen wie Curry, Ingwer und Safran\nHimalaya ist ein echter Basmati Reis vom Fu\u00dfe des Himalaya Gebirges in Indien","protected":false},"featured_media":7218,"comment_status":"open","ping_status":"closed","template":"","meta":[],"product_cat":[64,55],"product_tag":[],"_links":{"self":[{"href":"https:\/\/food-shop.org\/index.php?rest_route=\/wp\/v2\/product\/7217"}],"collection":[{"href":"https:\/\/food-shop.org\/index.php?rest_route=\/wp\/v2\/product"}],"about":[{"href":"https:\/\/food-shop.org\/index.php?rest_route=\/wp\/v2\/types\/product"}],"replies":[{"embeddable":true,"href":"https:\/\/food-shop.org\/index.php?rest_route=%2Fwp%2Fv2%2Fcomments&post=7217"}],"wp:featuredmedia":[{"embeddable":true,"href":"https:\/\/food-shop.org\/index.php?rest_route=\/wp\/v2\/media\/7218"}],"wp:attachment":[{"href":"https:\/\/food-shop.org\/index.php?rest_route=%2Fwp%2Fv2%2Fmedia&parent=7217"}],"wp:term":[{"taxonomy":"product_cat","embeddable":true,"href":"https:\/\/food-shop.org\/index.php?rest_route=%2Fwp%2Fv2%2Fproduct_cat&post=7217"},{"taxonomy":"product_tag","embeddable":true,"href":"https:\/\/food-shop.org\/index.php?rest_route=%2Fwp%2Fv2%2Fproduct_tag&post=7217"}],"curies":[{"name":"wp","href":"https:\/\/api.w.org\/{rel}","templated":true}]}}