{"id":7199,"date":"2020-08-31T13:43:53","date_gmt":"2020-08-31T13:43:53","guid":{"rendered":"https:\/\/food-shop.org\/?product=koenigs-reis-parboiled-1-x-1-kg"},"modified":"2023-04-10T17:56:53","modified_gmt":"2023-04-10T17:56:53","slug":"koenigs-reis-parboiled-1-x-1-kg","status":"publish","type":"product","link":"https:\/\/food-shop.org\/?product=koenigs-reis-parboiled-1-x-1-kg","title":{"rendered":"K\u00f6nigs Reis Parboiled (1 x 1 kg)"},"content":{"rendered":"<p><!-- show up to 2 reviews by default --> <\/p>\n<h3>Produktbeschreibung<\/h3>\n<p>K\u00f6nigs Reis Parboiled, 1.000g. Ideal f\u00fcr eine anspruchsvolle, aber gleichzeitig unkomplizierte K\u00fcche. Durch die schonende Parboiled-Veredelung enth\u00e4lt dieser Langkornreis bis zu 80% aller wertvollen und gesunden N\u00e4hrstoffe von ungesch\u00e4ltem Reis und gelingt immer locker und k\u00f6rnig. Ob Fisch- oder Fleischgericht, mit exotischen Saucen oder einfach nur pur \u2013 dieser Reis gelingt immer. <\/p>\n<h3>Inhaltsstoffe \/ Zutaten<\/h3>\n<p>Langkorn Parboiled Reis <\/p>\n<div data-a-expander-name=\"toggle_description\" class=\"a-row a-expander-container a-expander-extend-container\">\n<div class=\"a-expander-content a-expander-extend-content\">\n<h3>Gebrauchsanweisung<\/h3>\n<p>Vor W\u00e4rme gesch\u00fctzt und trocken lagern <\/p>\n<h3>Warnhinweise<\/h3>\n<p>Nein <\/p>\n<h3>Anschrift Hersteller\/Importeur<\/h3>\n<p>Euryza GmbH, Oberwerder Damm 11-21, 20539 Hamburg <\/p>\n<\/p><\/div>\n<p> <a href=\"void(0)\" data-action=\"a-expander-toggle\" class=\"a-expander-header a-declarative a-expander-extend-header\" data-a-expander-toggle=\"{\"><i class=\"a-icon a-icon-extender-expand\"><\/i><span class=\"a-expander-prompt\">Weitere Informationen<\/span><\/a> <\/div>\n<p>Spitzen-Langkorn-Reis, parboiled veredelt, geschliffen und poliert<br \/>\nGarantiert beste Qualit\u00e4t: F\u00fcr K\u00f6nigsreis werden nur die besten Reissorten ausgew\u00e4hlt<br \/>\nIdeal f\u00fcr jede kulinarische Herausforderung, vielseitig einsetzbar<br \/>\nGelingt immer locker und k\u00f6rnig<br \/>\nKochzeit: 16-18 Minuten<br \/>\n<div class=\"main-cross-sell\" data-asin=\"B00NA0M1SQ\">\n\n\t<div class=\"WooZone-cross-sell-loader\">\n\t\t<div>\n\t\t\t<div id=\"floatingBarsG\">\n\t\t\t\t<div class=\"blockG\" id=\"rotateG_01\"><\/div>\n\t\t\t\t<div class=\"blockG\" id=\"rotateG_02\"><\/div>\n\t\t\t\t<div class=\"blockG\" id=\"rotateG_03\"><\/div>\n\t\t\t\t<div class=\"blockG\" id=\"rotateG_04\"><\/div>\n\t\t\t\t<div class=\"blockG\" id=\"rotateG_05\"><\/div>\n\t\t\t\t<div class=\"blockG\" id=\"rotateG_06\"><\/div>\n\t\t\t\t<div class=\"blockG\" id=\"rotateG_07\"><\/div>\n\t\t\t\t<div class=\"blockG\" id=\"rotateG_08\"><\/div>\n\t\t\t<\/div>\n\t\t\t<div class=\"WooZone-cross-sell-loader-text\"><\/div>\n\t\t<\/div>\n\t<\/div>\n\n\t\t\n<\/div>\n<div style=\"clear:both;\"><\/div>\n","protected":false},"excerpt":{"rendered":"Spitzen-Langkorn-Reis, parboiled veredelt, geschliffen und poliert\nGarantiert beste Qualit\u00e4t: F\u00fcr K\u00f6nigsreis werden nur die besten Reissorten ausgew\u00e4hlt\nIdeal f\u00fcr jede kulinarische Herausforderung, vielseitig einsetzbar","protected":false},"featured_media":7200,"comment_status":"open","ping_status":"closed","template":"","meta":[],"product_cat":[64,55],"product_tag":[],"_links":{"self":[{"href":"https:\/\/food-shop.org\/index.php?rest_route=\/wp\/v2\/product\/7199"}],"collection":[{"href":"https:\/\/food-shop.org\/index.php?rest_route=\/wp\/v2\/product"}],"about":[{"href":"https:\/\/food-shop.org\/index.php?rest_route=\/wp\/v2\/types\/product"}],"replies":[{"embeddable":true,"href":"https:\/\/food-shop.org\/index.php?rest_route=%2Fwp%2Fv2%2Fcomments&post=7199"}],"wp:featuredmedia":[{"embeddable":true,"href":"https:\/\/food-shop.org\/index.php?rest_route=\/wp\/v2\/media\/7200"}],"wp:attachment":[{"href":"https:\/\/food-shop.org\/index.php?rest_route=%2Fwp%2Fv2%2Fmedia&parent=7199"}],"wp:term":[{"taxonomy":"product_cat","embeddable":true,"href":"https:\/\/food-shop.org\/index.php?rest_route=%2Fwp%2Fv2%2Fproduct_cat&post=7199"},{"taxonomy":"product_tag","embeddable":true,"href":"https:\/\/food-shop.org\/index.php?rest_route=%2Fwp%2Fv2%2Fproduct_tag&post=7199"}],"curies":[{"name":"wp","href":"https:\/\/api.w.org\/{rel}","templated":true}]}}