{"id":7191,"date":"2020-08-31T13:43:49","date_gmt":"2020-08-31T13:43:49","guid":{"rendered":"https:\/\/food-shop.org\/?product=sushi-reis-akitakomachi"},"modified":"2023-04-10T17:56:53","modified_gmt":"2023-04-10T17:56:53","slug":"sushi-reis-akitakomachi","status":"publish","type":"product","link":"https:\/\/food-shop.org\/?product=sushi-reis-akitakomachi","title":{"rendered":"Sushi Reis, Akitakomachi"},"content":{"rendered":"<p><!-- show up to 2 reviews by default --> <\/p>\n<h3>Produktbeschreibung<\/h3>\n<p>AKAFUJI Sushi-Rundkornreis, Akitakomachi Zutaten: Rundkornreis Zubereitungshinweis: Den Reis unter flie\u00dfendem Wasser waschen bis das Wasser klar wird. Geben sie den Reis mit der 1, 45-fachen Menge an Wasser in den Reiskocher und lassen sie den Reis f\u00fcr Circa 40 Minuten einweichen. Schalten Sie nun den Reiskocher an und d\u00e4mpfen den Reisbis das Wasser verdampft ist. Beachten sie bitte zus\u00e4tzlich die Bedienungsanleitung Ihres Ger\u00e4tes. Wir empfehlen den Reis im geschlossenen Reiskocher weitere 15 Minuten nach Beendigung des Dampfvorgangs ruhen lassen. <\/p>\n<h3>Inhaltsstoffe \/ Zutaten<\/h3>\n<p>Zutaten: Rundkornreis <\/p>\n<div data-a-expander-name=\"toggle_description\" class=\"a-row a-expander-container a-expander-extend-container\">\n<div class=\"a-expander-content a-expander-extend-content\">\n<h3>Gebrauchsanweisung<\/h3>\n<p>Den Reis unter flie\u00dfendem Wasser waschen bis das Wasser klar wird. Geben Sie den Reis mit der 1,45-fachen Menge an Wasser in den Reiskocher und lassen Sie den Reis f\u00fcr ca. 40 Minuten einweichen. Schalten Sie nun den Reiskocher an und d\u00e4mpfen den Reisbis das Wasser verdampft ist. Beachten Sie bitte zus\u00e4tzlich die Bedienungsanleitung Ihres Ger\u00e4tes. Wir empfehlen den Reis im geschlossenen Reiskocher weitere 15 Minuten nach Beendigung des Dampfvorgangs ruhen lassen. <\/p>\n<h3>Anschrift Hersteller\/Importeur<\/h3>\n<p>Industriestra\u00dfe 40-42, 28876 Oyten, Germany <\/p>\n<\/p><\/div>\n<p> <a href=\"void(0)\" data-action=\"a-expander-toggle\" class=\"a-expander-header a-declarative a-expander-extend-header\" data-a-expander-toggle=\"{\"><i class=\"a-icon a-icon-extender-expand\"><\/i><span class=\"a-expander-prompt\">Weitere Informationen<\/span><\/a> <\/div>\n<p>Sushi-Rundkornreis<br \/>\nEin Must-Have f\u00fcr den Vorratsschrank eines jeden Sushi Liebhabers<br \/>\nAuthetisch japanischer Reis<br \/>\nZubereitungshinweis: Den Reis unter flie\u00dfendem Wasser waschen bis das Wasser klar wird. Geben sie den Reis mit der 1, 45-fachen Menge an Wasser in den Reiskocher<br \/>\nSchalten Sie nun den Reiskocher an und d\u00e4mpfen den Reisbis das Wasser verdampft ist. Beachten sie bitte zus\u00e4tzlich die Bedienungsanleitung Ihres Ger\u00e4tes.<br \/>\n<div class=\"main-cross-sell\" data-asin=\"B00NSR3HUW\">\n\n\t<div class=\"WooZone-cross-sell-loader\">\n\t\t<div>\n\t\t\t<div id=\"floatingBarsG\">\n\t\t\t\t<div class=\"blockG\" id=\"rotateG_01\"><\/div>\n\t\t\t\t<div class=\"blockG\" id=\"rotateG_02\"><\/div>\n\t\t\t\t<div class=\"blockG\" id=\"rotateG_03\"><\/div>\n\t\t\t\t<div class=\"blockG\" id=\"rotateG_04\"><\/div>\n\t\t\t\t<div class=\"blockG\" id=\"rotateG_05\"><\/div>\n\t\t\t\t<div class=\"blockG\" id=\"rotateG_06\"><\/div>\n\t\t\t\t<div class=\"blockG\" id=\"rotateG_07\"><\/div>\n\t\t\t\t<div class=\"blockG\" id=\"rotateG_08\"><\/div>\n\t\t\t<\/div>\n\t\t\t<div class=\"WooZone-cross-sell-loader-text\"><\/div>\n\t\t<\/div>\n\t<\/div>\n\n\t\t\n<\/div>\n<div style=\"clear:both;\"><\/div>\n","protected":false},"excerpt":{"rendered":"Sushi-Rundkornreis\nEin Must-Have f\u00fcr den Vorratsschrank eines jeden Sushi Liebhabers\nAuthetisch japanischer Reis","protected":false},"featured_media":7192,"comment_status":"open","ping_status":"closed","template":"","meta":[],"product_cat":[64,55],"product_tag":[],"_links":{"self":[{"href":"https:\/\/food-shop.org\/index.php?rest_route=\/wp\/v2\/product\/7191"}],"collection":[{"href":"https:\/\/food-shop.org\/index.php?rest_route=\/wp\/v2\/product"}],"about":[{"href":"https:\/\/food-shop.org\/index.php?rest_route=\/wp\/v2\/types\/product"}],"replies":[{"embeddable":true,"href":"https:\/\/food-shop.org\/index.php?rest_route=%2Fwp%2Fv2%2Fcomments&post=7191"}],"wp:featuredmedia":[{"embeddable":true,"href":"https:\/\/food-shop.org\/index.php?rest_route=\/wp\/v2\/media\/7192"}],"wp:attachment":[{"href":"https:\/\/food-shop.org\/index.php?rest_route=%2Fwp%2Fv2%2Fmedia&parent=7191"}],"wp:term":[{"taxonomy":"product_cat","embeddable":true,"href":"https:\/\/food-shop.org\/index.php?rest_route=%2Fwp%2Fv2%2Fproduct_cat&post=7191"},{"taxonomy":"product_tag","embeddable":true,"href":"https:\/\/food-shop.org\/index.php?rest_route=%2Fwp%2Fv2%2Fproduct_tag&post=7191"}],"curies":[{"name":"wp","href":"https:\/\/api.w.org\/{rel}","templated":true}]}}