{"id":7140,"date":"2020-08-31T13:40:37","date_gmt":"2020-08-31T13:40:37","guid":{"rendered":"https:\/\/food-shop.org\/?product=royal-tiger-reis-jasmin-1er-pack-1-x-18-kg"},"modified":"2023-04-10T17:56:52","modified_gmt":"2023-04-10T17:56:52","slug":"royal-tiger-reis-jasmin-1er-pack-1-x-18-kg","status":"publish","type":"product","link":"https:\/\/food-shop.org\/?product=royal-tiger-reis-jasmin-1er-pack-1-x-18-kg","title":{"rendered":"Royal Tiger Reis Jasmin, 1er Pack (1 x 18 kg)"},"content":{"rendered":"<p><!-- show up to 2 reviews by default --> <\/p>\n<h3>Produktbeschreibung<\/h3>\n<p>Jasminreis, auch Duftreis genannt, ist ber\u00fchmt f\u00fcr sein blumig-nussiges Aroma und k\u00f6stlichen Eigengeschmack. Der in Kambodscha nach traditioneller Art angebaute Reis in bester Qulit\u00e4t besticht durch ihr feines Jasminaroma und den milden Geschmack. Die K\u00f6rner zeichnen sich durch den bissfesten Kern und sch\u00f6ne L\u00e4nge aus. Der Royal Tiger Jasminreis harmoniert hervorragend mit allen w\u00fcrzig-herzhaften, aber auch mit s\u00fc\u00dfen Gerichten. <\/p>\n<h3>Inhaltsstoffe \/ Zutaten<\/h3>\n<p>Zutaten: Dufteis <\/p>\n<div data-a-expander-name=\"toggle_description\" class=\"a-row a-expander-container a-expander-extend-container\">\n<div class=\"a-expander-content a-expander-extend-content\">\n<h3>Gebrauchsanweisung<\/h3>\n<p>Eine Tasse Duftreis in den Reiskocher geben. 1 + 1\/3 Tassen Wasser hinzuf\u00fcgen. Den Reiskocher einschalten und warten, bis der Reis gar ist. Wenn der Reis gar ist, den Reis bei geschlossenem Deckel noch 15 bis 20 Minuten ruhen lassen. Servieren. Um weicheren Reis zu erhalten, mehr Wasser hinzuf\u00fcgen und den Reis l\u00e4ngere Zeit ruhen lassen. Beim Kochen einer gro\u00dfen Menge Reis, die Reis- und Wassermengen proportional erh\u00f6hen, jedoch ein bisschen weniger Wasser verwenden. <\/p>\n<h3>Anschrift Hersteller\/Importeur<\/h3>\n<p>P.O. Box 30202, 6370 KE, Landgraaf, Netherlands. <\/p>\n<\/p><\/div>\n<p> <a href=\"void(0)\" data-action=\"a-expander-toggle\" class=\"a-expander-header a-declarative a-expander-extend-header\" data-a-expander-toggle=\"{\"><i class=\"a-icon a-icon-extender-expand\"><\/i><span class=\"a-expander-prompt\">Weitere Informationen<\/span><\/a> <\/div>\n<p>Hochwertiger Langkornreis aus Kambodscha.<br \/>\nBlumig-nussiges Jasminaroma.<br \/>\nIdeal f\u00fcr Gerichte aller Art.<br \/>\nHerkunftsland:- Kambodscha<br \/>\n<div class=\"main-cross-sell\" data-asin=\"B00AK8JLE8\">\n\n\t<div class=\"WooZone-cross-sell-loader\">\n\t\t<div>\n\t\t\t<div id=\"floatingBarsG\">\n\t\t\t\t<div class=\"blockG\" id=\"rotateG_01\"><\/div>\n\t\t\t\t<div class=\"blockG\" id=\"rotateG_02\"><\/div>\n\t\t\t\t<div class=\"blockG\" id=\"rotateG_03\"><\/div>\n\t\t\t\t<div class=\"blockG\" id=\"rotateG_04\"><\/div>\n\t\t\t\t<div class=\"blockG\" id=\"rotateG_05\"><\/div>\n\t\t\t\t<div class=\"blockG\" id=\"rotateG_06\"><\/div>\n\t\t\t\t<div class=\"blockG\" id=\"rotateG_07\"><\/div>\n\t\t\t\t<div class=\"blockG\" id=\"rotateG_08\"><\/div>\n\t\t\t<\/div>\n\t\t\t<div class=\"WooZone-cross-sell-loader-text\"><\/div>\n\t\t<\/div>\n\t<\/div>\n\n\t\t\n<\/div>\n<div style=\"clear:both;\"><\/div>\n","protected":false},"excerpt":{"rendered":"Hochwertiger Langkornreis aus Kambodscha.\nBlumig-nussiges Jasminaroma.\nIdeal f\u00fcr Gerichte aller Art.","protected":false},"featured_media":7141,"comment_status":"open","ping_status":"closed","template":"","meta":[],"product_cat":[64,55],"product_tag":[],"_links":{"self":[{"href":"https:\/\/food-shop.org\/index.php?rest_route=\/wp\/v2\/product\/7140"}],"collection":[{"href":"https:\/\/food-shop.org\/index.php?rest_route=\/wp\/v2\/product"}],"about":[{"href":"https:\/\/food-shop.org\/index.php?rest_route=\/wp\/v2\/types\/product"}],"replies":[{"embeddable":true,"href":"https:\/\/food-shop.org\/index.php?rest_route=%2Fwp%2Fv2%2Fcomments&post=7140"}],"wp:featuredmedia":[{"embeddable":true,"href":"https:\/\/food-shop.org\/index.php?rest_route=\/wp\/v2\/media\/7141"}],"wp:attachment":[{"href":"https:\/\/food-shop.org\/index.php?rest_route=%2Fwp%2Fv2%2Fmedia&parent=7140"}],"wp:term":[{"taxonomy":"product_cat","embeddable":true,"href":"https:\/\/food-shop.org\/index.php?rest_route=%2Fwp%2Fv2%2Fproduct_cat&post=7140"},{"taxonomy":"product_tag","embeddable":true,"href":"https:\/\/food-shop.org\/index.php?rest_route=%2Fwp%2Fv2%2Fproduct_tag&post=7140"}],"curies":[{"name":"wp","href":"https:\/\/api.w.org\/{rel}","templated":true}]}}