{"id":7128,"date":"2020-08-31T13:40:32","date_gmt":"2020-08-31T13:40:32","guid":{"rendered":"https:\/\/food-shop.org\/?product=tilda-pure-original-basmati-rice-1er-pack-1x10kg"},"modified":"2023-04-10T17:56:52","modified_gmt":"2023-04-10T17:56:52","slug":"tilda-pure-original-basmati-rice-1er-pack-1x10kg","status":"publish","type":"product","link":"https:\/\/food-shop.org\/?product=tilda-pure-original-basmati-rice-1er-pack-1x10kg","title":{"rendered":"Tilda Pure Original Basmati Rice, 1er Pack (1x10kg)"},"content":{"rendered":"<p><!-- show up to 2 reviews by default --> <\/p>\n<h3>Produktbeschreibung<\/h3>\n<p>Nach Jahrzehnten des Handelns mit diesem Artikel haben wir viele Varianten von Basmati gesehen und verkostet. Heute, wo bedauerlicherweise ein Gro\u00dfteil des Basmati der weltweit als Massenware gehandelt wird, nicht mehr von \u00fcberzeugender Qualit\u00e4t ist, halten wir den Basmati von der Firma TILDA f\u00fcr den besten. Probieren Sie, und genie\u00dfen Sie das einmalige Aroma schon beim Kochen, und den wunderbaren Geschmack beim Essen. 2 Tassen Wasser mit etwas Salz aufkochen, 1 Tasse Basmati hineingeben und die Flamme sofort aus (Standard Kochplatte) oder ganz klein (Ceran) schalten. Wenn der Reis 20 Minuten gequollen hat, ist das Wasser aufgenommen &#8211; Fertig! In garem Zustand duftet er leicht nussig. <\/p>\n<h3>Inhaltsstoffe \/ Zutaten<\/h3>\n<p>Zutaten: Basmatireis. <\/p>\n<div data-a-expander-name=\"toggle_description\" class=\"a-row a-expander-container a-expander-extend-container\">\n<div class=\"a-expander-content a-expander-extend-content\">\n<h3>Gebrauchsanweisung<\/h3>\n<p>1. Pro Person 60g Basmati Reis in einem gro\u00dfen Topf kochendes Wasser geben. 2. 10-12 Minuten auf mittlerer Hitze kochen. 3. Wasser abgie\u00dfen gut abtropfen lassen, abdecken und 3 Minuten stehen lassen. Mit der Gabel leicht auflockern und servieren. <\/p>\n<h3>Rechtliche Hinweise<\/h3>\n<p>N\u00e4hrwertangaben je 100 g: Brennwert 1505 kJ\/355 kcal, Fett 1,5 g, davon ges\u00e4ttigte Fetts\u00e4uren 0,4 g, Kohlenhydrate 76,2 g, davon Zucker 0,5 g, Eiwei\u00df 9,0 g Salz k.A. <\/p>\n<h3>Anschrift Hersteller\/Importeur<\/h3>\n<p>Industriestra\u00dfe 40-42, 28876 Oyten, Germany <\/p>\n<\/p><\/div>\n<p> <a href=\"void(0)\" data-action=\"a-expander-toggle\" class=\"a-expander-header a-declarative a-expander-extend-header\" data-a-expander-toggle=\"{\"><i class=\"a-icon a-icon-extender-expand\"><\/i><span class=\"a-expander-prompt\">Weitere Informationen<\/span><\/a> <\/div>\n<p>&#x2714; PREMIUM QUALIT\u00c4T UND GESCHMACK PUR: 100% Basmatireis angebaut an den Ausl\u00e4ufern des Himalayagebirges im 10kg Pack mit PREISVORTEIL<br \/>\n&#x2714; WUNDERBARES BASMATI AROMA: Unser PURE Basmati Reis hat dank dem klaren Wasser des Himalayagebirges sein einzigartiges Aroma<br \/>\n&#x2714; LANGKORNREIS: Besonderer Qualit\u00e4tsreis mit langen K\u00f6rnern<br \/>\n&#x2714; GESCHMACK IST UNVERWECHSELBAR: Unser PURE Basmati Reis ist f\u00fcr seine zarte, lockere Struktur bekannt und zeichnet sich durch sein feiens Aroma aus. Er ist Perfekt f\u00fcr alle orientalischen Gerichte, von indischen Curry \u00fcber persische Tahdig bis hin als Beilage f\u00fcr Fisch-, Fleisch- und Gem\u00fcsegerichte und f\u00fcr Reispfannen<br \/>\n&#x2714; VIELE WEITERE SORTEN ENTDECKEN: All unsere Produkte werden von uns pers\u00f6nlich nach Geschmack, Aroma und Optik ausgew\u00e4hlt. Neben unseren PURE BASMATI Reis haben wir auch bereits vorgekochte, besondere Sorten wie Steamed Coconut &amp; Chili Basmati Rice, Pilau Basmati Rice, Sweet Chili &amp; Lime Rice, Roasted Vegetable steamed Wholegrain Basmati Rice, Lime &amp; Coriander Basmati Rice und Garden Vegetable &amp; Quinoa Basmati Rice im Angebot<br \/>\n&#x2714; LIEFERUMFANG: 1 x 10 kg Packung (Preisvorteil)<br \/>\n<div class=\"main-cross-sell\" data-asin=\"B0044WS7Z0\">\n\n\t<div class=\"WooZone-cross-sell-loader\">\n\t\t<div>\n\t\t\t<div id=\"floatingBarsG\">\n\t\t\t\t<div class=\"blockG\" id=\"rotateG_01\"><\/div>\n\t\t\t\t<div class=\"blockG\" id=\"rotateG_02\"><\/div>\n\t\t\t\t<div class=\"blockG\" id=\"rotateG_03\"><\/div>\n\t\t\t\t<div class=\"blockG\" id=\"rotateG_04\"><\/div>\n\t\t\t\t<div class=\"blockG\" id=\"rotateG_05\"><\/div>\n\t\t\t\t<div class=\"blockG\" id=\"rotateG_06\"><\/div>\n\t\t\t\t<div class=\"blockG\" id=\"rotateG_07\"><\/div>\n\t\t\t\t<div class=\"blockG\" id=\"rotateG_08\"><\/div>\n\t\t\t<\/div>\n\t\t\t<div class=\"WooZone-cross-sell-loader-text\"><\/div>\n\t\t<\/div>\n\t<\/div>\n\n\t\t\n<\/div>\n<div style=\"clear:both;\"><\/div>\n","protected":false},"excerpt":{"rendered":"&#x2714; PREMIUM QUALIT\u00c4T UND GESCHMACK PUR: 100% Basmatireis angebaut an den Ausl\u00e4ufern des Himalayagebirges im 10kg Pack mit PREISVORTEIL\n&#x2714; WUNDERBARES BASMATI AROMA: Unser PURE Basmati Reis hat dank dem klaren Wasser des Himalayagebirges sein einzigartiges Aroma\n&#x2714; LANGKORNREIS: Besonderer Qualit\u00e4tsreis mit langen K\u00f6rnern","protected":false},"featured_media":7129,"comment_status":"open","ping_status":"closed","template":"","meta":[],"product_cat":[64,55],"product_tag":[],"_links":{"self":[{"href":"https:\/\/food-shop.org\/index.php?rest_route=\/wp\/v2\/product\/7128"}],"collection":[{"href":"https:\/\/food-shop.org\/index.php?rest_route=\/wp\/v2\/product"}],"about":[{"href":"https:\/\/food-shop.org\/index.php?rest_route=\/wp\/v2\/types\/product"}],"replies":[{"embeddable":true,"href":"https:\/\/food-shop.org\/index.php?rest_route=%2Fwp%2Fv2%2Fcomments&post=7128"}],"wp:featuredmedia":[{"embeddable":true,"href":"https:\/\/food-shop.org\/index.php?rest_route=\/wp\/v2\/media\/7129"}],"wp:attachment":[{"href":"https:\/\/food-shop.org\/index.php?rest_route=%2Fwp%2Fv2%2Fmedia&parent=7128"}],"wp:term":[{"taxonomy":"product_cat","embeddable":true,"href":"https:\/\/food-shop.org\/index.php?rest_route=%2Fwp%2Fv2%2Fproduct_cat&post=7128"},{"taxonomy":"product_tag","embeddable":true,"href":"https:\/\/food-shop.org\/index.php?rest_route=%2Fwp%2Fv2%2Fproduct_tag&post=7128"}],"curies":[{"name":"wp","href":"https:\/\/api.w.org\/{rel}","templated":true}]}}