{"id":7124,"date":"2020-08-31T13:40:30","date_gmt":"2020-08-31T13:40:30","guid":{"rendered":"https:\/\/food-shop.org\/?product=uncle-bens-express-reis-mediterran-6-packungen-6-x-250g"},"modified":"2023-04-10T17:56:52","modified_gmt":"2023-04-10T17:56:52","slug":"uncle-bens-express-reis-mediterran-6-packungen-6-x-250g","status":"publish","type":"product","link":"https:\/\/food-shop.org\/?product=uncle-bens-express-reis-mediterran-6-packungen-6-x-250g","title":{"rendered":"Uncle Ben&#8217;s Express-Reis Mediterran, 6 Packungen (6 x 250g)"},"content":{"rendered":"<div class=\"disclaim\"> Geschmack:<strong>Mediterran<\/strong> <\/div>\n<p> <!-- show up to 2 reviews by default --> <\/p>\n<h3>Produktbeschreibung<\/h3>\n<p>Uncle Ben\u2019s glaubt an den Wert von gemeinsamen Mahlzeiten mit der Familie. Mit Uncle Ben&#8217;s Reis gelingen k\u00f6stliche, vollwertige Rezepte, die jederzeit genie\u00dfbar sind. Warum nicht auch einmal den Reis mit dem Lieblingsgem\u00fcse der Familie aufpeppen \u2013 oder einfach mit Karotten oder Chili verfeinern? Schonend dampfgegarter Spitzen-Langkornreis mit Tomaten und Kr\u00e4utern im 250 g-Beutel f\u00fcr 1 bis 2 Personen. Uncle Ben&#8217;s Express Reis kann im Frischebeutel, ohne weiteres Gef\u00e4\u00df, einfach und bequem in 2 Minuten in der Mikrowelle erhitzt werden. <\/p>\n<h3>Inhaltsstoffe \/ Zutaten<\/h3>\n<p>Zutaten: Dampfgegarter Spitzen-Langkorn-Reis (73%), Tomaten (9.9%), Tomatenmark (5.5%), Zitronensaft, Sonnenblumen\u00f6l, Tomatenpulver (1.5%), Kr\u00e4uter (1.2%) (Basilikum, Rosmarin, Oregano), nat\u00fcrliches Aroma (enth\u00e4lt SELLERIE), Knoblauch, Salz, Zucker, Hefeextrakt, Gew\u00fcrze, Farbstoff (Paprikaextrakt). <\/p>\n<div data-a-expander-name=\"toggle_description\" class=\"a-row a-expander-container a-expander-extend-container\">\n<div class=\"a-expander-content a-expander-extend-content\">\n<h3>Gebrauchsanweisung<\/h3>\n<\/p>\n<ul>\n<li>Gelingt immer&#8230; In der Mikrowelle (700W)&#8230; Um den Reis zu lockern, Beutel etwas kneten. Beutel 2 cm einreissen. 2 Minuten erhitzen &#8211; Fertig! Den Reis umr\u00fchren, f\u00fcr das perfekte Ergebnis.<\/li>\n<li>Im Topf\u2026 Um den Reis zu lockern, Beutel etwas kneten. 30 ml Wasser (ca. 2 EL) erhitzen. Reis hinzugeben, zudecken und 3 Min. k\u00f6cheln lassen. Den Reis umr\u00fchren, f\u00fcr das perfekte Ergebnis.<\/li>\n<\/ul>\n<h3>Anschrift Hersteller\/Importeur<\/h3>\n<p>Postfach 1280, 27281 Verden (Aller) <\/p>\n<\/p><\/div>\n<p> <a href=\"void(0)\" data-action=\"a-expander-toggle\" class=\"a-expander-header a-declarative a-expander-extend-header\" data-a-expander-toggle=\"{\"><i class=\"a-icon a-icon-extender-expand\"><\/i><span class=\"a-expander-prompt\">Weitere Informationen<\/span><\/a> <\/div>\n<p>Uncle Ben&#8217;s Qualit\u00e4t: Schonend dampfgegarter Spitzen-Langkornreis mit Tomaten und Kr\u00e4utern. Ohne k\u00fcnstliche Konservierungs-, Farb- und Aromastoffe<br \/>\nZubereitung: Uncle Ben&#8217;s Express Reis kann einfach und bequem in 2 Minuten in der Mikrowelle oder mit Wasser in 3 Minuten in der Pfanne erhitzt werden<br \/>\nJederzeit Genie\u00dfen: Uncle Ben\u2019s glaubt an den Wert von gemeinsamen Mahlzeiten mit der Familie &#8211; mit Uncle Ben&#8217;s Reis gelingen k\u00f6stliche, vollwertige Gerichte, die jederzeit genie\u00dfbar sind<br \/>\nExpressreis Entdecken: In vielen weiteren Sorten erh\u00e4ltlich &#8211; Ungew\u00fcrzte Reissorten wie Basmati oder Basmati &amp; Jasmin oder gew\u00fcrzte Reissorten wie Mediterran, Griechisch, Mexikanisch<br \/>\nLieferumfang: 6 x 250g Packung<br \/>\n<div class=\"main-cross-sell\" data-asin=\"B00JVTGZAU\">\n\n\t<div class=\"WooZone-cross-sell-loader\">\n\t\t<div>\n\t\t\t<div id=\"floatingBarsG\">\n\t\t\t\t<div class=\"blockG\" id=\"rotateG_01\"><\/div>\n\t\t\t\t<div class=\"blockG\" id=\"rotateG_02\"><\/div>\n\t\t\t\t<div class=\"blockG\" id=\"rotateG_03\"><\/div>\n\t\t\t\t<div class=\"blockG\" id=\"rotateG_04\"><\/div>\n\t\t\t\t<div class=\"blockG\" id=\"rotateG_05\"><\/div>\n\t\t\t\t<div class=\"blockG\" id=\"rotateG_06\"><\/div>\n\t\t\t\t<div class=\"blockG\" id=\"rotateG_07\"><\/div>\n\t\t\t\t<div class=\"blockG\" id=\"rotateG_08\"><\/div>\n\t\t\t<\/div>\n\t\t\t<div class=\"WooZone-cross-sell-loader-text\"><\/div>\n\t\t<\/div>\n\t<\/div>\n\n\t\t\n<\/div>\n<div style=\"clear:both;\"><\/div>\n","protected":false},"excerpt":{"rendered":"Uncle Ben's Qualit\u00e4t: Schonend dampfgegarter Spitzen-Langkornreis mit Tomaten und Kr\u00e4utern. Ohne k\u00fcnstliche Konservierungs-, Farb- und Aromastoffe\nZubereitung: Uncle Ben's Express Reis kann einfach und bequem in 2 Minuten in der Mikrowelle oder mit Wasser in 3 Minuten in der Pfanne erhitzt werden\nJederzeit Genie\u00dfen: Uncle Ben\u2019s glaubt an den Wert von gemeinsamen Mahlzeiten mit der Familie - mit Uncle Ben's Reis gelingen k\u00f6stliche, vollwertige Gerichte, die jederzeit genie\u00dfbar sind","protected":false},"featured_media":7125,"comment_status":"open","ping_status":"closed","template":"","meta":[],"product_cat":[64,55],"product_tag":[],"_links":{"self":[{"href":"https:\/\/food-shop.org\/index.php?rest_route=\/wp\/v2\/product\/7124"}],"collection":[{"href":"https:\/\/food-shop.org\/index.php?rest_route=\/wp\/v2\/product"}],"about":[{"href":"https:\/\/food-shop.org\/index.php?rest_route=\/wp\/v2\/types\/product"}],"replies":[{"embeddable":true,"href":"https:\/\/food-shop.org\/index.php?rest_route=%2Fwp%2Fv2%2Fcomments&post=7124"}],"wp:featuredmedia":[{"embeddable":true,"href":"https:\/\/food-shop.org\/index.php?rest_route=\/wp\/v2\/media\/7125"}],"wp:attachment":[{"href":"https:\/\/food-shop.org\/index.php?rest_route=%2Fwp%2Fv2%2Fmedia&parent=7124"}],"wp:term":[{"taxonomy":"product_cat","embeddable":true,"href":"https:\/\/food-shop.org\/index.php?rest_route=%2Fwp%2Fv2%2Fproduct_cat&post=7124"},{"taxonomy":"product_tag","embeddable":true,"href":"https:\/\/food-shop.org\/index.php?rest_route=%2Fwp%2Fv2%2Fproduct_tag&post=7124"}],"curies":[{"name":"wp","href":"https:\/\/api.w.org\/{rel}","templated":true}]}}