{"id":7120,"date":"2020-08-31T13:40:28","date_gmt":"2020-08-31T13:40:28","guid":{"rendered":"https:\/\/food-shop.org\/?product=oryza-milchreis-rundkorn-1-x-1000-g-packung"},"modified":"2023-04-10T17:56:52","modified_gmt":"2023-04-10T17:56:52","slug":"oryza-milchreis-rundkorn-1-x-1000-g-packung","status":"publish","type":"product","link":"https:\/\/food-shop.org\/?product=oryza-milchreis-rundkorn-1-x-1000-g-packung","title":{"rendered":"Oryza Milchreis Rundkorn (1 x 1000 g Packung)"},"content":{"rendered":"<div class=\"disclaim\"> Anzahl:<strong>1<\/strong> <\/div>\n<p> <!-- show up to 2 reviews by default --> <\/p>\n<h3>Produktbeschreibung<\/h3>\n<p>ORYZA Milchreis, 1.000g. Nichts bringt Erinnerungen an die Kindheit schneller zur\u00fcck als ein Topf mit Milchreis auf dem Herd. Mit Zucker und Zimt, Fr\u00fcchten oder einfach nur mit etwas Butter genie\u00dfen \u2013 ORYZA MILCHREIS schmeckt wie fr\u00fcher! <\/p>\n<h3>Inhaltsstoffe \/ Zutaten<\/h3>\n<p>Zutaten: Rundkorn Reis <\/p>\n<div data-a-expander-name=\"toggle_description\" class=\"a-row a-expander-container a-expander-extend-container\">\n<div class=\"a-expander-content a-expander-extend-content\">\n<h3>Gebrauchsanweisung<\/h3>\n<p>F\u00fcr 4 Portionen: Geben Sie einen Liter Milch mit einer Prise Salz in einem mind. 3 Liter fassenden Topf. Geben Sie 250g ORYZA Milchreis dazu, bringen Sie alles zum kochen und r\u00fchren Sie dabei gelegentlich um. Lassen Sie den Reis im geschlossenen Topf bei kleinster Hitze 20 Minuten sanft kochen. R\u00fchren Sie ihn nach der H\u00e4lfte der Garzeit einmal um. R\u00fchren Sie nach 20 Minuten noch einmal gut um, schalten Sie die Herdplatte aus und lassen Sie den Milchreis auf einer Resthitze 5-10 Minuten nachziehen. Fertig! <\/p>\n<h3>Warnhinweise<\/h3>\n<p>Nein <\/p>\n<\/p><\/div>\n<p> <a href=\"void(0)\" data-action=\"a-expander-toggle\" class=\"a-expander-header a-declarative a-expander-extend-header\" data-a-expander-toggle=\"{\"><i class=\"a-icon a-icon-extender-expand\"><\/i><span class=\"a-expander-prompt\">Weitere Informationen<\/span><\/a> <\/div>\n<p>Spitzenreis<br \/>\n<div class=\"main-cross-sell\" data-asin=\"B082VPTHYF\">\n\n\t<div class=\"WooZone-cross-sell-loader\">\n\t\t<div>\n\t\t\t<div id=\"floatingBarsG\">\n\t\t\t\t<div class=\"blockG\" id=\"rotateG_01\"><\/div>\n\t\t\t\t<div class=\"blockG\" id=\"rotateG_02\"><\/div>\n\t\t\t\t<div class=\"blockG\" id=\"rotateG_03\"><\/div>\n\t\t\t\t<div class=\"blockG\" id=\"rotateG_04\"><\/div>\n\t\t\t\t<div class=\"blockG\" id=\"rotateG_05\"><\/div>\n\t\t\t\t<div class=\"blockG\" id=\"rotateG_06\"><\/div>\n\t\t\t\t<div class=\"blockG\" id=\"rotateG_07\"><\/div>\n\t\t\t\t<div class=\"blockG\" id=\"rotateG_08\"><\/div>\n\t\t\t<\/div>\n\t\t\t<div class=\"WooZone-cross-sell-loader-text\"><\/div>\n\t\t<\/div>\n\t<\/div>\n\n\t\t\n<\/div>\n<div style=\"clear:both;\"><\/div>\n","protected":false},"excerpt":{"rendered":"Spitzenreis","protected":false},"featured_media":7121,"comment_status":"open","ping_status":"closed","template":"","meta":[],"product_cat":[64,55],"product_tag":[],"_links":{"self":[{"href":"https:\/\/food-shop.org\/index.php?rest_route=\/wp\/v2\/product\/7120"}],"collection":[{"href":"https:\/\/food-shop.org\/index.php?rest_route=\/wp\/v2\/product"}],"about":[{"href":"https:\/\/food-shop.org\/index.php?rest_route=\/wp\/v2\/types\/product"}],"replies":[{"embeddable":true,"href":"https:\/\/food-shop.org\/index.php?rest_route=%2Fwp%2Fv2%2Fcomments&post=7120"}],"wp:featuredmedia":[{"embeddable":true,"href":"https:\/\/food-shop.org\/index.php?rest_route=\/wp\/v2\/media\/7121"}],"wp:attachment":[{"href":"https:\/\/food-shop.org\/index.php?rest_route=%2Fwp%2Fv2%2Fmedia&parent=7120"}],"wp:term":[{"taxonomy":"product_cat","embeddable":true,"href":"https:\/\/food-shop.org\/index.php?rest_route=%2Fwp%2Fv2%2Fproduct_cat&post=7120"},{"taxonomy":"product_tag","embeddable":true,"href":"https:\/\/food-shop.org\/index.php?rest_route=%2Fwp%2Fv2%2Fproduct_tag&post=7120"}],"curies":[{"name":"wp","href":"https:\/\/api.w.org\/{rel}","templated":true}]}}