{"id":7112,"date":"2020-08-31T13:40:25","date_gmt":"2020-08-31T13:40:25","guid":{"rendered":"https:\/\/food-shop.org\/?product=oryza-natur-reis-1-kg"},"modified":"2023-04-10T17:56:52","modified_gmt":"2023-04-10T17:56:52","slug":"oryza-natur-reis-1-kg","status":"publish","type":"product","link":"https:\/\/food-shop.org\/?product=oryza-natur-reis-1-kg","title":{"rendered":"Oryza Natur Reis, 1 kg"},"content":{"rendered":"<div class=\"disclaim\"> Anzahl:<strong>1<\/strong> <\/div>\n<p> <!-- show up to 2 reviews by default --> <\/p>\n<h3>Produktbeschreibung<\/h3>\n<p>ORYZA Natur Reis, 1.000g. Das Geheimnis des ORYZA NATURREIS steckt in seiner Schale, die nicht abgeschliffen wurde. Die feine H\u00fclle wird Silberhaut genannt und hat es in sich. In dieser steckt die Energie dieses naturbelassenen Langkornreises. Pfannengerichte, Aufl\u00e4ufe, aber auch Vollwertkost und rustikale Rezepte lassen sich mit unserem Naturreis abrunden. <\/p>\n<h3>Inhaltsstoffe \/ Zutaten<\/h3>\n<p>Zutaten: Langkorn Vollkornreis <\/p>\n<div data-a-expander-name=\"toggle_description\" class=\"a-row a-expander-container a-expander-extend-container\">\n<div class=\"a-expander-content a-expander-extend-content\">\n<h3>Gebrauchsanweisung<\/h3>\n<p>F\u00fcr 4 Portionen: Bringen Sie in einem Topf mit 500ml Wasser mit knapp einem Teel\u00f6ffel Salz zum kochen. Geben Sie 250g ORYZA Natur Reis hinzu und r\u00fchren Sie einmal um. Lassen Sie den Reis im geschlossenen Topf bei kleinster Hitze 25-30 Minuten sanft kochen bis er Wasser aufgenommen hat. Lockern Sie den Reis im Topf kurz auf und lassen Sie ihn evtl. noch einige Minuten im geschlossenen Topf auf der ausgeschalteten Herdpalette stehen. <\/p>\n<h3>Warnhinweise<\/h3>\n<p>Nein <\/p>\n<\/p><\/div>\n<p> <a href=\"void(0)\" data-action=\"a-expander-toggle\" class=\"a-expander-header a-declarative a-expander-extend-header\" data-a-expander-toggle=\"{\"><i class=\"a-icon a-icon-extender-expand\"><\/i><span class=\"a-expander-prompt\">Weitere Informationen<\/span><\/a> <\/div>\n<p>Naturbelassener Spitzen-Langkorn-Reis, ungeschliffen, Vollkorn<br \/>\nORYZA-Produkte stammen immer aus den weltweit besten Provenienzen und sind von h\u00f6chster Qualit\u00e4t.<br \/>\nDas volle Korn, inklusive aller N\u00e4hrstoffe.<br \/>\nHerzhaftes Aroma<br \/>\nKochzeit: 25-30 Minuten<br \/>\n<div class=\"main-cross-sell\" data-asin=\"B07YQ8QLTS\">\n\n\t<div class=\"WooZone-cross-sell-loader\">\n\t\t<div>\n\t\t\t<div id=\"floatingBarsG\">\n\t\t\t\t<div class=\"blockG\" id=\"rotateG_01\"><\/div>\n\t\t\t\t<div class=\"blockG\" id=\"rotateG_02\"><\/div>\n\t\t\t\t<div class=\"blockG\" id=\"rotateG_03\"><\/div>\n\t\t\t\t<div class=\"blockG\" id=\"rotateG_04\"><\/div>\n\t\t\t\t<div class=\"blockG\" id=\"rotateG_05\"><\/div>\n\t\t\t\t<div class=\"blockG\" id=\"rotateG_06\"><\/div>\n\t\t\t\t<div class=\"blockG\" id=\"rotateG_07\"><\/div>\n\t\t\t\t<div class=\"blockG\" id=\"rotateG_08\"><\/div>\n\t\t\t<\/div>\n\t\t\t<div class=\"WooZone-cross-sell-loader-text\"><\/div>\n\t\t<\/div>\n\t<\/div>\n\n\t\t\n<\/div>\n<div style=\"clear:both;\"><\/div>\n","protected":false},"excerpt":{"rendered":"Naturbelassener Spitzen-Langkorn-Reis, ungeschliffen, Vollkorn\nORYZA-Produkte stammen immer aus den weltweit besten Provenienzen und sind von h\u00f6chster Qualit\u00e4t.\nDas volle Korn, inklusive aller N\u00e4hrstoffe.","protected":false},"featured_media":7113,"comment_status":"open","ping_status":"closed","template":"","meta":[],"product_cat":[64,55],"product_tag":[],"_links":{"self":[{"href":"https:\/\/food-shop.org\/index.php?rest_route=\/wp\/v2\/product\/7112"}],"collection":[{"href":"https:\/\/food-shop.org\/index.php?rest_route=\/wp\/v2\/product"}],"about":[{"href":"https:\/\/food-shop.org\/index.php?rest_route=\/wp\/v2\/types\/product"}],"replies":[{"embeddable":true,"href":"https:\/\/food-shop.org\/index.php?rest_route=%2Fwp%2Fv2%2Fcomments&post=7112"}],"wp:featuredmedia":[{"embeddable":true,"href":"https:\/\/food-shop.org\/index.php?rest_route=\/wp\/v2\/media\/7113"}],"wp:attachment":[{"href":"https:\/\/food-shop.org\/index.php?rest_route=%2Fwp%2Fv2%2Fmedia&parent=7112"}],"wp:term":[{"taxonomy":"product_cat","embeddable":true,"href":"https:\/\/food-shop.org\/index.php?rest_route=%2Fwp%2Fv2%2Fproduct_cat&post=7112"},{"taxonomy":"product_tag","embeddable":true,"href":"https:\/\/food-shop.org\/index.php?rest_route=%2Fwp%2Fv2%2Fproduct_tag&post=7112"}],"curies":[{"name":"wp","href":"https:\/\/api.w.org\/{rel}","templated":true}]}}