{"id":7080,"date":"2020-08-31T13:40:11","date_gmt":"2020-08-31T13:40:11","guid":{"rendered":"https:\/\/food-shop.org\/?product=oryza-10-minuten-reis-parboiled-1-x-1-kg"},"modified":"2023-04-10T17:56:51","modified_gmt":"2023-04-10T17:56:51","slug":"oryza-10-minuten-reis-parboiled-1-x-1-kg","status":"publish","type":"product","link":"https:\/\/food-shop.org\/?product=oryza-10-minuten-reis-parboiled-1-x-1-kg","title":{"rendered":"Oryza 10 Minuten Reis Parboiled (1 x 1 kg)"},"content":{"rendered":"<p><!-- show up to 2 reviews by default --> <\/p>\n<h3>Produktbeschreibung<\/h3>\n<p>ORYZA 10-MINUTEN-REIS \u2013 wenn es mal etwas schneller gehen soll! Dieser hochwertige Langkorn-Spitzenreis wurde besonders schonend durch ein spezielles Parboilingverfahren veredelt. So ist dieses Allround-Talent nicht nur in sehr kurzer Zeit fertig, sondern gelingt auch immer locker und k\u00f6rnig. <\/p>\n<h3>Inhaltsstoffe \/ Zutaten<\/h3>\n<p>Zutaten: Langkorn Parboiled Reis <\/p>\n<div data-a-expander-name=\"toggle_description\" class=\"a-row a-expander-container a-expander-extend-container\">\n<div class=\"a-expander-content a-expander-extend-content\">\n<h3>Gebrauchsanweisung<\/h3>\n<p>F\u00fcr 4 Portionen: Bringen Sie in einem Topf einen Liter Wasser mit knapp einem Teel\u00f6ffel Salz zum kochen. Geben Sie 250g ORYZA 10 Minuten Reis dazu und r\u00fchren einmal um. Lassen Sie den Reis im geschlossenen Topf bei kleiner Hitze 10 Minuten sanft kochen. Gie\u00dfen Sie den Reis durch ein Sieb ab und lassen Sie ihn gut abtropfen. Geben Sie den Reis zur\u00fcck in den Topf, stellen Sie ihn auf die noch hei\u00dfe Herdplatte. R\u00fchren Sie ihn einmal um und lassen Sie ihn kurz ausdampfen. <\/p>\n<h3>Warnhinweise<\/h3>\n<p>Nein <\/p>\n<h3>Rechtliche Hinweise<\/h3>\n<p>Inhaltsstoffe \/ techn. Angaben: Langkorn Parboiled Reis, Euryza GmbH, Eiffestra\u00dfe 585 l D-20537 Hamburg <\/p>\n<h3>Anschrift Hersteller\/Importeur<\/h3>\n<p>Eiffestrasse 585, 20537 Hamburg <\/p>\n<\/p><\/div>\n<p> <a href=\"void(0)\" data-action=\"a-expander-toggle\" class=\"a-expander-header a-declarative a-expander-extend-header\" data-a-expander-toggle=\"{\"><i class=\"a-icon a-icon-extender-expand\"><\/i><span class=\"a-expander-prompt\">Weitere Informationen<\/span><\/a> <\/div>\n<p>Spitzen-Langkorn-Reis, mit kurzer Kochzeit, parboiled, sorgf\u00e4ltig geschliffen und poliert<br \/>\nORYZA-Produkte stammen immer aus den weltweit besten Provenienzen und sind von h\u00f6chster Qualit\u00e4t.<br \/>\nWenn sie wenig Zeit haben, aber trotzdem keine Abstriche bei der Qualit\u00e4t machen wollen.<br \/>\nGelingt immer locker und k\u00f6rnig.<br \/>\nKochzeit: ca.10 Minuten<br \/>\n<div class=\"main-cross-sell\" data-asin=\"B01B1IITQQ\">\n\n\t<div class=\"WooZone-cross-sell-loader\">\n\t\t<div>\n\t\t\t<div id=\"floatingBarsG\">\n\t\t\t\t<div class=\"blockG\" id=\"rotateG_01\"><\/div>\n\t\t\t\t<div class=\"blockG\" id=\"rotateG_02\"><\/div>\n\t\t\t\t<div class=\"blockG\" id=\"rotateG_03\"><\/div>\n\t\t\t\t<div class=\"blockG\" id=\"rotateG_04\"><\/div>\n\t\t\t\t<div class=\"blockG\" id=\"rotateG_05\"><\/div>\n\t\t\t\t<div class=\"blockG\" id=\"rotateG_06\"><\/div>\n\t\t\t\t<div class=\"blockG\" id=\"rotateG_07\"><\/div>\n\t\t\t\t<div class=\"blockG\" id=\"rotateG_08\"><\/div>\n\t\t\t<\/div>\n\t\t\t<div class=\"WooZone-cross-sell-loader-text\"><\/div>\n\t\t<\/div>\n\t<\/div>\n\n\t\t\n<\/div>\n<div style=\"clear:both;\"><\/div>\n","protected":false},"excerpt":{"rendered":"Spitzen-Langkorn-Reis, mit kurzer Kochzeit, parboiled, sorgf\u00e4ltig geschliffen und poliert\nORYZA-Produkte stammen immer aus den weltweit besten Provenienzen und sind von h\u00f6chster Qualit\u00e4t.\nWenn sie wenig Zeit haben, aber trotzdem keine Abstriche bei der Qualit\u00e4t machen wollen.","protected":false},"featured_media":7081,"comment_status":"open","ping_status":"closed","template":"","meta":[],"product_cat":[64,55],"product_tag":[],"_links":{"self":[{"href":"https:\/\/food-shop.org\/index.php?rest_route=\/wp\/v2\/product\/7080"}],"collection":[{"href":"https:\/\/food-shop.org\/index.php?rest_route=\/wp\/v2\/product"}],"about":[{"href":"https:\/\/food-shop.org\/index.php?rest_route=\/wp\/v2\/types\/product"}],"replies":[{"embeddable":true,"href":"https:\/\/food-shop.org\/index.php?rest_route=%2Fwp%2Fv2%2Fcomments&post=7080"}],"wp:featuredmedia":[{"embeddable":true,"href":"https:\/\/food-shop.org\/index.php?rest_route=\/wp\/v2\/media\/7081"}],"wp:attachment":[{"href":"https:\/\/food-shop.org\/index.php?rest_route=%2Fwp%2Fv2%2Fmedia&parent=7080"}],"wp:term":[{"taxonomy":"product_cat","embeddable":true,"href":"https:\/\/food-shop.org\/index.php?rest_route=%2Fwp%2Fv2%2Fproduct_cat&post=7080"},{"taxonomy":"product_tag","embeddable":true,"href":"https:\/\/food-shop.org\/index.php?rest_route=%2Fwp%2Fv2%2Fproduct_tag&post=7080"}],"curies":[{"name":"wp","href":"https:\/\/api.w.org\/{rel}","templated":true}]}}