{"id":7060,"date":"2020-08-31T13:40:02","date_gmt":"2020-08-31T13:40:02","guid":{"rendered":"https:\/\/food-shop.org\/?product=oryza-patna-reis-1-x-500-g"},"modified":"2023-04-10T17:56:51","modified_gmt":"2023-04-10T17:56:51","slug":"oryza-patna-reis-1-x-500-g","status":"publish","type":"product","link":"https:\/\/food-shop.org\/?product=oryza-patna-reis-1-x-500-g","title":{"rendered":"Oryza Patna Reis (1 x 500 g)"},"content":{"rendered":"<div class=\"disclaim\"> Anzahl:<strong>1<\/strong> <\/div>\n<p> <!-- show up to 2 reviews by default --> <\/p>\n<h3>Produktbeschreibung<\/h3>\n<p>Der Klassiker f\u00fcr die moderne, kreative K\u00fcche. Fein in der Textur und angenehm neutral im Geschmack l\u00e4sst sich der ORYZA SPITZEN-LANGKORNREIS zu allen g\u00e4ngigen Reisgerichten verwenden. Er passt zu Fleisch-, Fisch- und Gefl\u00fcgelgerichten ebenso gut wie zu asiatischen Street-Food-Spezialit\u00e4ten.Erh\u00e4ltlich in 500 g, 1000g <\/p>\n<h3>Inhaltsstoffe \/ Zutaten<\/h3>\n<p>Zutaten: Spitzen Langkorn Wei\u00dfreis <\/p>\n<div data-a-expander-name=\"toggle_description\" class=\"a-row a-expander-container a-expander-extend-container\">\n<div class=\"a-expander-content a-expander-extend-content\">\n<h3>Gebrauchsanweisung<\/h3>\n<p>F\u00fcr 4 Portionen: Bringen Sie in einem Topf 500ml Wasser mit knapp einem halben Teel\u00f6ffel Salz zum kochen. Geben Sie 250gr. ORYZA Spitzen Langkorn Reis dazu und r\u00fchren Sie einmal um. Lassen Sie den Reis im geschlossenen Topf bei kleinster Hitze 14-16 Minuten sanft kochen. Der Reis hat nun das Wasser komplett aufgenommen. Lockern Sie den Reis im Topf auf und lassen Sie ihn nochmals kurz ausdampfen. <\/p>\n<h3>Warnhinweise<\/h3>\n<p>keine <\/p>\n<\/p><\/div>\n<p> <a href=\"void(0)\" data-action=\"a-expander-toggle\" class=\"a-expander-header a-declarative a-expander-extend-header\" data-a-expander-toggle=\"{\"><i class=\"a-icon a-icon-extender-expand\"><\/i><span class=\"a-expander-prompt\">Weitere Informationen<\/span><\/a> <\/div>\n<p>Ein langes, schmales Korn<br \/>\nNimmt Saucen gut auf<br \/>\nORYZA-Produkte stammen immer aus den weltweit besten Provinzen und sind von h\u00f6chster Qualit\u00e4t<br \/>\nNach dem Kochen ist der Reis leicht klebrig<br \/>\n<div class=\"main-cross-sell\" data-asin=\"B082VPYR7D\">\n\n\t<div class=\"WooZone-cross-sell-loader\">\n\t\t<div>\n\t\t\t<div id=\"floatingBarsG\">\n\t\t\t\t<div class=\"blockG\" id=\"rotateG_01\"><\/div>\n\t\t\t\t<div class=\"blockG\" id=\"rotateG_02\"><\/div>\n\t\t\t\t<div class=\"blockG\" id=\"rotateG_03\"><\/div>\n\t\t\t\t<div class=\"blockG\" id=\"rotateG_04\"><\/div>\n\t\t\t\t<div class=\"blockG\" id=\"rotateG_05\"><\/div>\n\t\t\t\t<div class=\"blockG\" id=\"rotateG_06\"><\/div>\n\t\t\t\t<div class=\"blockG\" id=\"rotateG_07\"><\/div>\n\t\t\t\t<div class=\"blockG\" id=\"rotateG_08\"><\/div>\n\t\t\t<\/div>\n\t\t\t<div class=\"WooZone-cross-sell-loader-text\"><\/div>\n\t\t<\/div>\n\t<\/div>\n\n\t\t\n<\/div>\n<div style=\"clear:both;\"><\/div>\n","protected":false},"excerpt":{"rendered":"Ein langes, schmales Korn\nNimmt Saucen gut auf\nORYZA-Produkte stammen immer aus den weltweit besten Provinzen und sind von h\u00f6chster Qualit\u00e4t","protected":false},"featured_media":7061,"comment_status":"open","ping_status":"closed","template":"","meta":[],"product_cat":[64,55],"product_tag":[],"_links":{"self":[{"href":"https:\/\/food-shop.org\/index.php?rest_route=\/wp\/v2\/product\/7060"}],"collection":[{"href":"https:\/\/food-shop.org\/index.php?rest_route=\/wp\/v2\/product"}],"about":[{"href":"https:\/\/food-shop.org\/index.php?rest_route=\/wp\/v2\/types\/product"}],"replies":[{"embeddable":true,"href":"https:\/\/food-shop.org\/index.php?rest_route=%2Fwp%2Fv2%2Fcomments&post=7060"}],"wp:featuredmedia":[{"embeddable":true,"href":"https:\/\/food-shop.org\/index.php?rest_route=\/wp\/v2\/media\/7061"}],"wp:attachment":[{"href":"https:\/\/food-shop.org\/index.php?rest_route=%2Fwp%2Fv2%2Fmedia&parent=7060"}],"wp:term":[{"taxonomy":"product_cat","embeddable":true,"href":"https:\/\/food-shop.org\/index.php?rest_route=%2Fwp%2Fv2%2Fproduct_cat&post=7060"},{"taxonomy":"product_tag","embeddable":true,"href":"https:\/\/food-shop.org\/index.php?rest_route=%2Fwp%2Fv2%2Fproduct_tag&post=7060"}],"curies":[{"name":"wp","href":"https:\/\/api.w.org\/{rel}","templated":true}]}}