{"id":7056,"date":"2020-08-31T13:40:01","date_gmt":"2020-08-31T13:40:01","guid":{"rendered":"https:\/\/food-shop.org\/?product=golden-phoenix-duftreis-1kg-12er-pack-12-x-1-kg"},"modified":"2023-04-10T17:56:51","modified_gmt":"2023-04-10T17:56:51","slug":"golden-phoenix-duftreis-1kg-12er-pack-12-x-1-kg","status":"publish","type":"product","link":"https:\/\/food-shop.org\/?product=golden-phoenix-duftreis-1kg-12er-pack-12-x-1-kg","title":{"rendered":"Golden Phoenix Duftreis 1kg, 12er Pack (12 x 1 kg)"},"content":{"rendered":"<p><!-- show up to 2 reviews by default --> <\/p>\n<h3>Produktbeschreibung<\/h3>\n<p>Jasmminreis ist ber\u00fchmt f\u00fcr sein blumig-nussiges Aroma und deswegen nicht nur in Asien sehr beliebt. Golden Phoenix Jasminreis ist auf den gr\u00fcnen Reisfeldern in Thailand beheimatet und ist von bester Qualit\u00e4t. Verwenden Sie den herrlch duftenden Jasminreis als Beilage zu jedem Gericht. Das einzigartige Aroma dieses Langkornreises von Golden Phoenix hat einen leckeren Eigengeschmack, der perfekt mit verschiedensten Saucen und Currys harmoniert. <\/p>\n<h3>Inhaltsstoffe \/ Zutaten<\/h3>\n<p>Zutaten: Duftreis <\/p>\n<div data-a-expander-name=\"toggle_description\" class=\"a-row a-expander-container a-expander-extend-container\">\n<div class=\"a-expander-content a-expander-extend-content\">\n<h3>Gebrauchsanweisung<\/h3>\n<p>Schaufeln Sie 3 Tassen Reis in das Reisbecken. Nur einmal aussp\u00fclen. Geben Sie 3 Tassen Wasser in das Reisbecken. Nachdem Sie das Reisbecken in den Reiskocher gestellt und den Herd eingeschaltet haben, heben Sie den Deckel nicht an und r\u00fchren Sie den Reis w\u00e4hrend der Garzeit nicht um, da der Duft sonst nachl\u00e4sst. Wenn Reis gekocht wird, mit einer Gabel flusen und hei\u00df und duftend servieren. <\/p>\n<h3>Anschrift Hersteller\/Importeur<\/h3>\n<p>P.O. Box 30202, 6370 KE, Landgraaf, Netherlands. <\/p>\n<\/p><\/div>\n<p> <a href=\"void(0)\" data-action=\"a-expander-toggle\" class=\"a-expander-header a-declarative a-expander-extend-header\" data-a-expander-toggle=\"{\"><i class=\"a-icon a-icon-extender-expand\"><\/i><span class=\"a-expander-prompt\">Weitere Informationen<\/span><\/a> <\/div>\n<p>Duftreis<br \/>\n1 kg<br \/>\n<div class=\"main-cross-sell\" data-asin=\"B00KA7UMRE\">\n\n\t<div class=\"WooZone-cross-sell-loader\">\n\t\t<div>\n\t\t\t<div id=\"floatingBarsG\">\n\t\t\t\t<div class=\"blockG\" id=\"rotateG_01\"><\/div>\n\t\t\t\t<div class=\"blockG\" id=\"rotateG_02\"><\/div>\n\t\t\t\t<div class=\"blockG\" id=\"rotateG_03\"><\/div>\n\t\t\t\t<div class=\"blockG\" id=\"rotateG_04\"><\/div>\n\t\t\t\t<div class=\"blockG\" id=\"rotateG_05\"><\/div>\n\t\t\t\t<div class=\"blockG\" id=\"rotateG_06\"><\/div>\n\t\t\t\t<div class=\"blockG\" id=\"rotateG_07\"><\/div>\n\t\t\t\t<div class=\"blockG\" id=\"rotateG_08\"><\/div>\n\t\t\t<\/div>\n\t\t\t<div class=\"WooZone-cross-sell-loader-text\"><\/div>\n\t\t<\/div>\n\t<\/div>\n\n\t\t\n<\/div>\n<div style=\"clear:both;\"><\/div>\n","protected":false},"excerpt":{"rendered":"Duftreis\n1 kg","protected":false},"featured_media":7057,"comment_status":"open","ping_status":"closed","template":"","meta":[],"product_cat":[64,55],"product_tag":[],"_links":{"self":[{"href":"https:\/\/food-shop.org\/index.php?rest_route=\/wp\/v2\/product\/7056"}],"collection":[{"href":"https:\/\/food-shop.org\/index.php?rest_route=\/wp\/v2\/product"}],"about":[{"href":"https:\/\/food-shop.org\/index.php?rest_route=\/wp\/v2\/types\/product"}],"replies":[{"embeddable":true,"href":"https:\/\/food-shop.org\/index.php?rest_route=%2Fwp%2Fv2%2Fcomments&post=7056"}],"wp:featuredmedia":[{"embeddable":true,"href":"https:\/\/food-shop.org\/index.php?rest_route=\/wp\/v2\/media\/7057"}],"wp:attachment":[{"href":"https:\/\/food-shop.org\/index.php?rest_route=%2Fwp%2Fv2%2Fmedia&parent=7056"}],"wp:term":[{"taxonomy":"product_cat","embeddable":true,"href":"https:\/\/food-shop.org\/index.php?rest_route=%2Fwp%2Fv2%2Fproduct_cat&post=7056"},{"taxonomy":"product_tag","embeddable":true,"href":"https:\/\/food-shop.org\/index.php?rest_route=%2Fwp%2Fv2%2Fproduct_tag&post=7056"}],"curies":[{"name":"wp","href":"https:\/\/api.w.org\/{rel}","templated":true}]}}