{"id":7040,"date":"2020-08-31T13:39:54","date_gmt":"2020-08-31T13:39:54","guid":{"rendered":"https:\/\/food-shop.org\/?product=oryza-himalaya-basmati-500-g"},"modified":"2023-04-10T17:56:51","modified_gmt":"2023-04-10T17:56:51","slug":"oryza-himalaya-basmati-500-g","status":"publish","type":"product","link":"https:\/\/food-shop.org\/?product=oryza-himalaya-basmati-500-g","title":{"rendered":"Oryza Himalaya Basmati, 500 g"},"content":{"rendered":"<p><!-- show up to 2 reviews by default --> <\/p>\n<h3>Inhaltsstoffe \/ Zutaten<\/h3>\n<p>Zutaten: Basmati Reis <\/p>\n<h3>Gebrauchsanweisung<\/h3>\n<p>F\u00fcr 4 Portionen: Bringen Sie in einem Topf einen Liter Wasser mit knapp einem Teel\u00f6ffel Salz zum kochen. Geben Sie 250g ORYZA Himalaya Basmati dazu und r\u00fchren einmal um. Lassen Sie den Reis im geschlossenen Topf bei kleiner Hitze 10-12 Minuten sanft kochen. Gie\u00dfen Sie den Reis durch ein Sieb ab und lassen Sie ihn gut abtropfen. Geben Sie den Reis zur\u00fcck in den Topf, stellen Sie ihn auf die noch hei\u00dfe Herdplatte und lassen Sie ihn im geschlossenen Topf ca. 3 Minuten ausdampfen. Kurz umr\u00fchren. <\/p>\n<div data-a-expander-name=\"toggle_description\" class=\"a-row a-expander-container a-expander-extend-container\">\n<div class=\"a-expander-content a-expander-extend-content\">\n<h3>Anschrift Hersteller\/Importeur<\/h3>\n<p>Eiffestrasse 585, 20537 Hamburg <\/p>\n<\/p><\/div>\n<p> <a href=\"void(0)\" data-action=\"a-expander-toggle\" class=\"a-expander-header a-declarative a-expander-extend-header\" data-a-expander-toggle=\"{\"><i class=\"a-icon a-icon-extender-expand\"><\/i><span class=\"a-expander-prompt\">Weitere Informationen<\/span><\/a> <\/div>\n<div class=\"main-cross-sell\" data-asin=\"B01D1QFKIG\">\n\n\t<div class=\"WooZone-cross-sell-loader\">\n\t\t<div>\n\t\t\t<div id=\"floatingBarsG\">\n\t\t\t\t<div class=\"blockG\" id=\"rotateG_01\"><\/div>\n\t\t\t\t<div class=\"blockG\" id=\"rotateG_02\"><\/div>\n\t\t\t\t<div class=\"blockG\" id=\"rotateG_03\"><\/div>\n\t\t\t\t<div class=\"blockG\" id=\"rotateG_04\"><\/div>\n\t\t\t\t<div class=\"blockG\" id=\"rotateG_05\"><\/div>\n\t\t\t\t<div class=\"blockG\" id=\"rotateG_06\"><\/div>\n\t\t\t\t<div class=\"blockG\" id=\"rotateG_07\"><\/div>\n\t\t\t\t<div class=\"blockG\" id=\"rotateG_08\"><\/div>\n\t\t\t<\/div>\n\t\t\t<div class=\"WooZone-cross-sell-loader-text\"><\/div>\n\t\t<\/div>\n\t<\/div>\n\n\t\t\n<\/div>\n<div style=\"clear:both;\"><\/div>\n","protected":false},"excerpt":{"rendered":"Inhaltsstoffe \/ Zutaten Zutaten: Basmati Reis Gebrauchsanweisung F\u00fcr 4 Portionen: Bringen Sie in einem Topf einen Liter Wasser mit knapp einem Teel\u00f6ffel Salz zum kochen. Geben Sie 250g ORYZA Himalaya Basmati dazu und r\u00fchren einmal um. Lassen Sie den Reis im geschlossenen Topf bei kleiner Hitze 10-12 Minuten sanft kochen. Gie\u00dfen Sie den Reis durch [...]","protected":false},"featured_media":7041,"comment_status":"open","ping_status":"closed","template":"","meta":[],"product_cat":[64,55],"product_tag":[],"_links":{"self":[{"href":"https:\/\/food-shop.org\/index.php?rest_route=\/wp\/v2\/product\/7040"}],"collection":[{"href":"https:\/\/food-shop.org\/index.php?rest_route=\/wp\/v2\/product"}],"about":[{"href":"https:\/\/food-shop.org\/index.php?rest_route=\/wp\/v2\/types\/product"}],"replies":[{"embeddable":true,"href":"https:\/\/food-shop.org\/index.php?rest_route=%2Fwp%2Fv2%2Fcomments&post=7040"}],"wp:featuredmedia":[{"embeddable":true,"href":"https:\/\/food-shop.org\/index.php?rest_route=\/wp\/v2\/media\/7041"}],"wp:attachment":[{"href":"https:\/\/food-shop.org\/index.php?rest_route=%2Fwp%2Fv2%2Fmedia&parent=7040"}],"wp:term":[{"taxonomy":"product_cat","embeddable":true,"href":"https:\/\/food-shop.org\/index.php?rest_route=%2Fwp%2Fv2%2Fproduct_cat&post=7040"},{"taxonomy":"product_tag","embeddable":true,"href":"https:\/\/food-shop.org\/index.php?rest_route=%2Fwp%2Fv2%2Fproduct_tag&post=7040"}],"curies":[{"name":"wp","href":"https:\/\/api.w.org\/{rel}","templated":true}]}}