{"id":7037,"date":"2020-08-31T13:39:52","date_gmt":"2020-08-31T13:39:52","guid":{"rendered":"https:\/\/food-shop.org\/?product=uncle-bens-express-reis-naturreis-6-packungen-6-x-220g"},"modified":"2023-04-10T17:56:51","modified_gmt":"2023-04-10T17:56:51","slug":"uncle-bens-express-reis-naturreis-6-packungen-6-x-220g","status":"publish","type":"product","link":"https:\/\/food-shop.org\/?product=uncle-bens-express-reis-naturreis-6-packungen-6-x-220g","title":{"rendered":"Ben&#8217;s Original Express-Reis Naturreis, 6 Packungen (6 x 220g)"},"content":{"rendered":"<div class=\"disclaim\"> Geschmack:<strong>Naturreis<\/strong> <\/div>\n<p> <!-- show up to 2 reviews by default --> <\/p>\n<h3>Produktbeschreibung<\/h3>\n<p>Uncle Ben\u2019s glaubt an den Wert von gemeinsamen Mahlzeiten mit der Familie. Mit Uncle Ben&#8217;s Reis gelingen k\u00f6stliche, vollwertige Rezepte, die jederzeit genie\u00dfbar sind. Warum nicht auch einmal den Reis mit dem Lieblingsgem\u00fcse der Familie aufpeppen \u2013 oder einfach mit Karotten oder Chili verfeinern? F\u00fcr Uncle Ben&#8217;s Natur-Reis werden nur nur die besten Zutaten verwendet. In der Mikrowelle in nur 2 Minuten fertig. Die Zubereitung in der Pfanne oder im Wok dauert auch nur 3 Minuten. Den Express Reis einfach ohne Vorkochen in ein schnelles Gericht integrieren. <\/p>\n<h3>Inhaltsstoffe \/ Zutaten<\/h3>\n<p>Zutaten: dampfgegarter parboiled Natur-Reis (98%), Sonnenblumen\u00f6l. <\/p>\n<div data-a-expander-name=\"toggle_description\" class=\"a-row a-expander-container a-expander-extend-container\">\n<div class=\"a-expander-content a-expander-extend-content\">\n<h3>Gebrauchsanweisung<\/h3>\n<\/p>\n<ul>\n<li>Gelingt immer&#8230; In der Mikrowelle (700W)&#8230; Um den Reis zu lockern, Beutel etwas kneten. Beutel 2 cm einreissen. 2 Minuten erhitzen &#8211; Fertig! Den Reis umr\u00fchren, f\u00fcr das perfekte Ergebnis.<\/li>\n<li>Im Topf\u2026 Um den Reis zu lockern, Beutel etwas kneten. 30 ml Wasser (ca. 2 EL) erhitzen. Reis hinzugeben, zudecken und 3 Min. k\u00f6cheln lassen. Den Reis umr\u00fchren, f\u00fcr das perfekte Ergebnis.<\/li>\n<\/ul>\n<h3>Anschrift Hersteller\/Importeur<\/h3>\n<p>Postfach 1280, 27281 Verden (Aller) <\/p>\n<\/p><\/div>\n<p> <a href=\"void(0)\" data-action=\"a-expander-toggle\" class=\"a-expander-header a-declarative a-expander-extend-header\" data-a-expander-toggle=\"{\"><i class=\"a-icon a-icon-extender-expand\"><\/i><span class=\"a-expander-prompt\">Weitere Informationen<\/span><\/a> <\/div>\n<p>Uncle Ben&#8217;s Qualit\u00e4t: 100% Vollkorn Naturreis &#8211; ausgewogen und mit wertvollen Ballaststoffen und Vitaminen<br \/>\nZubereitung: Uncle Ben&#8217;s Express Reis kann einfach und bequem in 2 Minuten in der Mikrowelle oder mit Wasser in 3 Minuten in der Pfanne erhitzt werden<br \/>\nJederzeit Genie\u00dfen: Uncle Ben\u2019s glaubt an den Wert von gemeinsamen Mahlzeiten mit der Familie &#8211; mit Uncle Ben&#8217;s Reis gelingen k\u00f6stliche, vollwertige Gerichte, die jederzeit genie\u00dfbar sind<br \/>\nExpressreis Entdecken: In vielen weiteren Sorten erh\u00e4ltlich &#8211; Ungew\u00fcrzte Reissorten wie Basmati oder Basmati &amp; Jasmin oder gew\u00fcrzte Reissorten wie Mediterran, Griechisch, Mexikanisch<br \/>\nLieferumfang: 6 x 220g Packung<br \/>\n<div class=\"main-cross-sell\" data-asin=\"B07Q2FVL4X\">\n\n\t<div class=\"WooZone-cross-sell-loader\">\n\t\t<div>\n\t\t\t<div id=\"floatingBarsG\">\n\t\t\t\t<div class=\"blockG\" id=\"rotateG_01\"><\/div>\n\t\t\t\t<div class=\"blockG\" id=\"rotateG_02\"><\/div>\n\t\t\t\t<div class=\"blockG\" id=\"rotateG_03\"><\/div>\n\t\t\t\t<div class=\"blockG\" id=\"rotateG_04\"><\/div>\n\t\t\t\t<div class=\"blockG\" id=\"rotateG_05\"><\/div>\n\t\t\t\t<div class=\"blockG\" id=\"rotateG_06\"><\/div>\n\t\t\t\t<div class=\"blockG\" id=\"rotateG_07\"><\/div>\n\t\t\t\t<div class=\"blockG\" id=\"rotateG_08\"><\/div>\n\t\t\t<\/div>\n\t\t\t<div class=\"WooZone-cross-sell-loader-text\"><\/div>\n\t\t<\/div>\n\t<\/div>\n\n\t\t\n<\/div>\n<div style=\"clear:both;\"><\/div>\n","protected":false},"excerpt":{"rendered":"Uncle Ben's Qualit\u00e4t: 100% Vollkorn Naturreis - ausgewogen und mit wertvollen Ballaststoffen und Vitaminen\nZubereitung: Uncle Ben's Express Reis kann einfach und bequem in 2 Minuten in der Mikrowelle oder mit Wasser in 3 Minuten in der Pfanne erhitzt werden\nJederzeit Genie\u00dfen: Uncle Ben\u2019s glaubt an den Wert von gemeinsamen Mahlzeiten mit der Familie - mit Uncle Ben's Reis gelingen k\u00f6stliche, vollwertige Gerichte, die jederzeit genie\u00dfbar sind","protected":false},"featured_media":7038,"comment_status":"open","ping_status":"closed","template":"","meta":[],"product_cat":[64,55],"product_tag":[],"_links":{"self":[{"href":"https:\/\/food-shop.org\/index.php?rest_route=\/wp\/v2\/product\/7037"}],"collection":[{"href":"https:\/\/food-shop.org\/index.php?rest_route=\/wp\/v2\/product"}],"about":[{"href":"https:\/\/food-shop.org\/index.php?rest_route=\/wp\/v2\/types\/product"}],"replies":[{"embeddable":true,"href":"https:\/\/food-shop.org\/index.php?rest_route=%2Fwp%2Fv2%2Fcomments&post=7037"}],"wp:featuredmedia":[{"embeddable":true,"href":"https:\/\/food-shop.org\/index.php?rest_route=\/wp\/v2\/media\/7038"}],"wp:attachment":[{"href":"https:\/\/food-shop.org\/index.php?rest_route=%2Fwp%2Fv2%2Fmedia&parent=7037"}],"wp:term":[{"taxonomy":"product_cat","embeddable":true,"href":"https:\/\/food-shop.org\/index.php?rest_route=%2Fwp%2Fv2%2Fproduct_cat&post=7037"},{"taxonomy":"product_tag","embeddable":true,"href":"https:\/\/food-shop.org\/index.php?rest_route=%2Fwp%2Fv2%2Fproduct_tag&post=7037"}],"curies":[{"name":"wp","href":"https:\/\/api.w.org\/{rel}","templated":true}]}}