{"id":7033,"date":"2020-08-31T13:39:51","date_gmt":"2020-08-31T13:39:51","guid":{"rendered":"https:\/\/food-shop.org\/?product=yume-nishiki-jfc-rice-short-grain-1-kg"},"modified":"2023-04-10T17:56:51","modified_gmt":"2023-04-10T17:56:51","slug":"yume-nishiki-jfc-rice-short-grain-1-kg","status":"publish","type":"product","link":"https:\/\/food-shop.org\/?product=yume-nishiki-jfc-rice-short-grain-1-kg","title":{"rendered":"Yume Nishiki Jfc Rice Short Grain, 1 kg"},"content":{"rendered":"<p><!-- show up to 2 reviews by default --> <\/p>\n<h3>Produktbeschreibung<\/h3>\n<p>Reis &#8222;Yumenishiki! ist ein neuer Typ Reis der japanischen Sorte &#8222;Koshihikari&#8220;, mit Sorgfalt angebaut auf italienischem Boden durch ausgew\u00e4hlte Landwirte. Unter Aufsicht japanischer Reis-Experten wird dieser gro\u00dfe,rundk\u00f6rnige und geschmacksvolle Reis in erstklassiger Qualit\u00e4t nach japanischem Vorbild im Nassreisanbau hergestellt. Unser Yumenishiki hat einen reichhaltigen nat\u00fcrlichen s\u00fc\u00dfen Geschmack und Aroma und ist super Premium Rundkornreis mit Glanz und Viskosit\u00e4t. Yumenishiki ist ideal f\u00fcr Sushi und auch asiatischen Gerichte. <\/p>\n<h3>Inhaltsstoffe \/ Zutaten<\/h3>\n<p>Reis 100% <\/p>\n<div data-a-expander-name=\"toggle_description\" class=\"a-row a-expander-container a-expander-extend-container\">\n<div class=\"a-expander-content a-expander-extend-content\">\n<h3>Gebrauchsanweisung<\/h3>\n<p>In einem mittelgro\u00dfen Topf 1 Tasse YumeNishiki Reis und 1.5Tasse Wasser mischen und leicht zum Kochen bringen. Hitze reduzieren und mit Deckel ca.20 Minuten kochen lassen bis alle Fl\u00fcssigkeit verkocht ist. Den Topf von der Herdplatte nehmen und abgedeckt 10 Minuten stehen lassen. Ergibt ca. 2.5 Tassen gekochten Reis. Achtung: Benutzen Sie einen elektrischen REiskocher, dann geben Sie 1 Tasse Yumenishiki Reis und 1.5Tassen Wasser in den Reiskocher und verfahren weiter nach der Gebrauchsanweisung des Reiskochers. <\/p>\n<h3>Warnhinweise<\/h3>\n<p>Nicht dem direkten Sonnenlicht aussetzen. <\/p>\n<h3>Anschrift Hersteller\/Importeur<\/h3>\n<p>JFC Deutschland GmbH Theodorstra\u00dfe 293 40472 D\u00fcsseldorf <\/p>\n<\/p><\/div>\n<p> <a href=\"void(0)\" data-action=\"a-expander-toggle\" class=\"a-expander-header a-declarative a-expander-extend-header\" data-a-expander-toggle=\"{\"><i class=\"a-icon a-icon-extender-expand\"><\/i><span class=\"a-expander-prompt\">Weitere Informationen<\/span><\/a> <\/div>\n<p>Reichhaltiger nat\u00fcrlicher s\u00fc\u00dfer Geschmack und Aroma, Super Premium Rundkornreis mit Glanz und Viskosit\u00e4t<br \/>\nIdeal f\u00fcr Sushi und asiatische Gerichte.<br \/>\nYume Nishiki Braunreis 1kg. neuer Typ Reis der japanischen Sorte &#8222;Koshihikari&#8220;, mit Sorgfalt angebaut auf italienischem Boden durch ausgew\u00e4hlte Landwirte.<br \/>\n<div class=\"main-cross-sell\" data-asin=\"B00PWHZ6BE\">\n\n\t<div class=\"WooZone-cross-sell-loader\">\n\t\t<div>\n\t\t\t<div id=\"floatingBarsG\">\n\t\t\t\t<div class=\"blockG\" id=\"rotateG_01\"><\/div>\n\t\t\t\t<div class=\"blockG\" id=\"rotateG_02\"><\/div>\n\t\t\t\t<div class=\"blockG\" id=\"rotateG_03\"><\/div>\n\t\t\t\t<div class=\"blockG\" id=\"rotateG_04\"><\/div>\n\t\t\t\t<div class=\"blockG\" id=\"rotateG_05\"><\/div>\n\t\t\t\t<div class=\"blockG\" id=\"rotateG_06\"><\/div>\n\t\t\t\t<div class=\"blockG\" id=\"rotateG_07\"><\/div>\n\t\t\t\t<div class=\"blockG\" id=\"rotateG_08\"><\/div>\n\t\t\t<\/div>\n\t\t\t<div class=\"WooZone-cross-sell-loader-text\"><\/div>\n\t\t<\/div>\n\t<\/div>\n\n\t\t\n<\/div>\n<div style=\"clear:both;\"><\/div>\n","protected":false},"excerpt":{"rendered":"Reichhaltiger nat\u00fcrlicher s\u00fc\u00dfer Geschmack und Aroma, Super Premium Rundkornreis mit Glanz und Viskosit\u00e4t\nIdeal f\u00fcr Sushi und asiatische Gerichte.\nYume Nishiki Braunreis 1kg. neuer Typ Reis der japanischen Sorte \"Koshihikari\", mit Sorgfalt angebaut auf italienischem Boden durch ausgew\u00e4hlte Landwirte.","protected":false},"featured_media":7034,"comment_status":"open","ping_status":"closed","template":"","meta":[],"product_cat":[64,55],"product_tag":[],"_links":{"self":[{"href":"https:\/\/food-shop.org\/index.php?rest_route=\/wp\/v2\/product\/7033"}],"collection":[{"href":"https:\/\/food-shop.org\/index.php?rest_route=\/wp\/v2\/product"}],"about":[{"href":"https:\/\/food-shop.org\/index.php?rest_route=\/wp\/v2\/types\/product"}],"replies":[{"embeddable":true,"href":"https:\/\/food-shop.org\/index.php?rest_route=%2Fwp%2Fv2%2Fcomments&post=7033"}],"wp:featuredmedia":[{"embeddable":true,"href":"https:\/\/food-shop.org\/index.php?rest_route=\/wp\/v2\/media\/7034"}],"wp:attachment":[{"href":"https:\/\/food-shop.org\/index.php?rest_route=%2Fwp%2Fv2%2Fmedia&parent=7033"}],"wp:term":[{"taxonomy":"product_cat","embeddable":true,"href":"https:\/\/food-shop.org\/index.php?rest_route=%2Fwp%2Fv2%2Fproduct_cat&post=7033"},{"taxonomy":"product_tag","embeddable":true,"href":"https:\/\/food-shop.org\/index.php?rest_route=%2Fwp%2Fv2%2Fproduct_tag&post=7033"}],"curies":[{"name":"wp","href":"https:\/\/api.w.org\/{rel}","templated":true}]}}