{"id":6949,"date":"2020-08-31T13:36:28","date_gmt":"2020-08-31T13:36:28","guid":{"rendered":"https:\/\/food-shop.org\/?product=kajnok-spaghetti-slim-10er-box"},"modified":"2023-04-10T17:54:23","modified_gmt":"2023-04-10T17:54:23","slug":"kajnok-spaghetti-slim-10er-box","status":"publish","type":"product","link":"https:\/\/food-shop.org\/?product=kajnok-spaghetti-slim-10er-box","title":{"rendered":"kajnok Spaghetti Slim, 10er Box"},"content":{"rendered":"<p><!-- show up to 2 reviews by default --> <\/p>\n<h3>Produktbeschreibungen<\/h3>\n<p>Pasta-Genuss ohne Reue &#8211; das w\u00fcnscht sich jeder Nudelliebhaber, und mit Kajnok wird dieser Traum wahr. Mit nur 0,2 % Fett, ohne Zucker und ganz ohne Kohlenhydrate sind unsere low carb Spaghetti eine perfekte Alternative zu herk\u00f6mmlicher Pasta. Durch zahlreiche Reisen nach Asien, Forschung &amp; Entwicklung und viele Qualit\u00e4tstests ist es uns gelungen, die perfekten kajnok Konjak Nudeln zu entwickeln.<\/p>\n<p>Keine Kohlenhydrate, gerade mal 0,2 % Fett, keinen Zucker und nur 8 Kalorien pro 100 Gramm &#8211; das sind nur einige der Eigenschaften, die unsere low carb Spaghetti so besonders machen. Unsere Nudeln ohne Kohlenhydrate halten sehr lange satt, sind vegan, geruchsneutral, gluten- und laktosefrei. Ein Mekka f\u00fcr alle, die gesund abnehmen wollen, sich low carb ern\u00e4hren oder eine Intoleranz haben. Sogar Diabetiker k\u00f6nnen unsere Pasta ohne Kohlenhydrate unbesorgt essen.<\/p>\n<p>Was das Geheimnis ist? Unsere low carb Spaghetti enthalten das Mehl der Konjakwurzel, das in Asien schon lange als wichtiger Bestandteil von leichten Lebensmitteln gilt. <\/p>\n<h3>Inhaltsstoffe \/ Zutaten<\/h3>\n<p>Wasser, Konjakmehl, Stabilisator: Calciumhydroxid <\/p>\n<div data-a-expander-name=\"toggle_description\" class=\"a-row a-expander-container a-expander-extend-container\">\n<div class=\"a-expander-content a-expander-extend-content\">\n<h3>Gebrauchsanweisung<\/h3>\n<p>K\u00fchl und trocken lagern, nicht einfrieren. Nach dem \u00d6ffnen in Wasser aufbewahrt max. 2 Tage haltbar. <\/p>\n<h3>Anschrift Hersteller\/Importeur<\/h3>\n<p>DUO-Trade GmbH, Hamburg <\/p>\n<\/p><\/div>\n<p> <a href=\"void(0)\" data-action=\"a-expander-toggle\" class=\"a-expander-header a-declarative a-expander-extend-header\" data-a-expander-toggle=\"{\"><i class=\"a-icon a-icon-extender-expand\"><\/i><span class=\"a-expander-prompt\">Weitere Informationen<\/span><\/a> <\/div>\n<p>Nudeln schlemmen und dabei abnehmen? Klingt unglaublich &#8211; aber kajnok macht es m\u00f6glich. Die Nudel-Alternative hat keine Kohlenhydrate, kein Fett und keinen Zucker, keine Gluten und nur 8 Kalorien pro 100 g.<br \/>\nkajnok no Carb-Pasta ist verzehrfertig, muss nur erhitzt werden und bleibt dennoch auch bei langem Kochen bissfest. Vegan, laktosefrei und auch f\u00fcr Diabetiker geeignet.<br \/>\n<div class=\"main-cross-sell\" data-asin=\"B01DZQFS5C\">\n\n\t<div class=\"WooZone-cross-sell-loader\">\n\t\t<div>\n\t\t\t<div id=\"floatingBarsG\">\n\t\t\t\t<div class=\"blockG\" id=\"rotateG_01\"><\/div>\n\t\t\t\t<div class=\"blockG\" id=\"rotateG_02\"><\/div>\n\t\t\t\t<div class=\"blockG\" id=\"rotateG_03\"><\/div>\n\t\t\t\t<div class=\"blockG\" id=\"rotateG_04\"><\/div>\n\t\t\t\t<div class=\"blockG\" id=\"rotateG_05\"><\/div>\n\t\t\t\t<div class=\"blockG\" id=\"rotateG_06\"><\/div>\n\t\t\t\t<div class=\"blockG\" id=\"rotateG_07\"><\/div>\n\t\t\t\t<div class=\"blockG\" id=\"rotateG_08\"><\/div>\n\t\t\t<\/div>\n\t\t\t<div class=\"WooZone-cross-sell-loader-text\"><\/div>\n\t\t<\/div>\n\t<\/div>\n\n\t\t\n<\/div>\n<div style=\"clear:both;\"><\/div>\n","protected":false},"excerpt":{"rendered":"Nudeln schlemmen und dabei abnehmen? Klingt unglaublich - aber kajnok macht es m\u00f6glich. Die Nudel-Alternative hat keine Kohlenhydrate, kein Fett und keinen Zucker, keine Gluten und nur 8 Kalorien pro 100 g.\nkajnok no Carb-Pasta ist verzehrfertig, muss nur erhitzt werden und bleibt dennoch auch bei langem Kochen bissfest. Vegan, laktosefrei und auch f\u00fcr Diabetiker geeignet.","protected":false},"featured_media":6950,"comment_status":"open","ping_status":"closed","template":"","meta":[],"product_cat":[64,55],"product_tag":[],"_links":{"self":[{"href":"https:\/\/food-shop.org\/index.php?rest_route=\/wp\/v2\/product\/6949"}],"collection":[{"href":"https:\/\/food-shop.org\/index.php?rest_route=\/wp\/v2\/product"}],"about":[{"href":"https:\/\/food-shop.org\/index.php?rest_route=\/wp\/v2\/types\/product"}],"replies":[{"embeddable":true,"href":"https:\/\/food-shop.org\/index.php?rest_route=%2Fwp%2Fv2%2Fcomments&post=6949"}],"wp:featuredmedia":[{"embeddable":true,"href":"https:\/\/food-shop.org\/index.php?rest_route=\/wp\/v2\/media\/6950"}],"wp:attachment":[{"href":"https:\/\/food-shop.org\/index.php?rest_route=%2Fwp%2Fv2%2Fmedia&parent=6949"}],"wp:term":[{"taxonomy":"product_cat","embeddable":true,"href":"https:\/\/food-shop.org\/index.php?rest_route=%2Fwp%2Fv2%2Fproduct_cat&post=6949"},{"taxonomy":"product_tag","embeddable":true,"href":"https:\/\/food-shop.org\/index.php?rest_route=%2Fwp%2Fv2%2Fproduct_tag&post=6949"}],"curies":[{"name":"wp","href":"https:\/\/api.w.org\/{rel}","templated":true}]}}