{"id":6915,"date":"2020-08-31T13:36:13","date_gmt":"2020-08-31T13:36:13","guid":{"rendered":"https:\/\/food-shop.org\/?product=barilla-pasta-farfalle-n-65-5kg"},"modified":"2023-04-10T17:54:22","modified_gmt":"2023-04-10T17:54:22","slug":"barilla-pasta-farfalle-n-65-5kg","status":"publish","type":"product","link":"https:\/\/food-shop.org\/?product=barilla-pasta-farfalle-n-65-5kg","title":{"rendered":"Barilla Pasta Farfalle n. 65, 5kg"},"content":{"rendered":"<p><!-- show up to 2 reviews by default --> <\/p>\n<h3>Produktbeschreibung<\/h3>\n<p>Ihrer originellen Form verdankt diese Pastasorte ihre Beliebtheit unter Feinschmeckern und Chefk\u00f6chen, die Farfalle sowohl zu den ungew\u00f6hnlichsten kulinarischen Einf\u00e4llen, als auch zu traditionellen Rezepten verwenden. Um Ihre G\u00e4ste zu verbl\u00fcffen, empfiehlt Barilla Farfalle in rosa Sauce, einer delikaten Zubereitung aus B\u00e9chamelsauce, Tomatensauce und Butter. <\/p>\n<h3>Inhaltsstoffe \/ Zutaten<\/h3>\n<p>Zutaten: HARTWEIZENGRIESS, Wasser. KANN SPUREN VON EIERN ENTHALTEN, WENN DAS PRODUKT IN DEM MIT DEM BUCHSTABEN (A) GEKENNZEICHNETEN WERK HERGESTELLT WURDE. <\/p>\n<div data-a-expander-name=\"toggle_description\" class=\"a-row a-expander-container a-expander-extend-container\">\n<div class=\"a-expander-content a-expander-extend-content\">\n<h3>Anschrift Hersteller\/Importeur<\/h3>\n<p>Barilla G. e R. Fratelli SpA, Via Mantova, 166, 43122 Parma PR, Italien <\/p>\n<\/p><\/div>\n<p> <a href=\"void(0)\" data-action=\"a-expander-toggle\" class=\"a-expander-header a-declarative a-expander-extend-header\" data-a-expander-toggle=\"{\"><i class=\"a-icon a-icon-extender-expand\"><\/i><span class=\"a-expander-prompt\">Weitere Informationen<\/span><\/a> <\/div>\n<p>Kochzeit 10 Minuten<br \/>\nVon Schmetterlingen inspiriert ist die zierliche und lebhafte Form<br \/>\nFarfalle werden vorwiegend zu \u00e4u\u00dferst delikaten Gem\u00fcse- und Fischspeisen gereicht<br \/>\nProdukt aus Italien<br \/>\n<div class=\"main-cross-sell\" data-asin=\"B00NV1QXPQ\">\n\n\t<div class=\"WooZone-cross-sell-loader\">\n\t\t<div>\n\t\t\t<div id=\"floatingBarsG\">\n\t\t\t\t<div class=\"blockG\" id=\"rotateG_01\"><\/div>\n\t\t\t\t<div class=\"blockG\" id=\"rotateG_02\"><\/div>\n\t\t\t\t<div class=\"blockG\" id=\"rotateG_03\"><\/div>\n\t\t\t\t<div class=\"blockG\" id=\"rotateG_04\"><\/div>\n\t\t\t\t<div class=\"blockG\" id=\"rotateG_05\"><\/div>\n\t\t\t\t<div class=\"blockG\" id=\"rotateG_06\"><\/div>\n\t\t\t\t<div class=\"blockG\" id=\"rotateG_07\"><\/div>\n\t\t\t\t<div class=\"blockG\" id=\"rotateG_08\"><\/div>\n\t\t\t<\/div>\n\t\t\t<div class=\"WooZone-cross-sell-loader-text\"><\/div>\n\t\t<\/div>\n\t<\/div>\n\n\t\t\n<\/div>\n<div style=\"clear:both;\"><\/div>\n","protected":false},"excerpt":{"rendered":"Kochzeit 10 Minuten\nVon Schmetterlingen inspiriert ist die zierliche und lebhafte Form\nFarfalle werden vorwiegend zu \u00e4u\u00dferst delikaten Gem\u00fcse- und Fischspeisen gereicht","protected":false},"featured_media":6916,"comment_status":"open","ping_status":"closed","template":"","meta":[],"product_cat":[64,55],"product_tag":[],"_links":{"self":[{"href":"https:\/\/food-shop.org\/index.php?rest_route=\/wp\/v2\/product\/6915"}],"collection":[{"href":"https:\/\/food-shop.org\/index.php?rest_route=\/wp\/v2\/product"}],"about":[{"href":"https:\/\/food-shop.org\/index.php?rest_route=\/wp\/v2\/types\/product"}],"replies":[{"embeddable":true,"href":"https:\/\/food-shop.org\/index.php?rest_route=%2Fwp%2Fv2%2Fcomments&post=6915"}],"wp:featuredmedia":[{"embeddable":true,"href":"https:\/\/food-shop.org\/index.php?rest_route=\/wp\/v2\/media\/6916"}],"wp:attachment":[{"href":"https:\/\/food-shop.org\/index.php?rest_route=%2Fwp%2Fv2%2Fmedia&parent=6915"}],"wp:term":[{"taxonomy":"product_cat","embeddable":true,"href":"https:\/\/food-shop.org\/index.php?rest_route=%2Fwp%2Fv2%2Fproduct_cat&post=6915"},{"taxonomy":"product_tag","embeddable":true,"href":"https:\/\/food-shop.org\/index.php?rest_route=%2Fwp%2Fv2%2Fproduct_tag&post=6915"}],"curies":[{"name":"wp","href":"https:\/\/api.w.org\/{rel}","templated":true}]}}