{"id":6901,"date":"2020-08-31T13:36:07","date_gmt":"2020-08-31T13:36:07","guid":{"rendered":"https:\/\/food-shop.org\/?product=nudellys-quattro-forza-glutenfreie-pasta-im-4er-pack-sesammehl-eier-nudeln-mit-tapioka-staerke-als-fusilli-low-carb-paleo-clean-sojafrei"},"modified":"2023-04-10T17:54:22","modified_gmt":"2023-04-10T17:54:22","slug":"nudellys-quattro-forza-glutenfreie-pasta-im-4er-pack-sesammehl-eier-nudeln-mit-tapioka-staerke-als-fusilli-low-carb-paleo-clean-sojafrei","status":"publish","type":"product","link":"https:\/\/food-shop.org\/?product=nudellys-quattro-forza-glutenfreie-pasta-im-4er-pack-sesammehl-eier-nudeln-mit-tapioka-staerke-als-fusilli-low-carb-paleo-clean-sojafrei","title":{"rendered":"Nudelly&#8217;s Quattro Forza glutenfreie Pasta im 4er-Pack, Sesammehl, Eier-Nudeln mit Tapioka-St\u00e4rke als Fusilli, paleo\u2026"},"content":{"rendered":"<p>IHRE PREMIUM PASTA AUS DER MANUFAKTUR: Hervorragende Nudeln aus glutenfreien Mehlen wie Sesammehl, ein besonderes Erlebnis auch f\u00fcr Menschen mit Unvertr\u00e4glichkeiten. Eine Kombination aus 100% nat\u00fcrlichen Inhaltsstoffen von h\u00f6chster Qualit\u00e4t<br \/>\nPROTEINREICH, LOWCARB UND GLUTENFREI: Die Nudeln sind proteinreich, ballaststoffreich und lowcarb, bis zu 35% weniger Kohlenhydratgehalt als herk\u00f6mmliche Nudeln. Frei von unn\u00f6tigen Zusatzstoffen, Konservierungsstoffe oder andere F\u00fcllstoffe. Die gluten-freie Alternative f\u00fcr Allergiker<br \/>\nDIE ALTERNATIVE PASTA, DIE IHRE FORM BEH\u00c4LT: Diese glutenfreien Nudeln behalten ihre Form nach dem Kochen &amp; sehen auf dem Teller lecker &amp; geschmackvoll aus. Unsere bissfesten, glutenfreien Produkte sind die ideale Voraussetzung f\u00fcr alle, die glutenfrei durch den Tag starten wollen<br \/>\nGESCHMACK UND GENUSS IM SET: 4 x NUDELLY&#8217;S &#8222;Forza&#8220; Fusilli Eier-Nudeln f\u00fcr Sportler als Fitness Premium Edition, 4 x 250 g<br \/>\nF\u00dcR FAMILIEN UND SPORTLER: Glutenfreie und zusatzstofffreie Nudeln mit viel Protein und wenig Kohlenhydraten. Geeignet f\u00fcr Allergiker, Sportler wie z.B. Fahrradfahrer und auch f\u00fcr Kinder<br \/>\n<div class=\"main-cross-sell\" data-asin=\"B0772CVJ23\">\n\n\t<div class=\"WooZone-cross-sell-loader\">\n\t\t<div>\n\t\t\t<div id=\"floatingBarsG\">\n\t\t\t\t<div class=\"blockG\" id=\"rotateG_01\"><\/div>\n\t\t\t\t<div class=\"blockG\" id=\"rotateG_02\"><\/div>\n\t\t\t\t<div class=\"blockG\" id=\"rotateG_03\"><\/div>\n\t\t\t\t<div class=\"blockG\" id=\"rotateG_04\"><\/div>\n\t\t\t\t<div class=\"blockG\" id=\"rotateG_05\"><\/div>\n\t\t\t\t<div class=\"blockG\" id=\"rotateG_06\"><\/div>\n\t\t\t\t<div class=\"blockG\" id=\"rotateG_07\"><\/div>\n\t\t\t\t<div class=\"blockG\" id=\"rotateG_08\"><\/div>\n\t\t\t<\/div>\n\t\t\t<div class=\"WooZone-cross-sell-loader-text\"><\/div>\n\t\t<\/div>\n\t<\/div>\n\n\t\t\n<\/div>\n<div style=\"clear:both;\"><\/div>\n","protected":false},"excerpt":{"rendered":"IHRE PREMIUM PASTA AUS DER MANUFAKTUR: Hervorragende Nudeln aus glutenfreien Mehlen wie Sesammehl, ein besonderes Erlebnis auch f\u00fcr Menschen mit Unvertr\u00e4glichkeiten. Eine Kombination aus 100% nat\u00fcrlichen Inhaltsstoffen von h\u00f6chster Qualit\u00e4t\nPROTEINREICH, LOWCARB UND GLUTENFREI: Die Nudeln sind proteinreich, ballaststoffreich und lowcarb, bis zu 35% weniger Kohlenhydratgehalt als herk\u00f6mmliche Nudeln. Frei von unn\u00f6tigen Zusatzstoffen, Konservierungsstoffe oder andere F\u00fcllstoffe. Die gluten-freie Alternative f\u00fcr Allergiker\nDIE ALTERNATIVE PASTA, DIE IHRE FORM BEH\u00c4LT: Diese glutenfreien Nudeln behalten ihre Form nach dem Kochen &amp; sehen auf dem Teller lecker &amp; geschmackvoll aus. Unsere bissfesten, glutenfreien Produkte sind die ideale Voraussetzung f\u00fcr alle, die glutenfrei durch den Tag starten wollen","protected":false},"featured_media":6902,"comment_status":"open","ping_status":"closed","template":"","meta":[],"product_cat":[64,55],"product_tag":[],"_links":{"self":[{"href":"https:\/\/food-shop.org\/index.php?rest_route=\/wp\/v2\/product\/6901"}],"collection":[{"href":"https:\/\/food-shop.org\/index.php?rest_route=\/wp\/v2\/product"}],"about":[{"href":"https:\/\/food-shop.org\/index.php?rest_route=\/wp\/v2\/types\/product"}],"replies":[{"embeddable":true,"href":"https:\/\/food-shop.org\/index.php?rest_route=%2Fwp%2Fv2%2Fcomments&post=6901"}],"wp:featuredmedia":[{"embeddable":true,"href":"https:\/\/food-shop.org\/index.php?rest_route=\/wp\/v2\/media\/6902"}],"wp:attachment":[{"href":"https:\/\/food-shop.org\/index.php?rest_route=%2Fwp%2Fv2%2Fmedia&parent=6901"}],"wp:term":[{"taxonomy":"product_cat","embeddable":true,"href":"https:\/\/food-shop.org\/index.php?rest_route=%2Fwp%2Fv2%2Fproduct_cat&post=6901"},{"taxonomy":"product_tag","embeddable":true,"href":"https:\/\/food-shop.org\/index.php?rest_route=%2Fwp%2Fv2%2Fproduct_tag&post=6901"}],"curies":[{"name":"wp","href":"https:\/\/api.w.org\/{rel}","templated":true}]}}