{"id":6877,"date":"2020-08-31T13:35:55","date_gmt":"2020-08-31T13:35:55","guid":{"rendered":"https:\/\/food-shop.org\/?product=barilla-vollkorn-pasta-fusilli-integrale-1er-pack-1x500g"},"modified":"2023-04-10T17:54:21","modified_gmt":"2023-04-10T17:54:21","slug":"barilla-vollkorn-pasta-fusilli-integrale-1er-pack-1x500g","status":"publish","type":"product","link":"https:\/\/food-shop.org\/?product=barilla-vollkorn-pasta-fusilli-integrale-1er-pack-1x500g","title":{"rendered":"Barilla Pasta Integrale Fusilli \u2013 Vollkorn-Hartweizengrie\u00df-Pasta mit nat\u00fcrlichen Ballaststoffen, 500 g"},"content":{"rendered":"<div class=\"disclaim\"> Stil:<strong>Fusilli Integrale<\/strong> <\/div>\n<p> <!-- show up to 2 reviews by default --> <\/p>\n<h3>Produktbeschreibung<\/h3>\n<\/p>\n<h3>Barilla Vollkorn Pasta Fusilli Integrale<\/h3>\n<p>Al dente Qualit\u00e4t f\u00fcr jeden Tag: Beste Zutaten kombiniert mit viel Leidenschaft ergeben Barilla Vollkorn Pasta Fusilli. Die Besonderheit? &#8211; Die<br \/>Vollkorn Pasta liefert mehr als 20% des t\u00e4glichen Bedarfs an Ballaststoffen! Sauce &amp; Pesto haften ideal an der Pasta und erm\u00f6glichen unz\u00e4hlige Kom-<br \/>binationsm\u00f6glichkeiten &#8211; mit der leckeren Pasta kommt einfach jeder auf den Geschmack!<\/p>\n<p><strong>Rezeptidee: Fusilli Integrale mit Schinkenspeck und Zucchini<\/strong><\/p>\n<p>F\u00fcr 4 Personen:<\/p>\n<ul>\n<li>350g Barilla Fusilli Integrale<\/li>\n<li>200g Zucchini<\/li>\n<li>150g Pancetta (oder Schinkenspeck)<\/li>\n<li>50g Zwiebel<\/li>\n<li>Thymian<\/li>\n<li>40g natives Oliven\u00f6l extra<\/li>\n<li>2 Minzbl\u00e4tter<\/li>\n<li>30g geriebener Parmigiano Reggiano<\/li>\n<\/ul>\n<p><strong>Zubereitung:<\/strong><\/p>\n<ol>\n<li>Zucchini waschen &amp; in W\u00fcrfel schneiden<\/li>\n<li>Schinkenspeck in Streifen schneiden<\/li>\n<li>Zwiebel sch\u00e4len &amp; schneiden<\/li>\n<li>Zucchini hinzugeben, 1 Minute braten, Zwiebel &amp; Thymian beif\u00fcgen<\/li>\n<li>Fusilli in Salzwasser garen. Bissfest abseihen, etwas Kochwasser aufbewahren<\/li>\n<li>Mit etwas Kochwasser schwenken &amp; umr\u00fchren, 2 Minzbl\u00e4tter &amp; geriebenen Parmigiano Reggiano hinzugeben &#8211; fertig!<\/li>\n<\/ol>\n<p><strong>Barilla &#8211; Italiens Pasta-Marke Nummer 1<\/strong><\/p>\n<p>Barilla ist ein italienisches Lebensmittelunternehmen in Familienbesitz und hat sich seit seiner Gr\u00fcndung 1877 zu einem internationalen Konzern<br \/>weiterentwickelt. Als weltweit f\u00fchrendes Unternehmen im Bereich Pasta und Fertigsaucen in Kontinentaleuropa, im Bereich Backprodukte in Ita-<br \/>lien und Kn\u00e4ckebrot in Skandinavien ist der Barilla-Konzern auf der ganzen Welt als Symbol italienischen Fachwissens bekannt. Barilla engagiert<br \/>sich sowohl daf\u00fcr ihr Ziel, 100 % ihrer strategischen Zutaten verantwortungsvoll zu beschaffen als auch f\u00fcr nachhaltige Lieferketten vom Feld<br \/>bis zum Verbrauch. Good for us &#8211; good for the planet.<\/p>\n<\/p>\n<h3>Inhaltsstoffe \/ Zutaten<\/h3>\n<p>Zutaten: Vollkorn-HARTWEIZENGRIESS, Wasser <\/p>\n<div data-a-expander-name=\"toggle_description\" class=\"a-row a-expander-container a-expander-extend-container\">\n<div class=\"a-expander-content a-expander-extend-content\">\n<h3>Gebrauchsanweisung<\/h3>\n<p>Salz in kochendes Wasser geben. Pasta hinzugeben, ab und zu umr\u00fchren. Kochzeit 1 Min. <\/p>\n<h3>Warnhinweise<\/h3>\n<p>Allergene : Weizen sowie daraus hergestellte Erzeugnisse Glutenhaltige Getreide sowie daraus hergestellte Erzeugnisse <\/p>\n<h3>Rechtliche Hinweise<\/h3>\n<p>Keine <\/p>\n<h3>Anschrift Hersteller\/Importeur<\/h3>\n<p>Via Mantova 166, Parma &#8211; Italy <\/p>\n<\/p><\/div>\n<p> <a href=\"void(0)\" data-action=\"a-expander-toggle\" class=\"a-expander-header a-declarative a-expander-extend-header\" data-a-expander-toggle=\"{\"><i class=\"a-icon a-icon-extender-expand\"><\/i><span class=\"a-expander-prompt\">Weitere Informationen<\/span><\/a> <\/div>\n<p>Die Integrale Vollkornpasta kombiniert hohe Barilla Qualit\u00e4t mit wertvollen Ballaststoffen &#8211; eine Portion (85g) liefert \u00fcber 20% des t\u00e4glichen Bedarfs an Ballaststoffen!<br \/>\nGoldener Genuss: Der Vollkorngrie\u00df, welcher durch eine exklusive Verarbeitungsmethode gewonnen wird, verleiht der Pasta die unvergleichlich goldene Farbe.<br \/>\nDie perfekte Konsistenz &amp; immer al dente: Die italienische Pasta kommt mit reichhaltigen Saucen auf Grundlage von Fleisch, Ricotta oder in Pasta Salaten besonders gut zur Geltung.<br \/>\nEinfache Zubereitung: Nach einer Kochzeit von 11 Minuten l\u00e4sst sich die Pasta dank ihrer kurzen Form einfach auf die Gabel schieben und auskosten.<br \/>\nLieferumfang: Barilla Integrale Fusilli \/ Vollkornpasta als nat\u00fcrliche Ballaststoffquelle \/ Aus 100% Vollkorn Hartweizengrie\u00df \/ Schmeckt besonders gut mit Barilla Pesto Rustico!<br \/>\n<div class=\"main-cross-sell\" data-asin=\"B003TTCTLC\">\n\n\t<div class=\"WooZone-cross-sell-loader\">\n\t\t<div>\n\t\t\t<div id=\"floatingBarsG\">\n\t\t\t\t<div class=\"blockG\" id=\"rotateG_01\"><\/div>\n\t\t\t\t<div class=\"blockG\" id=\"rotateG_02\"><\/div>\n\t\t\t\t<div class=\"blockG\" id=\"rotateG_03\"><\/div>\n\t\t\t\t<div class=\"blockG\" id=\"rotateG_04\"><\/div>\n\t\t\t\t<div class=\"blockG\" id=\"rotateG_05\"><\/div>\n\t\t\t\t<div class=\"blockG\" id=\"rotateG_06\"><\/div>\n\t\t\t\t<div class=\"blockG\" id=\"rotateG_07\"><\/div>\n\t\t\t\t<div class=\"blockG\" id=\"rotateG_08\"><\/div>\n\t\t\t<\/div>\n\t\t\t<div class=\"WooZone-cross-sell-loader-text\"><\/div>\n\t\t<\/div>\n\t<\/div>\n\n\t\t\n<\/div>\n<div style=\"clear:both;\"><\/div>\n","protected":false},"excerpt":{"rendered":"Die Integrale Vollkornpasta kombiniert hohe Barilla Qualit\u00e4t mit wertvollen Ballaststoffen - eine Portion (85g) liefert \u00fcber 20% des t\u00e4glichen Bedarfs an Ballaststoffen!\nGoldener Genuss: Der Vollkorngrie\u00df, welcher durch eine exklusive Verarbeitungsmethode gewonnen wird, verleiht der Pasta die unvergleichlich goldene Farbe.\nDie perfekte Konsistenz &amp; immer al dente: Die italienische Pasta kommt mit reichhaltigen Saucen auf Grundlage von Fleisch, Ricotta oder in Pasta Salaten besonders gut zur Geltung.","protected":false},"featured_media":6878,"comment_status":"open","ping_status":"closed","template":"","meta":[],"product_cat":[64,55],"product_tag":[],"_links":{"self":[{"href":"https:\/\/food-shop.org\/index.php?rest_route=\/wp\/v2\/product\/6877"}],"collection":[{"href":"https:\/\/food-shop.org\/index.php?rest_route=\/wp\/v2\/product"}],"about":[{"href":"https:\/\/food-shop.org\/index.php?rest_route=\/wp\/v2\/types\/product"}],"replies":[{"embeddable":true,"href":"https:\/\/food-shop.org\/index.php?rest_route=%2Fwp%2Fv2%2Fcomments&post=6877"}],"wp:featuredmedia":[{"embeddable":true,"href":"https:\/\/food-shop.org\/index.php?rest_route=\/wp\/v2\/media\/6878"}],"wp:attachment":[{"href":"https:\/\/food-shop.org\/index.php?rest_route=%2Fwp%2Fv2%2Fmedia&parent=6877"}],"wp:term":[{"taxonomy":"product_cat","embeddable":true,"href":"https:\/\/food-shop.org\/index.php?rest_route=%2Fwp%2Fv2%2Fproduct_cat&post=6877"},{"taxonomy":"product_tag","embeddable":true,"href":"https:\/\/food-shop.org\/index.php?rest_route=%2Fwp%2Fv2%2Fproduct_tag&post=6877"}],"curies":[{"name":"wp","href":"https:\/\/api.w.org\/{rel}","templated":true}]}}