{"id":6867,"date":"2020-08-31T13:35:49","date_gmt":"2020-08-31T13:35:49","guid":{"rendered":"https:\/\/food-shop.org\/?product=3er-set-zahn-nudeln-pasta-al-dente"},"modified":"2023-04-10T17:54:21","modified_gmt":"2023-04-10T17:54:21","slug":"3er-set-zahn-nudeln-pasta-al-dente","status":"publish","type":"product","link":"https:\/\/food-shop.org\/?product=3er-set-zahn-nudeln-pasta-al-dente","title":{"rendered":"3er Set Zahn-Nudeln Pasta Al Dente"},"content":{"rendered":"<p><!-- show up to 2 reviews by default --> <\/p>\n<h3>Produktbeschreibungen<\/h3>\n<p>Zahn-Pasta zum Rein bei\u00dfen! Ab sofort kommen Ihre Z\u00e4hne in den leckeren Genuss von mehr oder weniger weich gekochten Artgenossen aus 100% Hartweizengrie\u00df. Den sch\u00f6nsten Biss zeigt die Zahn-Pasta nach 8-10 Minuten, dann liegt sie al dente auf dem Teller. Im Gegensatz zu den m\u00f6glichst sauberen, wei\u00dfen Originalen ist bei der Zahn-Pasta auch die gr\u00fcne und rote Variante mit Spinat bzw. Tomate absolut begehrt. Inhalt 3x250g, ohne Konservierungsstoffe und ohne k\u00fcnstliche Farbstoffe. Tolle Geschenkidee nicht nur f\u00fcr Zahn\u00e4rzte. <\/p>\n<h3>Inhaltsstoffe \/ Zutaten<\/h3>\n<p>Durum-Hartweizengrie\u00df, Wasser; Nudeln gr\u00fcn Spinatpulver; Nudeln rot und orange Paprika-, Tomaten-, Karotten-, Rote-Beete-Pulver <\/p>\n<p>3 Packungen bunte Nudeln in Zahnform, je 250g<br \/>\nsch\u00f6n gestaltete Etiketten<br \/>\nohne Frab- und Konservierungsstoffe<br \/>\n<div class=\"main-cross-sell\" data-asin=\"B01586EAXS\">\n\n\t<div class=\"WooZone-cross-sell-loader\">\n\t\t<div>\n\t\t\t<div id=\"floatingBarsG\">\n\t\t\t\t<div class=\"blockG\" id=\"rotateG_01\"><\/div>\n\t\t\t\t<div class=\"blockG\" id=\"rotateG_02\"><\/div>\n\t\t\t\t<div class=\"blockG\" id=\"rotateG_03\"><\/div>\n\t\t\t\t<div class=\"blockG\" id=\"rotateG_04\"><\/div>\n\t\t\t\t<div class=\"blockG\" id=\"rotateG_05\"><\/div>\n\t\t\t\t<div class=\"blockG\" id=\"rotateG_06\"><\/div>\n\t\t\t\t<div class=\"blockG\" id=\"rotateG_07\"><\/div>\n\t\t\t\t<div class=\"blockG\" id=\"rotateG_08\"><\/div>\n\t\t\t<\/div>\n\t\t\t<div class=\"WooZone-cross-sell-loader-text\"><\/div>\n\t\t<\/div>\n\t<\/div>\n\n\t\t\n<\/div>\n<div style=\"clear:both;\"><\/div>\n","protected":false},"excerpt":{"rendered":"3 Packungen bunte Nudeln in Zahnform, je 250g\nsch\u00f6n gestaltete Etiketten\nohne Frab- und Konservierungsstoffe","protected":false},"featured_media":6868,"comment_status":"open","ping_status":"closed","template":"","meta":[],"product_cat":[64,55],"product_tag":[],"_links":{"self":[{"href":"https:\/\/food-shop.org\/index.php?rest_route=\/wp\/v2\/product\/6867"}],"collection":[{"href":"https:\/\/food-shop.org\/index.php?rest_route=\/wp\/v2\/product"}],"about":[{"href":"https:\/\/food-shop.org\/index.php?rest_route=\/wp\/v2\/types\/product"}],"replies":[{"embeddable":true,"href":"https:\/\/food-shop.org\/index.php?rest_route=%2Fwp%2Fv2%2Fcomments&post=6867"}],"wp:featuredmedia":[{"embeddable":true,"href":"https:\/\/food-shop.org\/index.php?rest_route=\/wp\/v2\/media\/6868"}],"wp:attachment":[{"href":"https:\/\/food-shop.org\/index.php?rest_route=%2Fwp%2Fv2%2Fmedia&parent=6867"}],"wp:term":[{"taxonomy":"product_cat","embeddable":true,"href":"https:\/\/food-shop.org\/index.php?rest_route=%2Fwp%2Fv2%2Fproduct_cat&post=6867"},{"taxonomy":"product_tag","embeddable":true,"href":"https:\/\/food-shop.org\/index.php?rest_route=%2Fwp%2Fv2%2Fproduct_tag&post=6867"}],"curies":[{"name":"wp","href":"https:\/\/api.w.org\/{rel}","templated":true}]}}