{"id":6851,"date":"2020-08-31T13:35:42","date_gmt":"2020-08-31T13:35:42","guid":{"rendered":"https:\/\/food-shop.org\/?product=barilla-pasta-farfalle-n-65-500g"},"modified":"2023-04-10T17:54:21","modified_gmt":"2023-04-10T17:54:21","slug":"barilla-pasta-farfalle-n-65-500g","status":"publish","type":"product","link":"https:\/\/food-shop.org\/?product=barilla-pasta-farfalle-n-65-500g","title":{"rendered":"Barilla Pasta Farfalle n. 65, 500g"},"content":{"rendered":"<p><!-- show up to 2 reviews by default --> <\/p>\n<h3>Produktbeschreibung<\/h3>\n<p>Barilla Hartweizen Pasta Farfalle n. 65 Al dente Qualit\u00e4t f\u00fcr jeden Tag: Beste Zutaten kombiniert mit viel Leidenschaft ergeben Barilla Hartweizen Pasta Farfalle n. 65. Die Pasta begeistert mit einem einzigartigen Geschmack und bringt zu jedem Anlass einen Hauch Fantasie auf den Teller. Sauce &amp; Pesto haften ideal an der Pasta und erm\u00f6glichen unz\u00e4hlige Kombinationsm\u00f6glichkeiten &#8211; mit der kurzen Pasta im Schmetterlingsformat kommt einfach jeder auf den Geschmack! Rezeptidee: Farfalle mit Artischocken &amp; Oliven mit Minzgeschmack F\u00fcr 4 Personen: 350g Barilla Farfalle 20g gr\u00fcnes Oliven\u00f6l 1 Glas Wei\u00dfwein 8 Artischocken 30g Tomaten 1 Knoblauchzehe Minze nach Belieben Zubereitung: Artischocken f\u00fcr 3 Min. in Wasser kochen Schuss Oliven\u00f6l, gehackten Knoblauch, Tomaten, Oliven &amp; Wein in die Pfanne geben Alles bei niedriger Hitze f\u00fcr 15 Minuten kochen lassen Farfalle in Wasser kochen, bis sie al dente sind Sauce mit den Artischocken dar\u00fcbergie\u00dfen Gericht mit gemahlenem schwarzen Pfeffer &amp; fein gehackter, frischer Minze garnieren &#8211; fertig! Barilla &#8211; Italiens Pasta-Marke Nummer 1 Barilla ist ein italienisches Lebensmittelunternehmen in Familienbesitz und hat sich seit seiner Gr\u00fcndung 1877 zu einem internationalen Konzern weiterentwickelt. Als weltweit f\u00fchrendes Unternehmen im Bereich Pasta und Fertigsaucen in Kontinentaleuropa, im Bereich Backprodukte in Ita- lien und Kn\u00e4ckebrot in Skandinavien ist der Barilla-Konzern auf der ganzen Welt als Symbol italienischen Fachwissens bekannt. Barilla engagiert sich sowohl daf\u00fcr ihr Ziel, 100 % ihrer strategischen Zutaten verantwortungsvoll zu beschaffen als auch f\u00fcr nachhaltige Lieferketten vom Feld bis zum Verbrauch. Good for us &#8211; good for the planet. <\/p>\n<h3>Inhaltsstoffe \/ Zutaten<\/h3>\n<p>Zutaten: HARTWEIZENGRIESS, Wasser. KANN SPUREN VON EIERN ENTHALTEN, WENN DAS PRODUKT IN DEM MIT DEM BUCHSTABEN (A) GEKENNZEICHNETEN WERK HERGESTELLT WURDE. <\/p>\n<div data-a-expander-name=\"toggle_description\" class=\"a-row a-expander-container a-expander-extend-container\">\n<div class=\"a-expander-content a-expander-extend-content\">\n<h3>Gebrauchsanweisung<\/h3>\n<p>Kochzeit 10 Minuten <\/p>\n<\/p><\/div>\n<p> <a href=\"void(0)\" data-action=\"a-expander-toggle\" class=\"a-expander-header a-declarative a-expander-extend-header\" data-a-expander-toggle=\"{\"><i class=\"a-icon a-icon-extender-expand\"><\/i><span class=\"a-expander-prompt\">Weitere Informationen<\/span><\/a> <\/div>\n<p>Gelbe Schmetterlingspasta aus Hartweizengrie\u00df unter farbenfrohen Beilagen &#8211; mit der Farfalle k\u00f6nnen allerlei fantasievolle, raffinierte Rezepte kreiert werden<br \/>\nAl dente f\u00fcr jeden Tag: Durch die Fertigung aus hochwertigem Hartweizen wird die italienische Pasta nicht zu weich, klebrig oder verkocht zu schnell, sondern begeistert mit optimaler Konsistenz<br \/>\nPasta in Kombination mit intensiven Aromen, Saucen mit Gem\u00fcse oder Fisch, oder als kunstvoller Eye-Catcher im Salat &#8211; ein Highlight f\u00fcr die Geschmacksknospen<br \/>\nZubereitung so schnell wie der Fl\u00fcgelschlag eines Schmetterlings? -fast! Nach einer Kochzeit von nur 10 Minuten steht dem Genuss der Schmetterlingspasta nichts mehr im Wege<br \/>\nLieferumfang: Barilla Farfalle n. 65 im Multipack \/ Schmeckt besonders gut mit Barilla Pesto Rosso<br \/>\n<div class=\"main-cross-sell\" data-asin=\"B082VPYTF8\">\n\n\t<div class=\"WooZone-cross-sell-loader\">\n\t\t<div>\n\t\t\t<div id=\"floatingBarsG\">\n\t\t\t\t<div class=\"blockG\" id=\"rotateG_01\"><\/div>\n\t\t\t\t<div class=\"blockG\" id=\"rotateG_02\"><\/div>\n\t\t\t\t<div class=\"blockG\" id=\"rotateG_03\"><\/div>\n\t\t\t\t<div class=\"blockG\" id=\"rotateG_04\"><\/div>\n\t\t\t\t<div class=\"blockG\" id=\"rotateG_05\"><\/div>\n\t\t\t\t<div class=\"blockG\" id=\"rotateG_06\"><\/div>\n\t\t\t\t<div class=\"blockG\" id=\"rotateG_07\"><\/div>\n\t\t\t\t<div class=\"blockG\" id=\"rotateG_08\"><\/div>\n\t\t\t<\/div>\n\t\t\t<div class=\"WooZone-cross-sell-loader-text\"><\/div>\n\t\t<\/div>\n\t<\/div>\n\n\t\t\n<\/div>\n<div style=\"clear:both;\"><\/div>\n","protected":false},"excerpt":{"rendered":"Gelbe Schmetterlingspasta aus Hartweizengrie\u00df unter farbenfrohen Beilagen - mit der Farfalle k\u00f6nnen allerlei fantasievolle, raffinierte Rezepte kreiert werden\nAl dente f\u00fcr jeden Tag: Durch die Fertigung aus hochwertigem Hartweizen wird die italienische Pasta nicht zu weich, klebrig oder verkocht zu schnell, sondern begeistert mit optimaler Konsistenz\nPasta in Kombination mit intensiven Aromen, Saucen mit Gem\u00fcse oder Fisch, oder als kunstvoller Eye-Catcher im Salat - ein Highlight f\u00fcr die Geschmacksknospen","protected":false},"featured_media":6852,"comment_status":"open","ping_status":"closed","template":"","meta":[],"product_cat":[64,55],"product_tag":[],"_links":{"self":[{"href":"https:\/\/food-shop.org\/index.php?rest_route=\/wp\/v2\/product\/6851"}],"collection":[{"href":"https:\/\/food-shop.org\/index.php?rest_route=\/wp\/v2\/product"}],"about":[{"href":"https:\/\/food-shop.org\/index.php?rest_route=\/wp\/v2\/types\/product"}],"replies":[{"embeddable":true,"href":"https:\/\/food-shop.org\/index.php?rest_route=%2Fwp%2Fv2%2Fcomments&post=6851"}],"wp:featuredmedia":[{"embeddable":true,"href":"https:\/\/food-shop.org\/index.php?rest_route=\/wp\/v2\/media\/6852"}],"wp:attachment":[{"href":"https:\/\/food-shop.org\/index.php?rest_route=%2Fwp%2Fv2%2Fmedia&parent=6851"}],"wp:term":[{"taxonomy":"product_cat","embeddable":true,"href":"https:\/\/food-shop.org\/index.php?rest_route=%2Fwp%2Fv2%2Fproduct_cat&post=6851"},{"taxonomy":"product_tag","embeddable":true,"href":"https:\/\/food-shop.org\/index.php?rest_route=%2Fwp%2Fv2%2Fproduct_tag&post=6851"}],"curies":[{"name":"wp","href":"https:\/\/api.w.org\/{rel}","templated":true}]}}