{"id":6832,"date":"2020-08-31T13:35:32","date_gmt":"2020-08-31T13:35:32","guid":{"rendered":"https:\/\/food-shop.org\/?product=de-cecco-linguine-n7-12-x-1kg"},"modified":"2023-04-10T17:54:21","modified_gmt":"2023-04-10T17:54:21","slug":"de-cecco-linguine-n7-12-x-1kg","status":"publish","type":"product","link":"https:\/\/food-shop.org\/?product=de-cecco-linguine-n7-12-x-1kg","title":{"rendered":"De Cecco Linguine N\u00b07 (12 X 1kg)"},"content":{"rendered":"<p><!-- show up to 2 reviews by default --> <\/p>\n<h3>Produktbeschreibungen<\/h3>\n<p>Die Linguine stammen aus Ligurien. Sie haben die Form einer kleinen, flachen und schmalen Tagliatella, und sind zwischen 1,45 und1,60 mm dick. Besonders gut eignen sich zu Linguine So\u00dfen mit frischen Tomaten, Gem\u00fcse oder Kr\u00e4utern. Mit schnellen scharfen So\u00dfen angerichtet, z.B. mit kaltgepresstem Oliven\u00f6l, Knoblauch, Chili, Sardellen usw., schmecken sie aber auch ausgezeichnet. Dazu kann man auch Fisch \u2013 oder Meeresfr\u00fcchteso\u00dfen oder \u201ewei\u00dfe\u201c So\u00dfen, d.h. mit Sahne , Mascarpone, Weichk\u00e4se evtl. mit Zusatz von Gew\u00fcrzen wie Safran, Meerrettich, Curry und Ingwer zubereitete So\u00dfen servieren. <\/p>\n<h3>Inhaltsstoffe \/ Zutaten<\/h3>\n<p>Grie\u00df <\/p>\n<div data-a-expander-name=\"toggle_description\" class=\"a-row a-expander-container a-expander-extend-container\">\n<div class=\"a-expander-content a-expander-extend-content\">\n<h3>Anschrift Hersteller\/Importeur<\/h3>\n<p>F.LLI DE CECCO di FILIPPO FARA S. MARTINO S.p.A. Werke Zona Industriale 66015 Fara San Martino (CH) &#8211; Italien <\/p>\n<\/p><\/div>\n<p> <a href=\"void(0)\" data-action=\"a-expander-toggle\" class=\"a-expander-header a-declarative a-expander-extend-header\" data-a-expander-toggle=\"{\"><i class=\"a-icon a-icon-extender-expand\"><\/i><span class=\"a-expander-prompt\">Weitere Informationen<\/span><\/a> <\/div>\n<p>Je nach Verf\u00fcgbarkeit versenden wir entweder (12 Packungen Linguine a 1kg) oder (24 Packungen Linguine a 500g)<br \/>\nKochzeit 12 Minuten<br \/>\nAl dente 10 Minuten<br \/>\n<div class=\"main-cross-sell\" data-asin=\"B00VEW6ZF2\">\n\n\t<div class=\"WooZone-cross-sell-loader\">\n\t\t<div>\n\t\t\t<div id=\"floatingBarsG\">\n\t\t\t\t<div class=\"blockG\" id=\"rotateG_01\"><\/div>\n\t\t\t\t<div class=\"blockG\" id=\"rotateG_02\"><\/div>\n\t\t\t\t<div class=\"blockG\" id=\"rotateG_03\"><\/div>\n\t\t\t\t<div class=\"blockG\" id=\"rotateG_04\"><\/div>\n\t\t\t\t<div class=\"blockG\" id=\"rotateG_05\"><\/div>\n\t\t\t\t<div class=\"blockG\" id=\"rotateG_06\"><\/div>\n\t\t\t\t<div class=\"blockG\" id=\"rotateG_07\"><\/div>\n\t\t\t\t<div class=\"blockG\" id=\"rotateG_08\"><\/div>\n\t\t\t<\/div>\n\t\t\t<div class=\"WooZone-cross-sell-loader-text\"><\/div>\n\t\t<\/div>\n\t<\/div>\n\n\t\t\n<\/div>\n<div style=\"clear:both;\"><\/div>\n","protected":false},"excerpt":{"rendered":"Je nach Verf\u00fcgbarkeit versenden wir entweder (12 Packungen Linguine a 1kg) oder (24 Packungen Linguine a 500g)\nKochzeit 12 Minuten\nAl dente 10 Minuten","protected":false},"featured_media":6833,"comment_status":"open","ping_status":"closed","template":"","meta":[],"product_cat":[64,55],"product_tag":[],"_links":{"self":[{"href":"https:\/\/food-shop.org\/index.php?rest_route=\/wp\/v2\/product\/6832"}],"collection":[{"href":"https:\/\/food-shop.org\/index.php?rest_route=\/wp\/v2\/product"}],"about":[{"href":"https:\/\/food-shop.org\/index.php?rest_route=\/wp\/v2\/types\/product"}],"replies":[{"embeddable":true,"href":"https:\/\/food-shop.org\/index.php?rest_route=%2Fwp%2Fv2%2Fcomments&post=6832"}],"wp:featuredmedia":[{"embeddable":true,"href":"https:\/\/food-shop.org\/index.php?rest_route=\/wp\/v2\/media\/6833"}],"wp:attachment":[{"href":"https:\/\/food-shop.org\/index.php?rest_route=%2Fwp%2Fv2%2Fmedia&parent=6832"}],"wp:term":[{"taxonomy":"product_cat","embeddable":true,"href":"https:\/\/food-shop.org\/index.php?rest_route=%2Fwp%2Fv2%2Fproduct_cat&post=6832"},{"taxonomy":"product_tag","embeddable":true,"href":"https:\/\/food-shop.org\/index.php?rest_route=%2Fwp%2Fv2%2Fproduct_tag&post=6832"}],"curies":[{"name":"wp","href":"https:\/\/api.w.org\/{rel}","templated":true}]}}