{"id":6812,"date":"2020-08-31T13:35:19","date_gmt":"2020-08-31T13:35:19","guid":{"rendered":"https:\/\/food-shop.org\/?product=miyatake-nudeln-gekocht-u-dong-1-x-1-kg"},"modified":"2023-04-10T17:54:20","modified_gmt":"2023-04-10T17:54:20","slug":"miyatake-nudeln-gekocht-u-dong-1-x-1-kg","status":"publish","type":"product","link":"https:\/\/food-shop.org\/?product=miyatake-nudeln-gekocht-u-dong-1-x-1-kg","title":{"rendered":"Miyatake Nudeln, gekocht U Dong (1 x 1 kg)"},"content":{"rendered":"<div class=\"disclaim\"> Anzahl:<strong>1<\/strong> <\/div>\n<p> <!-- show up to 2 reviews by default --> <\/p>\n<h3>Inhaltsstoffe \/ Zutaten<\/h3>\n<p>Zutaten: WEIZENMEHL 65%, Wasser, Salz, Tapiokast\u00e4rke, S\u00e4uerungsmittel: Milchs\u00e4ure (E270), Glucono-delta-Lacton (E575). <\/p>\n<h3>Gebrauchsanweisung<\/h3>\n<p>Die Noodles in 250ml kochendes Wasser geben und 2 Minuten kochen lassen. <\/p>\n<p>super zu Wokgerichten<br \/>\nideal f\u00fcr Suppen<br \/>\nSuppeneinlage<br \/>\n<div class=\"main-cross-sell\" data-asin=\"B082VM87KC\">\n\n\t<div class=\"WooZone-cross-sell-loader\">\n\t\t<div>\n\t\t\t<div id=\"floatingBarsG\">\n\t\t\t\t<div class=\"blockG\" id=\"rotateG_01\"><\/div>\n\t\t\t\t<div class=\"blockG\" id=\"rotateG_02\"><\/div>\n\t\t\t\t<div class=\"blockG\" id=\"rotateG_03\"><\/div>\n\t\t\t\t<div class=\"blockG\" id=\"rotateG_04\"><\/div>\n\t\t\t\t<div class=\"blockG\" id=\"rotateG_05\"><\/div>\n\t\t\t\t<div class=\"blockG\" id=\"rotateG_06\"><\/div>\n\t\t\t\t<div class=\"blockG\" id=\"rotateG_07\"><\/div>\n\t\t\t\t<div class=\"blockG\" id=\"rotateG_08\"><\/div>\n\t\t\t<\/div>\n\t\t\t<div class=\"WooZone-cross-sell-loader-text\"><\/div>\n\t\t<\/div>\n\t<\/div>\n\n\t\t\n<\/div>\n<div style=\"clear:both;\"><\/div>\n","protected":false},"excerpt":{"rendered":"super zu Wokgerichten\nideal f\u00fcr Suppen\nSuppeneinlage","protected":false},"featured_media":6813,"comment_status":"open","ping_status":"closed","template":"","meta":[],"product_cat":[64,55],"product_tag":[],"_links":{"self":[{"href":"https:\/\/food-shop.org\/index.php?rest_route=\/wp\/v2\/product\/6812"}],"collection":[{"href":"https:\/\/food-shop.org\/index.php?rest_route=\/wp\/v2\/product"}],"about":[{"href":"https:\/\/food-shop.org\/index.php?rest_route=\/wp\/v2\/types\/product"}],"replies":[{"embeddable":true,"href":"https:\/\/food-shop.org\/index.php?rest_route=%2Fwp%2Fv2%2Fcomments&post=6812"}],"wp:featuredmedia":[{"embeddable":true,"href":"https:\/\/food-shop.org\/index.php?rest_route=\/wp\/v2\/media\/6813"}],"wp:attachment":[{"href":"https:\/\/food-shop.org\/index.php?rest_route=%2Fwp%2Fv2%2Fmedia&parent=6812"}],"wp:term":[{"taxonomy":"product_cat","embeddable":true,"href":"https:\/\/food-shop.org\/index.php?rest_route=%2Fwp%2Fv2%2Fproduct_cat&post=6812"},{"taxonomy":"product_tag","embeddable":true,"href":"https:\/\/food-shop.org\/index.php?rest_route=%2Fwp%2Fv2%2Fproduct_tag&post=6812"}],"curies":[{"name":"wp","href":"https:\/\/api.w.org\/{rel}","templated":true}]}}