{"id":6808,"date":"2020-08-31T13:35:18","date_gmt":"2020-08-31T13:35:18","guid":{"rendered":"https:\/\/food-shop.org\/?product=demae-ramen-tokyo-soy-sauce-10er-pack-10-x-100g"},"modified":"2023-04-10T17:54:20","modified_gmt":"2023-04-10T17:54:20","slug":"demae-ramen-tokyo-soy-sauce-10er-pack-10-x-100g","status":"publish","type":"product","link":"https:\/\/food-shop.org\/?product=demae-ramen-tokyo-soy-sauce-10er-pack-10-x-100g","title":{"rendered":"Nissin Demae Ramen \u2013 Soy Sauce, 10er Pack, Instant-Nudeln japanischer Art, mit Sojaso\u00dfe &amp; asiatischen Gew\u00fcrzen, schnell\u2026"},"content":{"rendered":"<p><!-- show up to 2 reviews by default --> <\/p>\n<h3>Produktbeschreibung<\/h3>\n<p>japanische Nudelsuppe mit tokiotischem Sojaso\u00dfengeschmack <\/p>\n<h3>Inhaltsstoffe \/ Zutaten<\/h3>\n<p>Zutaten: Nudeln 89, 5% [WEIZENMEHL, Palm\u00f6l, Salz, Mehlbehandlungsmittel (E500, E451), Stabilisator E501, Verdickungsmittel E412, Antioxidationsmittel E306], W\u00fcrzpulver 6,5% [Salz, Geschmacksverst\u00e4rker (E621, E635), Zucker, SOJASAUCENPULVER (SOJABOHNEN, WEIZEN, Salz, Maltodextrin), hydrolysiertes Pflanzenprotein, Gew\u00fcrze, Farbstoff E150c, Aroma (WEIZEN, SOJA), Porree, Hefeextrakt, Raps\u00f6l, S\u00e4ureregulator: Citronens\u00e4ure], W\u00fcrzsauce 4% [SOJASAUCE (Wasser, SOJABOHNEN, WEIZEN, Salz), Raps\u00f6l, Aromen (SELLERIE)]. Kann Spuren von Krebstieren, Fisch, Milch, Weichtieren, Senf und Sesam enthalten. <\/p>\n<div data-a-expander-name=\"toggle_description\" class=\"a-row a-expander-container a-expander-extend-container\">\n<div class=\"a-expander-content a-expander-extend-content\">\n<h3>Gebrauchsanweisung<\/h3>\n<p>1. Nudeln in 500ml kochendes Wasser geben und 3 Minuten kochen lassen. 2. Von der Herdplatte nehmen, beiliegendes Suppenpulver und Sauce hinzugeben. Sofort servieren. <\/p>\n<h3>Warnhinweise<\/h3>\n<p>Kann Spuren von Sellerie, Krebstieren, Fisch, Milch, Weichtieren, Senf und Sesam enthalten. <\/p>\n<h3>Anschrift Hersteller\/Importeur<\/h3>\n<p>Berner Stra\u00dfe 119, 60437 Frankfurt am Main <\/p>\n<\/p><\/div>\n<p> <a href=\"void(0)\" data-action=\"a-expander-toggle\" class=\"a-expander-header a-declarative a-expander-extend-header\" data-a-expander-toggle=\"{\"><i class=\"a-icon a-icon-extender-expand\"><\/i><span class=\"a-expander-prompt\">Weitere Informationen<\/span><\/a> <\/div>\n<p>Japanische Instantnudelsuppe<br \/>\nauthentisch japanische Suppe mit Sojaso\u00dfe<br \/>\nin 3 Minuten zubereitet<br \/>\nNissin Demae Ramen gibt es in 12 verschiedenen Geschmacksrichtungen<br \/>\n<div class=\"main-cross-sell\" data-asin=\"B01H5GA10K\">\n\n\t<div class=\"WooZone-cross-sell-loader\">\n\t\t<div>\n\t\t\t<div id=\"floatingBarsG\">\n\t\t\t\t<div class=\"blockG\" id=\"rotateG_01\"><\/div>\n\t\t\t\t<div class=\"blockG\" id=\"rotateG_02\"><\/div>\n\t\t\t\t<div class=\"blockG\" id=\"rotateG_03\"><\/div>\n\t\t\t\t<div class=\"blockG\" id=\"rotateG_04\"><\/div>\n\t\t\t\t<div class=\"blockG\" id=\"rotateG_05\"><\/div>\n\t\t\t\t<div class=\"blockG\" id=\"rotateG_06\"><\/div>\n\t\t\t\t<div class=\"blockG\" id=\"rotateG_07\"><\/div>\n\t\t\t\t<div class=\"blockG\" id=\"rotateG_08\"><\/div>\n\t\t\t<\/div>\n\t\t\t<div class=\"WooZone-cross-sell-loader-text\"><\/div>\n\t\t<\/div>\n\t<\/div>\n\n\t\t\n<\/div>\n<div style=\"clear:both;\"><\/div>\n","protected":false},"excerpt":{"rendered":"Japanische Instantnudelsuppe\nauthentisch japanische Suppe mit Sojaso\u00dfe\nin 3 Minuten zubereitet","protected":false},"featured_media":6809,"comment_status":"open","ping_status":"closed","template":"","meta":[],"product_cat":[64,55],"product_tag":[],"_links":{"self":[{"href":"https:\/\/food-shop.org\/index.php?rest_route=\/wp\/v2\/product\/6808"}],"collection":[{"href":"https:\/\/food-shop.org\/index.php?rest_route=\/wp\/v2\/product"}],"about":[{"href":"https:\/\/food-shop.org\/index.php?rest_route=\/wp\/v2\/types\/product"}],"replies":[{"embeddable":true,"href":"https:\/\/food-shop.org\/index.php?rest_route=%2Fwp%2Fv2%2Fcomments&post=6808"}],"wp:featuredmedia":[{"embeddable":true,"href":"https:\/\/food-shop.org\/index.php?rest_route=\/wp\/v2\/media\/6809"}],"wp:attachment":[{"href":"https:\/\/food-shop.org\/index.php?rest_route=%2Fwp%2Fv2%2Fmedia&parent=6808"}],"wp:term":[{"taxonomy":"product_cat","embeddable":true,"href":"https:\/\/food-shop.org\/index.php?rest_route=%2Fwp%2Fv2%2Fproduct_cat&post=6808"},{"taxonomy":"product_tag","embeddable":true,"href":"https:\/\/food-shop.org\/index.php?rest_route=%2Fwp%2Fv2%2Fproduct_tag&post=6808"}],"curies":[{"name":"wp","href":"https:\/\/api.w.org\/{rel}","templated":true}]}}