{"id":6801,"date":"2020-08-31T13:35:15","date_gmt":"2020-08-31T13:35:15","guid":{"rendered":"https:\/\/food-shop.org\/?product=bamboo-garden-wok-nudeln-1er-pack-1-x-250-g"},"modified":"2023-04-10T17:54:20","modified_gmt":"2023-04-10T17:54:20","slug":"bamboo-garden-wok-nudeln-1er-pack-1-x-250-g","status":"publish","type":"product","link":"https:\/\/food-shop.org\/?product=bamboo-garden-wok-nudeln-1er-pack-1-x-250-g","title":{"rendered":"Bamboo Garden Wok Nudeln, 1er Pack (1 x 250 g)"},"content":{"rendered":"<p><!-- show up to 2 reviews by default --> <\/p>\n<h3>Produktbeschreibung<\/h3>\n<p>Bamboo Garden Wok Nudeln im 250g Vorratsbeutel. Ideal zum Kochen und verfeinern Ihrer Lieblingsspeisen. Zutaten: HARTWEIZENGRIE\u00df, EIER (10%). <\/p>\n<h3>Gebrauchsanweisung<\/h3>\n<p>Produkt bitte trocken und dunkel lagern <\/p>\n<div data-a-expander-name=\"toggle_description\" class=\"a-row a-expander-container a-expander-extend-container\">\n<div class=\"a-expander-content a-expander-extend-content\">\n<h3>Warnhinweise<\/h3>\n<p>Kann Spuren von Soja enthalten. <\/p>\n<\/p><\/div>\n<p> <a href=\"void(0)\" data-action=\"a-expander-toggle\" class=\"a-expander-header a-declarative a-expander-extend-header\" data-a-expander-toggle=\"{\"><i class=\"a-icon a-icon-extender-expand\"><\/i><span class=\"a-expander-prompt\">Weitere Informationen<\/span><\/a> <\/div>\n<p>Ohne Vorkochen verwendbar<br \/>\nEinfache Zubereitung direkt um WOK<br \/>\nMit Bamboo Garden \u00f6ffnen Sie die Speisekammer Asiens und l\u00fcften die Geheimnisse authentischer, fern\u00f6stlicher Kochkunst. Kommen Sie mit uns nach Japan, Thailand und Indien<br \/>\n<div class=\"main-cross-sell\" data-asin=\"B085NY6HLF\">\n\n\t<div class=\"WooZone-cross-sell-loader\">\n\t\t<div>\n\t\t\t<div id=\"floatingBarsG\">\n\t\t\t\t<div class=\"blockG\" id=\"rotateG_01\"><\/div>\n\t\t\t\t<div class=\"blockG\" id=\"rotateG_02\"><\/div>\n\t\t\t\t<div class=\"blockG\" id=\"rotateG_03\"><\/div>\n\t\t\t\t<div class=\"blockG\" id=\"rotateG_04\"><\/div>\n\t\t\t\t<div class=\"blockG\" id=\"rotateG_05\"><\/div>\n\t\t\t\t<div class=\"blockG\" id=\"rotateG_06\"><\/div>\n\t\t\t\t<div class=\"blockG\" id=\"rotateG_07\"><\/div>\n\t\t\t\t<div class=\"blockG\" id=\"rotateG_08\"><\/div>\n\t\t\t<\/div>\n\t\t\t<div class=\"WooZone-cross-sell-loader-text\"><\/div>\n\t\t<\/div>\n\t<\/div>\n\n\t\t\n<\/div>\n<div style=\"clear:both;\"><\/div>\n","protected":false},"excerpt":{"rendered":"Ohne Vorkochen verwendbar\nEinfache Zubereitung direkt um WOK\nMit Bamboo Garden \u00f6ffnen Sie die Speisekammer Asiens und l\u00fcften die Geheimnisse authentischer, fern\u00f6stlicher Kochkunst. Kommen Sie mit uns nach Japan, Thailand und Indien","protected":false},"featured_media":6802,"comment_status":"open","ping_status":"closed","template":"","meta":[],"product_cat":[64,55],"product_tag":[],"_links":{"self":[{"href":"https:\/\/food-shop.org\/index.php?rest_route=\/wp\/v2\/product\/6801"}],"collection":[{"href":"https:\/\/food-shop.org\/index.php?rest_route=\/wp\/v2\/product"}],"about":[{"href":"https:\/\/food-shop.org\/index.php?rest_route=\/wp\/v2\/types\/product"}],"replies":[{"embeddable":true,"href":"https:\/\/food-shop.org\/index.php?rest_route=%2Fwp%2Fv2%2Fcomments&post=6801"}],"wp:featuredmedia":[{"embeddable":true,"href":"https:\/\/food-shop.org\/index.php?rest_route=\/wp\/v2\/media\/6802"}],"wp:attachment":[{"href":"https:\/\/food-shop.org\/index.php?rest_route=%2Fwp%2Fv2%2Fmedia&parent=6801"}],"wp:term":[{"taxonomy":"product_cat","embeddable":true,"href":"https:\/\/food-shop.org\/index.php?rest_route=%2Fwp%2Fv2%2Fproduct_cat&post=6801"},{"taxonomy":"product_tag","embeddable":true,"href":"https:\/\/food-shop.org\/index.php?rest_route=%2Fwp%2Fv2%2Fproduct_tag&post=6801"}],"curies":[{"name":"wp","href":"https:\/\/api.w.org\/{rel}","templated":true}]}}