{"id":6779,"date":"2020-08-31T13:18:19","date_gmt":"2020-08-31T13:18:19","guid":{"rendered":"https:\/\/food-shop.org\/?product=barilla-pasta-girandole-n-34-500g"},"modified":"2023-04-10T17:54:20","modified_gmt":"2023-04-10T17:54:20","slug":"barilla-pasta-girandole-n-34-500g","status":"publish","type":"product","link":"https:\/\/food-shop.org\/?product=barilla-pasta-girandole-n-34-500g","title":{"rendered":"Barilla Pasta Klassische Girandole n.34 aus hochwertigem Hartweizen immer al dente, (1 x 500 g)"},"content":{"rendered":"<div class=\"disclaim\"> Anzahl:<strong>1<\/strong> <\/div>\n<p> <!-- show up to 2 reviews by default --> <\/p>\n<h3>Produktbeschreibung<\/h3>\n<p>Barilla Hartweizen Pasta Girandole n. 34 Al dente Qualit\u00e4t f\u00fcr jeden Tag: Beste Zutaten kombiniert mit viel Leidenschaft ergeben Barilla Hartweizen Pasta Girandole n. 34. Die Pasta be- geistert mit einem einzigartigen Geschmack und l\u00e4sst sich zu jedem Anlass servieren. Sauce &amp; Pesto haften ideal an ihr und erm\u00f6glichen unz\u00e4hlige Kombinationsm\u00f6glichkeiten! Rezeptidee: Girandole al Pesto alla Genovese mit getrockneten Tomaten, frisch geriebenem Schafsk\u00e4se &amp; Rucola F\u00fcr 4 Personen: 350g Barilla Girandole 1 Glas Barilla Pesto alla Genovese 170g getrocknete Tomaten 2 Zehen Knoblauch 150g Schafsk\u00e4se (oder Feta) 100g Rucola 2 EL Oliven\u00f6l Zubereitung: Rucola verlesen (ggf. zu lange Stiele abschneiden) Girandole nach Anweisung kochen Knoblauchzehen durchdr\u00fccken &amp; mit \u00d6l anschwitzen Getrocknete Tomaten in Streifen schneiden, dazugeben. Ca. 2\u20133 Minuten mitschwitzen Pesto alla Genovese hinzugeben &amp; vorsichtig erhitzen Pasta abgie\u00dfen, mit Pesto &amp; getrockneten Tomaten vermischen Schafsk\u00e4se mit K\u00fcchenreibe \u00fcber die Pasta reiben &amp; mit Rucola bestreuen Hei\u00df servieren &amp; fertig Barilla &#8211; Italiens Pasta-Marke Nummer 1 Barilla ist ein italienisches Lebensmittelunternehmen in Familienbesitz und hat sich seit seiner Gr\u00fcndung 1877 zu einem internationalen Konzern weiterentwickelt. Als weltweit f\u00fchrendes Unternehmen im Bereich Pasta und Fertigsaucen in Kontinentaleuropa, im Bereich Backprodukte in Ita- lien und Kn\u00e4ckebrot in Skandinavien ist der Barilla-Konzern auf der ganzen Welt als Symbol italienischen Fachwissens bekannt. Barilla engagiert sich sowohl daf\u00fcr ihr Ziel, 100 % ihrer strategischen Zutaten verantwortungsvoll zu beschaffen als auch f\u00fcr nachhaltige Lieferketten vom Feld bis zum Verbrauch. Good for us &#8211; good for the planet. <\/p>\n<h3>Inhaltsstoffe \/ Zutaten<\/h3>\n<p>Zutaten: HARTWEIZENGRIESS, Wasser. KANN SPUREN VON EIERN ENTHALTEN, WENN DAS PRODUKT IN DEM MIT DEM BUCHSTABEN (A) GEKENNZEICHNETEN WERK HERGESTELLT WURDE. <\/p>\n<p>Erlebnis f\u00fcr die Geschmacksknospen: Girandole passen zu allen Saucen der italienischen K\u00fcche, heben Geschmack &amp; Farben der Zutaten hervor und lassen sich zu verschiedensten Anl\u00e4ssen servieren<br \/>\nAl dente f\u00fcr jeden Tag: Durch die Fertigung aus hochwertigem Hartweizen wird die italienische Pasta nicht zu weich, klebrig oder verkocht zu schnell, sondern begeistert mit optimaler Konsistenz<br \/>\nDie kurze Pasta schmeckt hervorragend mit der Barilla Pomodoro con Pomodori Datterini &#8211; eine leckere Sauce aus s\u00fc\u00dfen Datteltomaten<br \/>\nEinfache Zubereitung: Nach einer Kochzeit von 10 Minuten l\u00e4sst sich die Pasta dank ihrer kurzen Form einfach auf die Gabel schieben und auskosten<br \/>\nLieferumfang: Barilla Girandole n. 34 im Multipack \/ F\u00fcr einzigartigen Genuss alleine, mit Freunden, Familie oder Kollegen<br \/>\n<div class=\"main-cross-sell\" data-asin=\"B082VQ6HC1\">\n\n\t<div class=\"WooZone-cross-sell-loader\">\n\t\t<div>\n\t\t\t<div id=\"floatingBarsG\">\n\t\t\t\t<div class=\"blockG\" id=\"rotateG_01\"><\/div>\n\t\t\t\t<div class=\"blockG\" id=\"rotateG_02\"><\/div>\n\t\t\t\t<div class=\"blockG\" id=\"rotateG_03\"><\/div>\n\t\t\t\t<div class=\"blockG\" id=\"rotateG_04\"><\/div>\n\t\t\t\t<div class=\"blockG\" id=\"rotateG_05\"><\/div>\n\t\t\t\t<div class=\"blockG\" id=\"rotateG_06\"><\/div>\n\t\t\t\t<div class=\"blockG\" id=\"rotateG_07\"><\/div>\n\t\t\t\t<div class=\"blockG\" id=\"rotateG_08\"><\/div>\n\t\t\t<\/div>\n\t\t\t<div class=\"WooZone-cross-sell-loader-text\"><\/div>\n\t\t<\/div>\n\t<\/div>\n\n\t\t\n<\/div>\n<div style=\"clear:both;\"><\/div>\n","protected":false},"excerpt":{"rendered":"Erlebnis f\u00fcr die Geschmacksknospen: Girandole passen zu allen Saucen der italienischen K\u00fcche, heben Geschmack &amp; Farben der Zutaten hervor und lassen sich zu verschiedensten Anl\u00e4ssen servieren\nAl dente f\u00fcr jeden Tag: Durch die Fertigung aus hochwertigem Hartweizen wird die italienische Pasta nicht zu weich, klebrig oder verkocht zu schnell, sondern begeistert mit optimaler Konsistenz\nDie kurze Pasta schmeckt hervorragend mit der Barilla Pomodoro con Pomodori Datterini - eine leckere Sauce aus s\u00fc\u00dfen Datteltomaten","protected":false},"featured_media":6780,"comment_status":"open","ping_status":"closed","template":"","meta":[],"product_cat":[64,55],"product_tag":[],"_links":{"self":[{"href":"https:\/\/food-shop.org\/index.php?rest_route=\/wp\/v2\/product\/6779"}],"collection":[{"href":"https:\/\/food-shop.org\/index.php?rest_route=\/wp\/v2\/product"}],"about":[{"href":"https:\/\/food-shop.org\/index.php?rest_route=\/wp\/v2\/types\/product"}],"replies":[{"embeddable":true,"href":"https:\/\/food-shop.org\/index.php?rest_route=%2Fwp%2Fv2%2Fcomments&post=6779"}],"wp:featuredmedia":[{"embeddable":true,"href":"https:\/\/food-shop.org\/index.php?rest_route=\/wp\/v2\/media\/6780"}],"wp:attachment":[{"href":"https:\/\/food-shop.org\/index.php?rest_route=%2Fwp%2Fv2%2Fmedia&parent=6779"}],"wp:term":[{"taxonomy":"product_cat","embeddable":true,"href":"https:\/\/food-shop.org\/index.php?rest_route=%2Fwp%2Fv2%2Fproduct_cat&post=6779"},{"taxonomy":"product_tag","embeddable":true,"href":"https:\/\/food-shop.org\/index.php?rest_route=%2Fwp%2Fv2%2Fproduct_tag&post=6779"}],"curies":[{"name":"wp","href":"https:\/\/api.w.org\/{rel}","templated":true}]}}