{"id":6755,"date":"2020-08-31T13:18:07","date_gmt":"2020-08-31T13:18:07","guid":{"rendered":"https:\/\/food-shop.org\/?product=barilla-pasta-penne-rigate-500g"},"modified":"2023-04-10T17:54:20","modified_gmt":"2023-04-10T17:54:20","slug":"barilla-pasta-penne-rigate-500g","status":"publish","type":"product","link":"https:\/\/food-shop.org\/?product=barilla-pasta-penne-rigate-500g","title":{"rendered":"Barilla Pasta Klassische Penne Rigate n.73 aus hochwertigem Hartweizen immer al dente, (1 x 500 g)"},"content":{"rendered":"<div class=\"disclaim\"> Stil:<strong>Penne Rigate n. 73<\/strong> <\/div>\n<p> <!-- show up to 2 reviews by default --> <\/p>\n<h3>Produktbeschreibung<\/h3>\n<p>Penne Rigate passen perfekt zu allen Saucen, z.B. zu antiken Rezepten der italienischen K\u00fcche wie die Arrabbiata Sauce mit Tomaten, Knoblauch, \u00d6l und Peperoncino oder die Bolognese Sauce aus Hackfleisch, Zwiebeln, Sellerie, Karotten und Tomaten. <\/p>\n<h3>Inhaltsstoffe \/ Zutaten<\/h3>\n<p>Zutaten: HARTWEIZENGRIESS, Wasser. KANN SPUREN VON SOJABOHNEN ENTHALTEN. KANN SPUREN VON EIERN ENTHALTEN, WENN DAS PRODUKT IN DEM MIT DEM BUCHSTABEN (A) GEKENNZEICHNETEN WERK HERGESTELLT WURDE. <\/p>\n<div data-a-expander-name=\"toggle_description\" class=\"a-row a-expander-container a-expander-extend-container\">\n<div class=\"a-expander-content a-expander-extend-content\">\n<h3>Gebrauchsanweisung<\/h3>\n<p>100g PASTA &#8211; 1 LITER WASSER &#8211; 7g SALZ &#8211; Salz in kochendes Wasser geben. Pasta hinzuf\u00fcgen, ab und zu umr\u00fchren. Kochzeit 11 Min. Beim Abgie\u00dfen Wasser nicht vollst\u00e4ndig abtropfen lassen. <\/p>\n<h3>Warnhinweise<\/h3>\n<p>Kann Spuren von Ei enthalten <\/p>\n<h3>Anschrift Hersteller\/Importeur<\/h3>\n<p>Via Mantova 166, Parma &#8211; Italy. <\/p>\n<\/p><\/div>\n<p> <a href=\"void(0)\" data-action=\"a-expander-toggle\" class=\"a-expander-header a-declarative a-expander-extend-header\" data-a-expander-toggle=\"{\"><i class=\"a-icon a-icon-extender-expand\"><\/i><span class=\"a-expander-prompt\">Weitere Informationen<\/span><\/a> <\/div>\n<p>Kochzeit 11 Minuten<br \/>\nDie Struktur der Penne Rigate Barilla ist schmal, schlank und an den Enden abgeschr\u00e4gt<br \/>\nSie ist wie dazu geschaffen, zahlreiche Saucen aufzunehmen<br \/>\nProdukt aus Italien<br \/>\n<div class=\"main-cross-sell\" data-asin=\"B003R7KQQQ\">\n\n\t<div class=\"WooZone-cross-sell-loader\">\n\t\t<div>\n\t\t\t<div id=\"floatingBarsG\">\n\t\t\t\t<div class=\"blockG\" id=\"rotateG_01\"><\/div>\n\t\t\t\t<div class=\"blockG\" id=\"rotateG_02\"><\/div>\n\t\t\t\t<div class=\"blockG\" id=\"rotateG_03\"><\/div>\n\t\t\t\t<div class=\"blockG\" id=\"rotateG_04\"><\/div>\n\t\t\t\t<div class=\"blockG\" id=\"rotateG_05\"><\/div>\n\t\t\t\t<div class=\"blockG\" id=\"rotateG_06\"><\/div>\n\t\t\t\t<div class=\"blockG\" id=\"rotateG_07\"><\/div>\n\t\t\t\t<div class=\"blockG\" id=\"rotateG_08\"><\/div>\n\t\t\t<\/div>\n\t\t\t<div class=\"WooZone-cross-sell-loader-text\"><\/div>\n\t\t<\/div>\n\t<\/div>\n\n\t\t\n<\/div>\n<div style=\"clear:both;\"><\/div>\n","protected":false},"excerpt":{"rendered":"Kochzeit 11 Minuten\nDie Struktur der Penne Rigate Barilla ist schmal, schlank und an den Enden abgeschr\u00e4gt\nSie ist wie dazu geschaffen, zahlreiche Saucen aufzunehmen","protected":false},"featured_media":6756,"comment_status":"open","ping_status":"closed","template":"","meta":[],"product_cat":[64,55],"product_tag":[],"_links":{"self":[{"href":"https:\/\/food-shop.org\/index.php?rest_route=\/wp\/v2\/product\/6755"}],"collection":[{"href":"https:\/\/food-shop.org\/index.php?rest_route=\/wp\/v2\/product"}],"about":[{"href":"https:\/\/food-shop.org\/index.php?rest_route=\/wp\/v2\/types\/product"}],"replies":[{"embeddable":true,"href":"https:\/\/food-shop.org\/index.php?rest_route=%2Fwp%2Fv2%2Fcomments&post=6755"}],"wp:featuredmedia":[{"embeddable":true,"href":"https:\/\/food-shop.org\/index.php?rest_route=\/wp\/v2\/media\/6756"}],"wp:attachment":[{"href":"https:\/\/food-shop.org\/index.php?rest_route=%2Fwp%2Fv2%2Fmedia&parent=6755"}],"wp:term":[{"taxonomy":"product_cat","embeddable":true,"href":"https:\/\/food-shop.org\/index.php?rest_route=%2Fwp%2Fv2%2Fproduct_cat&post=6755"},{"taxonomy":"product_tag","embeddable":true,"href":"https:\/\/food-shop.org\/index.php?rest_route=%2Fwp%2Fv2%2Fproduct_tag&post=6755"}],"curies":[{"name":"wp","href":"https:\/\/api.w.org\/{rel}","templated":true}]}}