{"id":6737,"date":"2020-08-31T13:17:54","date_gmt":"2020-08-31T13:17:54","guid":{"rendered":"https:\/\/food-shop.org\/?product=barilla-hartweizen-pasta-risoni-n-26-1er-pack-1x500g"},"modified":"2023-04-10T17:54:19","modified_gmt":"2023-04-10T17:54:19","slug":"barilla-hartweizen-pasta-risoni-n-26-1er-pack-1x500g","status":"publish","type":"product","link":"https:\/\/food-shop.org\/?product=barilla-hartweizen-pasta-risoni-n-26-1er-pack-1x500g","title":{"rendered":"Barilla Pasta Nudeln Risoni n.26 aus hochwertigem Hartweizen immer al dente 500 g"},"content":{"rendered":"<p><!-- show up to 2 reviews by default --> <\/p>\n<h3>Produktbeschreibung<\/h3>\n<\/p>\n<h3>Barilla Hartweizen Pasta Risoni n. 26<\/h3>\n<p>Al dente Qualit\u00e4t f\u00fcr jeden Tag: Beste Zutaten kombiniert mit viel Leidenschaft ergeben Barilla Hartweizen Pasta Risoni. Die Pasta \u00fcberzeugt<br \/>durch ihre vielf\u00e4ltige Einsetzbarkeit: F\u00fcr Kinder oder Erwachsene, zu jedem Anlass, gekocht wie Reis oder Pasta &#8211; das Allround-Talent unter den<br \/>Pasta-Sorten!<\/p>\n<p><strong>Rezeptidee: Risoni mit Parmesan und Basilikum<\/strong><\/p>\n<p>F\u00fcr 4 Personen:<\/p>\n<ul>\n<li>200g Barilla Risoni<\/li>\n<li>2EL Butter<\/li>\n<li>400 ml H\u00fchnerbr\u00fche<\/li>\n<li>40g frisch geriebener Parmesan<\/li>\n<li>10 g frisches Basilikum, gehackt und etwas zum Garnieren<\/li>\n<li>Salz, Pfeffer<\/li>\n<\/ul>\n<p><strong>Zubereitung:<\/strong><\/p>\n<ol>\n<li>Butter in einer schweren Pfanne bei mittlerer Hitze zerlassen. Risoni zugeben und kurz in der Butter anbraten, bis sie leicht gebr\u00e4unt sind<\/li>\n<li>H\u00fchnerbr\u00fche zugie\u00dfen und zum Kochen bringen. Abdecken, Hitze reduzieren und ca. 15-20 Min. k\u00f6cheln, bis die Risoni weich sind und<br \/>die ganze Fl\u00fcssigkeit aufgesogen haben<\/li>\n<li>Parmesan und Basilikum umterr\u00fchren und mit Salz und Pfeffer abschmecken. In eine Sch\u00fcssel geben und mit Basilikum garnieren<\/li>\n<\/ol>\n<p><strong>Barilla &#8211; Italiens Pasta-Marke Nummer 1<\/strong><\/p>\n<p>Barilla ist ein italienisches Lebensmittelunternehmen in Familienbesitz und hat sich seit seiner Gr\u00fcndung 1877 zu einem internationalen Konzern<br \/>weiterentwickelt. Als weltweit f\u00fchrendes Unternehmen im Bereich Pasta und Fertigsaucen in Kontinentaleuropa, im Bereich Backprodukte in Ita-<br \/>lien und Kn\u00e4ckebrot in Skandinavien ist der Barilla-Konzern auf der ganzen Welt als Symbol italienischen Fachwissens bekannt. Barilla engagiert<br \/>sich sowohl daf\u00fcr ihr Ziel, 100 % ihrer strategischen Zutaten verantwortungsvoll zu beschaffen als auch f\u00fcr nachhaltige Lieferketten vom Feld<br \/>bis zum Verbrauch. Good for us &#8211; good for the planet<\/p>\n<\/p>\n<h3>Inhaltsstoffe \/ Zutaten<\/h3>\n<p>Zutaten: HARTWEIZENGRIESS, Wasser. KANN SPUREN VON EIERN ENTHALTEN, WENN DAS PRODUKT IN DEM MIT DEM BUCHSTABEN (A) GEKENNZEICHNETEN WERK HERGESTELLT WURDE. <\/p>\n<div data-a-expander-name=\"toggle_description\" class=\"a-row a-expander-container a-expander-extend-container\">\n<div class=\"a-expander-content a-expander-extend-content\">\n<h3>Gebrauchsanweisung<\/h3>\n<p>Kochzeit 10 Minuten <\/p>\n<h3>Anschrift Hersteller\/Importeur<\/h3>\n<p>Via Mantova 166, Parma &#8211; Italy <\/p>\n<\/p><\/div>\n<p> <a href=\"void(0)\" data-action=\"a-expander-toggle\" class=\"a-expander-header a-declarative a-expander-extend-header\" data-a-expander-toggle=\"{\"><i class=\"a-icon a-icon-extender-expand\"><\/i><span class=\"a-expander-prompt\">Weitere Informationen<\/span><\/a> <\/div>\n<p>Entwickelt f\u00fcr unterschiedlichste Zubereitungsarten: Die italienische Pasta kann wie Reis oder Pasta gekocht werden, in warmen oder kalten Gerichten serviert werden &amp; ist ideal f\u00fcr klein und gro\u00df!<br \/>\nAl dente f\u00fcr jeden Tag: Durch die Fertigung aus hochwertigem Hartweizen wird die Suppenpasta nicht zu weich, klebrig oder verkocht zu schnell, sondern begeistert mit optimaler Konsistenz.<br \/>\nDie Hartweizenpasta ist in verschiedensten Suppen, sowie in Fleischbr\u00fchen und vielen anderen Gerichten ein Must-have &#8211; f\u00fcr Genussmomente mit der Familie, Freunden oder alleine.<br \/>\nNach einer Kochzeit von nur 6 Minuten l\u00e4sst sich die Suppen-Pasta dank ihrer kleinen Form ganz einfach aufl\u00f6ffeln.<br \/>\nLieferumfang: Barilla Risoni n. 26 \/ Kurze Kochzeit &amp; das geschmackliche Highlight in jeder Suppe!<br \/>\n<div class=\"main-cross-sell\" data-asin=\"B007VJSL1I\">\n\n\t<div class=\"WooZone-cross-sell-loader\">\n\t\t<div>\n\t\t\t<div id=\"floatingBarsG\">\n\t\t\t\t<div class=\"blockG\" id=\"rotateG_01\"><\/div>\n\t\t\t\t<div class=\"blockG\" id=\"rotateG_02\"><\/div>\n\t\t\t\t<div class=\"blockG\" id=\"rotateG_03\"><\/div>\n\t\t\t\t<div class=\"blockG\" id=\"rotateG_04\"><\/div>\n\t\t\t\t<div class=\"blockG\" id=\"rotateG_05\"><\/div>\n\t\t\t\t<div class=\"blockG\" id=\"rotateG_06\"><\/div>\n\t\t\t\t<div class=\"blockG\" id=\"rotateG_07\"><\/div>\n\t\t\t\t<div class=\"blockG\" id=\"rotateG_08\"><\/div>\n\t\t\t<\/div>\n\t\t\t<div class=\"WooZone-cross-sell-loader-text\"><\/div>\n\t\t<\/div>\n\t<\/div>\n\n\t\t\n<\/div>\n<div style=\"clear:both;\"><\/div>\n","protected":false},"excerpt":{"rendered":"Entwickelt f\u00fcr unterschiedlichste Zubereitungsarten: Die italienische Pasta kann wie Reis oder Pasta gekocht werden, in warmen oder kalten Gerichten serviert werden &amp; ist ideal f\u00fcr klein und gro\u00df!\nAl dente f\u00fcr jeden Tag: Durch die Fertigung aus hochwertigem Hartweizen wird die Suppenpasta nicht zu weich, klebrig oder verkocht zu schnell, sondern begeistert mit optimaler Konsistenz.\nDie Hartweizenpasta ist in verschiedensten Suppen, sowie in Fleischbr\u00fchen und vielen anderen Gerichten ein Must-have - f\u00fcr Genussmomente mit der Familie, Freunden oder alleine.","protected":false},"featured_media":6738,"comment_status":"open","ping_status":"closed","template":"","meta":[],"product_cat":[64,55],"product_tag":[],"_links":{"self":[{"href":"https:\/\/food-shop.org\/index.php?rest_route=\/wp\/v2\/product\/6737"}],"collection":[{"href":"https:\/\/food-shop.org\/index.php?rest_route=\/wp\/v2\/product"}],"about":[{"href":"https:\/\/food-shop.org\/index.php?rest_route=\/wp\/v2\/types\/product"}],"replies":[{"embeddable":true,"href":"https:\/\/food-shop.org\/index.php?rest_route=%2Fwp%2Fv2%2Fcomments&post=6737"}],"wp:featuredmedia":[{"embeddable":true,"href":"https:\/\/food-shop.org\/index.php?rest_route=\/wp\/v2\/media\/6738"}],"wp:attachment":[{"href":"https:\/\/food-shop.org\/index.php?rest_route=%2Fwp%2Fv2%2Fmedia&parent=6737"}],"wp:term":[{"taxonomy":"product_cat","embeddable":true,"href":"https:\/\/food-shop.org\/index.php?rest_route=%2Fwp%2Fv2%2Fproduct_cat&post=6737"},{"taxonomy":"product_tag","embeddable":true,"href":"https:\/\/food-shop.org\/index.php?rest_route=%2Fwp%2Fv2%2Fproduct_tag&post=6737"}],"curies":[{"name":"wp","href":"https:\/\/api.w.org\/{rel}","templated":true}]}}