{"id":6733,"date":"2020-08-31T13:17:52","date_gmt":"2020-08-31T13:17:52","guid":{"rendered":"https:\/\/food-shop.org\/?product=barilla-pasta-penne-rigate-n-73-1kg"},"modified":"2023-04-10T17:54:19","modified_gmt":"2023-04-10T17:54:19","slug":"barilla-pasta-penne-rigate-n-73-1kg","status":"publish","type":"product","link":"https:\/\/food-shop.org\/?product=barilla-pasta-penne-rigate-n-73-1kg","title":{"rendered":"Barilla Pasta Klassische Penne Rigate n.73 aus hochwertigem Hartweizen immer al dente , (1 x 1 kg) 1er Pack"},"content":{"rendered":"<p><!-- show up to 2 reviews by default --> <\/p>\n<h3>Produktbeschreibung<\/h3>\n<p>Barilla Hartweizen Penne Rigate n. 73 Al dente Qualit\u00e4t f\u00fcr jeden Tag: Beste Zutaten kombiniert mit viel Leidenschaft ergeben Barilla Hartweizen Pasta Penne Rigate n. 73. Die Pasta begeistert mit einem einzigartigen Geschmack und l\u00e4sst sich zu jedem Anlass servieren. Sauce und Pesto haften ideal an der Pasta und erm\u00f6glich- en unz\u00e4hlige Kombinationsm\u00f6glichkeiten &#8211; mit der kurzen Pasta kommt einfach jeder auf den Geschmack! Rezeptidee: Penne Rigate mit Pilzen und Pancetta F\u00fcr 4 Personen: 350g Barilla Penne Rigate 150g ger\u00e4ucherter Pancetta 1EL natives Oliven\u00f6l extra 300g gemischte Pilze 2 Schalotten 3EL Petersilie Zubereitung: Ger\u00e4ucherten Pancetta in W\u00fcrfel schneiden &amp; in einer Pfanne mit ein wenig \u00d6l anbraten Gehackte Schalotten im restlichen \u00d6l anbraten, anschlie\u00dfend die grob geschnittenen Pilze &amp; die Petersilie hinzugeben F\u00fcnf Minuten mit ein wenig Pastawasser kochen lassen Barilla Penne Rigate in ausreichend Wasser kochen, bis diese al dente sind Pasta mit der zuvor zubereiteten Sauce vermengen und servieren &#8211; fertig! Barilla &#8211; Italiens Pasta-Marke Nummer 1 Barilla ist ein italienisches Lebensmittelunternehmen in Familienbesitz und hat sich seit seiner Gr\u00fcndung 1877 zu einem internationalen Konzern weiterentwickelt. Als weltweit f\u00fchrendes Unternehmen im Bereich Pasta und Fertigsaucen in Kontinentaleuropa, im Bereich Backprodukte in Ita- lien und Kn\u00e4ckebrot in Skandinavien ist der Barilla-Konzern auf der ganzen Welt als Symbol italienischen Fachwissens bekannt. Barilla engagiert sich sowohl daf\u00fcr ihr Ziel, 100 % ihrer strategischen Zutaten verantwortungsvoll zu beschaffen als auch f\u00fcr nachhaltige Lieferketten vom Feld bis zum Verbrauch. Good for us &#8211; good for the planet. Inhaltsstoffe \/ Zutaten Zutaten: HARTWEIZENGRIESS, Wasser. KANN SPUREN VON EIERN ENTHALTEN, WENN DAS PRODUKT IN DEM MIT DEM BUCHSTABEN (A) GEKENNZEICHNETEN WERK HERGESTELLT WURDE. <\/p>\n<h3>Inhaltsstoffe \/ Zutaten<\/h3>\n<p>Zutaten: HARTWEIZENGRIESS, Wasser. KANN SPUREN VON EIERN ENTHALTEN, WENN DAS PRODUKT IN DEM MIT DEM BUCHSTABEN (A) GEKENNZEICHNETEN WERK HERGESTELLT WURDE. <\/p>\n<div data-a-expander-name=\"toggle_description\" class=\"a-row a-expander-container a-expander-extend-container\">\n<div class=\"a-expander-content a-expander-extend-content\">\n<h3>Gebrauchsanweisung<\/h3>\n<p>Kochzeit 11 Minuten <\/p>\n<\/p><\/div>\n<p> <a href=\"void(0)\" data-action=\"a-expander-toggle\" class=\"a-expander-header a-declarative a-expander-extend-header\" data-a-expander-toggle=\"{\"><i class=\"a-icon a-icon-extender-expand\"><\/i><span class=\"a-expander-prompt\">Weitere Informationen<\/span><\/a> <\/div>\n<p>Penne Rigate betont sowohl traditionelle Saucen auf Fleisch- oder Tomatenbasis, als auch originelle Saucen mit Gem\u00fcse &amp; K\u00e4se &#8211; f\u00fcr den besonderen Genuss alleine, mit Freunden oder Familie<br \/>\nAl dente f\u00fcr jeden Tag: Durch die Fertigung aus hochwertigem Hartweizen wird die italienische Pasta nicht zu weich, klebrig oder verkocht zu schnell, sondern begeistert mit optimaler Konsistenz<br \/>\nGeschmackstr\u00e4ger: Mit ihrer schlanken Form eignet sich die Penne auch ideal f\u00fcr leckere Pasta Aufl\u00e4ufe &#8211; Penne als Star bei jedem Festessen oder im Alltag<br \/>\nEinfache Zubereitung: Nach einer Kochzeit von 11 Minuten steht dem Genuss der k\u00f6stlichen Pasta nichts mehr im Wege<br \/>\nLieferumfang: Barilla Penne Rigate n. 73 \/ Schmeckt besonders gut mit Barilla Pomodoro oder Ricotta Sauce!<br \/>\n<div class=\"main-cross-sell\" data-asin=\"B07YQG4M4D\">\n\n\t<div class=\"WooZone-cross-sell-loader\">\n\t\t<div>\n\t\t\t<div id=\"floatingBarsG\">\n\t\t\t\t<div class=\"blockG\" id=\"rotateG_01\"><\/div>\n\t\t\t\t<div class=\"blockG\" id=\"rotateG_02\"><\/div>\n\t\t\t\t<div class=\"blockG\" id=\"rotateG_03\"><\/div>\n\t\t\t\t<div class=\"blockG\" id=\"rotateG_04\"><\/div>\n\t\t\t\t<div class=\"blockG\" id=\"rotateG_05\"><\/div>\n\t\t\t\t<div class=\"blockG\" id=\"rotateG_06\"><\/div>\n\t\t\t\t<div class=\"blockG\" id=\"rotateG_07\"><\/div>\n\t\t\t\t<div class=\"blockG\" id=\"rotateG_08\"><\/div>\n\t\t\t<\/div>\n\t\t\t<div class=\"WooZone-cross-sell-loader-text\"><\/div>\n\t\t<\/div>\n\t<\/div>\n\n\t\t\n<\/div>\n<div style=\"clear:both;\"><\/div>\n","protected":false},"excerpt":{"rendered":"Penne Rigate betont sowohl traditionelle Saucen auf Fleisch- oder Tomatenbasis, als auch originelle Saucen mit Gem\u00fcse &amp; K\u00e4se - f\u00fcr den besonderen Genuss alleine, mit Freunden oder Familie\nAl dente f\u00fcr jeden Tag: Durch die Fertigung aus hochwertigem Hartweizen wird die italienische Pasta nicht zu weich, klebrig oder verkocht zu schnell, sondern begeistert mit optimaler Konsistenz\nGeschmackstr\u00e4ger: Mit ihrer schlanken Form eignet sich die Penne auch ideal f\u00fcr leckere Pasta Aufl\u00e4ufe - Penne als Star bei jedem Festessen oder im Alltag","protected":false},"featured_media":6734,"comment_status":"open","ping_status":"closed","template":"","meta":[],"product_cat":[64,55],"product_tag":[],"_links":{"self":[{"href":"https:\/\/food-shop.org\/index.php?rest_route=\/wp\/v2\/product\/6733"}],"collection":[{"href":"https:\/\/food-shop.org\/index.php?rest_route=\/wp\/v2\/product"}],"about":[{"href":"https:\/\/food-shop.org\/index.php?rest_route=\/wp\/v2\/types\/product"}],"replies":[{"embeddable":true,"href":"https:\/\/food-shop.org\/index.php?rest_route=%2Fwp%2Fv2%2Fcomments&post=6733"}],"wp:featuredmedia":[{"embeddable":true,"href":"https:\/\/food-shop.org\/index.php?rest_route=\/wp\/v2\/media\/6734"}],"wp:attachment":[{"href":"https:\/\/food-shop.org\/index.php?rest_route=%2Fwp%2Fv2%2Fmedia&parent=6733"}],"wp:term":[{"taxonomy":"product_cat","embeddable":true,"href":"https:\/\/food-shop.org\/index.php?rest_route=%2Fwp%2Fv2%2Fproduct_cat&post=6733"},{"taxonomy":"product_tag","embeddable":true,"href":"https:\/\/food-shop.org\/index.php?rest_route=%2Fwp%2Fv2%2Fproduct_tag&post=6733"}],"curies":[{"name":"wp","href":"https:\/\/api.w.org\/{rel}","templated":true}]}}