{"id":6709,"date":"2020-08-31T13:17:38","date_gmt":"2020-08-31T13:17:38","guid":{"rendered":"https:\/\/food-shop.org\/?product=martelli-penne-nudeln-6-x-1-000g-sparpaket"},"modified":"2023-04-10T17:54:19","modified_gmt":"2023-04-10T17:54:19","slug":"martelli-penne-nudeln-6-x-1-000g-sparpaket","status":"publish","type":"product","link":"https:\/\/food-shop.org\/?product=martelli-penne-nudeln-6-x-1-000g-sparpaket","title":{"rendered":"Martelli Penne Nudeln, 6 x 1.000g &#8211; Sparpaket"},"content":{"rendered":"<p><!-- show up to 2 reviews by default --> <\/p>\n<p>Die Penne Nudeln von Martelli haben die klassische italienische Wandst\u00e4rke und eine wunderbare raue Oberfl\u00e4che f\u00fcr Saucen. Die raue Oberfl\u00e4che eignen sich hervorragend zu Saucen, da Sauce von den Spaghettinudeln besser aufgenommen wird und haften bleibt. Die Nudeln in Deutschland sind im Vergleich dazu wesentlich glatter und d\u00fcnner. Der kleine Familienbetrieb ist in fast allen L\u00e4ndern der Erde bekannt und man sch\u00e4tzt das handwerkliche K\u00f6nnen des kleinen Familienbetriebes. <\/p>\n<p>Penne Nudeln von Martelli<br \/>\nklassische italienische Wandst\u00e4rke<br \/>\nwunderbare raue Oberfl\u00e4che f\u00fcr Saucen<br \/>\n<div class=\"main-cross-sell\" data-asin=\"B00H71Z9G0\">\n\n\t<div class=\"WooZone-cross-sell-loader\">\n\t\t<div>\n\t\t\t<div id=\"floatingBarsG\">\n\t\t\t\t<div class=\"blockG\" id=\"rotateG_01\"><\/div>\n\t\t\t\t<div class=\"blockG\" id=\"rotateG_02\"><\/div>\n\t\t\t\t<div class=\"blockG\" id=\"rotateG_03\"><\/div>\n\t\t\t\t<div class=\"blockG\" id=\"rotateG_04\"><\/div>\n\t\t\t\t<div class=\"blockG\" id=\"rotateG_05\"><\/div>\n\t\t\t\t<div class=\"blockG\" id=\"rotateG_06\"><\/div>\n\t\t\t\t<div class=\"blockG\" id=\"rotateG_07\"><\/div>\n\t\t\t\t<div class=\"blockG\" id=\"rotateG_08\"><\/div>\n\t\t\t<\/div>\n\t\t\t<div class=\"WooZone-cross-sell-loader-text\"><\/div>\n\t\t<\/div>\n\t<\/div>\n\n\t\t\n<\/div>\n<div style=\"clear:both;\"><\/div>\n","protected":false},"excerpt":{"rendered":"Penne Nudeln von Martelli\nklassische italienische Wandst\u00e4rke\nwunderbare raue Oberfl\u00e4che f\u00fcr Saucen","protected":false},"featured_media":6710,"comment_status":"open","ping_status":"closed","template":"","meta":[],"product_cat":[64,55],"product_tag":[],"_links":{"self":[{"href":"https:\/\/food-shop.org\/index.php?rest_route=\/wp\/v2\/product\/6709"}],"collection":[{"href":"https:\/\/food-shop.org\/index.php?rest_route=\/wp\/v2\/product"}],"about":[{"href":"https:\/\/food-shop.org\/index.php?rest_route=\/wp\/v2\/types\/product"}],"replies":[{"embeddable":true,"href":"https:\/\/food-shop.org\/index.php?rest_route=%2Fwp%2Fv2%2Fcomments&post=6709"}],"wp:featuredmedia":[{"embeddable":true,"href":"https:\/\/food-shop.org\/index.php?rest_route=\/wp\/v2\/media\/6710"}],"wp:attachment":[{"href":"https:\/\/food-shop.org\/index.php?rest_route=%2Fwp%2Fv2%2Fmedia&parent=6709"}],"wp:term":[{"taxonomy":"product_cat","embeddable":true,"href":"https:\/\/food-shop.org\/index.php?rest_route=%2Fwp%2Fv2%2Fproduct_cat&post=6709"},{"taxonomy":"product_tag","embeddable":true,"href":"https:\/\/food-shop.org\/index.php?rest_route=%2Fwp%2Fv2%2Fproduct_tag&post=6709"}],"curies":[{"name":"wp","href":"https:\/\/api.w.org\/{rel}","templated":true}]}}