{"id":6673,"date":"2020-08-31T13:17:23","date_gmt":"2020-08-31T13:17:23","guid":{"rendered":"https:\/\/food-shop.org\/?product=barilla-spaghetti-n-5-12er-pack-12x500g"},"modified":"2023-04-10T17:54:18","modified_gmt":"2023-04-10T17:54:18","slug":"barilla-spaghetti-n-5-12er-pack-12x500g","status":"publish","type":"product","link":"https:\/\/food-shop.org\/?product=barilla-spaghetti-n-5-12er-pack-12x500g","title":{"rendered":"Barilla &#8211; Spaghetti n.5 12er Pack (12x500g)"},"content":{"rendered":"<p><!-- show up to 2 reviews by default --> <\/p>\n<h3>Inhaltsstoffe \/ Zutaten<\/h3>\n<p>HARTWEIZENGRIE\u00df, Wasser <\/p>\n<h3>Gebrauchsanweisung<\/h3>\n<p>Zubereitung f\u00fcr 100g Pasta: 1 Liter Wasser, 7g Salz. Salz in kochendes Wasser geben. Pasta hinzugeben, ab und zu umf\u00fchren. Kochzeit: 10min.. Beim Abgie\u00dfen Wasser nicht vollst\u00e4ndig abtropfen lassen <\/p>\n<div data-a-expander-name=\"toggle_description\" class=\"a-row a-expander-container a-expander-extend-container\">\n<div class=\"a-expander-content a-expander-extend-content\">\n<h3>Anschrift Hersteller\/Importeur<\/h3>\n<p>Barilla G.e.R. Fratelli Via Mantova 166 Parma &#8211; Italy <\/p>\n<\/p><\/div>\n<p> <a href=\"void(0)\" data-action=\"a-expander-toggle\" class=\"a-expander-header a-declarative a-expander-extend-header\" data-a-expander-toggle=\"{\"><i class=\"a-icon a-icon-extender-expand\"><\/i><span class=\"a-expander-prompt\">Weitere Informationen<\/span><\/a> <\/div>\n<div class=\"main-cross-sell\" data-asin=\"B06ZZDVMBP\">\n\n\t<div class=\"WooZone-cross-sell-loader\">\n\t\t<div>\n\t\t\t<div id=\"floatingBarsG\">\n\t\t\t\t<div class=\"blockG\" id=\"rotateG_01\"><\/div>\n\t\t\t\t<div class=\"blockG\" id=\"rotateG_02\"><\/div>\n\t\t\t\t<div class=\"blockG\" id=\"rotateG_03\"><\/div>\n\t\t\t\t<div class=\"blockG\" id=\"rotateG_04\"><\/div>\n\t\t\t\t<div class=\"blockG\" id=\"rotateG_05\"><\/div>\n\t\t\t\t<div class=\"blockG\" id=\"rotateG_06\"><\/div>\n\t\t\t\t<div class=\"blockG\" id=\"rotateG_07\"><\/div>\n\t\t\t\t<div class=\"blockG\" id=\"rotateG_08\"><\/div>\n\t\t\t<\/div>\n\t\t\t<div class=\"WooZone-cross-sell-loader-text\"><\/div>\n\t\t<\/div>\n\t<\/div>\n\n\t\t\n<\/div>\n<div style=\"clear:both;\"><\/div>\n","protected":false},"excerpt":{"rendered":"Inhaltsstoffe \/ Zutaten HARTWEIZENGRIE\u00df, Wasser Gebrauchsanweisung Zubereitung f\u00fcr 100g Pasta: 1 Liter Wasser, 7g Salz. Salz in kochendes Wasser geben. Pasta hinzugeben, ab und zu umf\u00fchren. Kochzeit: 10min.. Beim Abgie\u00dfen Wasser nicht vollst\u00e4ndig abtropfen lassen Anschrift Hersteller\/Importeur Barilla G.e.R. Fratelli Via Mantova 166 Parma - Italy Weitere Informationen","protected":false},"featured_media":6674,"comment_status":"open","ping_status":"closed","template":"","meta":[],"product_cat":[64,55],"product_tag":[],"_links":{"self":[{"href":"https:\/\/food-shop.org\/index.php?rest_route=\/wp\/v2\/product\/6673"}],"collection":[{"href":"https:\/\/food-shop.org\/index.php?rest_route=\/wp\/v2\/product"}],"about":[{"href":"https:\/\/food-shop.org\/index.php?rest_route=\/wp\/v2\/types\/product"}],"replies":[{"embeddable":true,"href":"https:\/\/food-shop.org\/index.php?rest_route=%2Fwp%2Fv2%2Fcomments&post=6673"}],"wp:featuredmedia":[{"embeddable":true,"href":"https:\/\/food-shop.org\/index.php?rest_route=\/wp\/v2\/media\/6674"}],"wp:attachment":[{"href":"https:\/\/food-shop.org\/index.php?rest_route=%2Fwp%2Fv2%2Fmedia&parent=6673"}],"wp:term":[{"taxonomy":"product_cat","embeddable":true,"href":"https:\/\/food-shop.org\/index.php?rest_route=%2Fwp%2Fv2%2Fproduct_cat&post=6673"},{"taxonomy":"product_tag","embeddable":true,"href":"https:\/\/food-shop.org\/index.php?rest_route=%2Fwp%2Fv2%2Fproduct_tag&post=6673"}],"curies":[{"name":"wp","href":"https:\/\/api.w.org\/{rel}","templated":true}]}}