{"id":6669,"date":"2020-08-31T13:17:21","date_gmt":"2020-08-31T13:17:21","guid":{"rendered":"https:\/\/food-shop.org\/?product=barilla-pasta-spaghettini-n-3-500g"},"modified":"2023-04-10T17:54:18","modified_gmt":"2023-04-10T17:54:18","slug":"barilla-pasta-spaghettini-n-3-500g","status":"publish","type":"product","link":"https:\/\/food-shop.org\/?product=barilla-pasta-spaghettini-n-3-500g","title":{"rendered":"Barilla Pasta Klassische Spaghettini n.3 aus hochwertigem Hartweizen immer al dente, (1 x 500 g)"},"content":{"rendered":"<p><!-- show up to 2 reviews by default --> <\/p>\n<h3>Produktbeschreibung<\/h3>\n<p>Barilla Hartweizen Pasta Spaghettini n. 3 Al dente Qualit\u00e4t f\u00fcr jeden Tag: Beste Zutaten kombiniert mit viel Leidenschaft ergeben Barilla Hartweizen Pasta Spaghettini n. 3. Die Pasta begeistert mit einem einzigartigen Geschmack und l\u00e4sst sich zu jedem Anlass servieren. Sauce und Pesto haften ideal an der Pasta und erm\u00f6glichen unz\u00e4hlige Kombinationsm\u00f6glichkeiten &#8211; mit der langen Pasta kommt einfach jeder auf den Geschmack! Rezeptidee: Spaghettini mit Basilico Sauce. Barilla Basilico Sauce einfach direkt auf die Spaghettini n. 3 geben, nachdem diese abgesch\u00fcttet wurden. Um den Duft und den Geschmack der einzelnen Zutaten noch st\u00e4rker zu betonen wird empfohlen, die Sauce in einem Topf auf dem Herd oder in der Mikrowelle mit ge\u00f6ffnetem Glas langsam zu erw\u00e4rmen. Je nach Belieben kann das Gericht mit einem Spritzer Oliven\u00f6l extra vergine und einer kleinen Menge geriebenem Parmigiano Reggiano abgerundet werden. Barilla &#8211; Italiens Pasta-Marke Nummer 1. Barilla ist ein italienisches Lebensmittelunternehmen in Familienbesitz und hat sich seit seiner Gr\u00fcndung 1877 zu einem internationalen Konzern weiterentwickelt. Als weltweit f\u00fchrendes Unternehmen im Bereich Pasta und Fertigsaucen in Kontinentaleuropa, im Bereich Backprodukte in Italien und Kn\u00e4ckebrot in Skandinavien ist der Barilla-Konzern auf der ganzen Welt als Symbol italienischen Fachwissens bekannt. Barilla engagiert sich sowohl daf\u00fcr ihr Ziel, 100 % ihrer strategischen Zutaten verantwortungsvoll zu beschaffen als auch f\u00fcr nachhaltige Lieferketten vom Feld bis zum Verbrauch. Good for us &#8211; good for the planet. <\/p>\n<h3>Inhaltsstoffe \/ Zutaten<\/h3>\n<p>Zutaten: HARTWEIZENGRIESS, Wasser. KANN SPUREN VON SOJABOHNEN ENTHALTEN. KANN SPUREN VON EIERN ENTHALTEN, WENN DAS PRODUKT IN DEM MIT DEM BUCHSTABEN (A) GEKENNZEICHNETEN WERK HERGESTELLT WURDE. <\/p>\n<div data-a-expander-name=\"toggle_description\" class=\"a-row a-expander-container a-expander-extend-container\">\n<div class=\"a-expander-content a-expander-extend-content\">\n<h3>Gebrauchsanweisung<\/h3>\n<p>Kochzeit: 5 Minuten <\/p>\n<\/p><\/div>\n<p> <a href=\"void(0)\" data-action=\"a-expander-toggle\" class=\"a-expander-header a-declarative a-expander-extend-header\" data-a-expander-toggle=\"{\"><i class=\"a-icon a-icon-extender-expand\"><\/i><span class=\"a-expander-prompt\">Weitere Informationen<\/span><\/a> <\/div>\n<p>D\u00fcnner als Spaghetti sind Spaghettini das Highlight in jedem Gericht &#8211; f\u00fcr den besonderen Genuss alleine, mit Freunden oder Familie<br \/>\nAl dente f\u00fcr jeden Tag: Durch die Fertigung aus hochwertigem Hartweizen wird die italienische Pasta nicht zu weich, klebrig oder verkocht zu schnell, sondern begeistert mit optimaler Konsistenz<br \/>\nLeichte &amp; cremige Saucen wie z.B. Pastasauce, \u00d6l mit Basilikum oder Pesto haften ideal an der Pasta und sorgen so f\u00fcr vielf\u00e4ltige, kulinarische Momente<br \/>\nEinfache Zubereitung: Nach einer Kochzeit von 5 Minuten lassen sich die Spaghetti dank ihrer d\u00fcnnen &amp; langen Form einfach um die Gabel wickeln und auskosten<br \/>\nLieferumfang: Barilla Spaghettini n. 3 \/ Schmecken besonders gut mit Barilla Pesto Ricotta e Noci und Barilla Pastasauce Basilico<br \/>\n<div class=\"main-cross-sell\" data-asin=\"B07YP1W5ZW\">\n\n\t<div class=\"WooZone-cross-sell-loader\">\n\t\t<div>\n\t\t\t<div id=\"floatingBarsG\">\n\t\t\t\t<div class=\"blockG\" id=\"rotateG_01\"><\/div>\n\t\t\t\t<div class=\"blockG\" id=\"rotateG_02\"><\/div>\n\t\t\t\t<div class=\"blockG\" id=\"rotateG_03\"><\/div>\n\t\t\t\t<div class=\"blockG\" id=\"rotateG_04\"><\/div>\n\t\t\t\t<div class=\"blockG\" id=\"rotateG_05\"><\/div>\n\t\t\t\t<div class=\"blockG\" id=\"rotateG_06\"><\/div>\n\t\t\t\t<div class=\"blockG\" id=\"rotateG_07\"><\/div>\n\t\t\t\t<div class=\"blockG\" id=\"rotateG_08\"><\/div>\n\t\t\t<\/div>\n\t\t\t<div class=\"WooZone-cross-sell-loader-text\"><\/div>\n\t\t<\/div>\n\t<\/div>\n\n\t\t\n<\/div>\n<div style=\"clear:both;\"><\/div>\n","protected":false},"excerpt":{"rendered":"D\u00fcnner als Spaghetti sind Spaghettini das Highlight in jedem Gericht - f\u00fcr den besonderen Genuss alleine, mit Freunden oder Familie\nAl dente f\u00fcr jeden Tag: Durch die Fertigung aus hochwertigem Hartweizen wird die italienische Pasta nicht zu weich, klebrig oder verkocht zu schnell, sondern begeistert mit optimaler Konsistenz\nLeichte &amp; cremige Saucen wie z.B. Pastasauce, \u00d6l mit Basilikum oder Pesto haften ideal an der Pasta und sorgen so f\u00fcr vielf\u00e4ltige, kulinarische Momente","protected":false},"featured_media":6670,"comment_status":"open","ping_status":"closed","template":"","meta":[],"product_cat":[64,55],"product_tag":[],"_links":{"self":[{"href":"https:\/\/food-shop.org\/index.php?rest_route=\/wp\/v2\/product\/6669"}],"collection":[{"href":"https:\/\/food-shop.org\/index.php?rest_route=\/wp\/v2\/product"}],"about":[{"href":"https:\/\/food-shop.org\/index.php?rest_route=\/wp\/v2\/types\/product"}],"replies":[{"embeddable":true,"href":"https:\/\/food-shop.org\/index.php?rest_route=%2Fwp%2Fv2%2Fcomments&post=6669"}],"wp:featuredmedia":[{"embeddable":true,"href":"https:\/\/food-shop.org\/index.php?rest_route=\/wp\/v2\/media\/6670"}],"wp:attachment":[{"href":"https:\/\/food-shop.org\/index.php?rest_route=%2Fwp%2Fv2%2Fmedia&parent=6669"}],"wp:term":[{"taxonomy":"product_cat","embeddable":true,"href":"https:\/\/food-shop.org\/index.php?rest_route=%2Fwp%2Fv2%2Fproduct_cat&post=6669"},{"taxonomy":"product_tag","embeddable":true,"href":"https:\/\/food-shop.org\/index.php?rest_route=%2Fwp%2Fv2%2Fproduct_tag&post=6669"}],"curies":[{"name":"wp","href":"https:\/\/api.w.org\/{rel}","templated":true}]}}