{"id":6639,"date":"2020-08-31T13:14:23","date_gmt":"2020-08-31T13:14:23","guid":{"rendered":"https:\/\/food-shop.org\/?product=ennstaler-steirerkas-230g"},"modified":"2023-04-10T17:54:18","modified_gmt":"2023-04-10T17:54:18","slug":"ennstaler-steirerkas-230g","status":"publish","type":"product","link":"https:\/\/food-shop.org\/?product=ennstaler-steirerkas-230g","title":{"rendered":"Ennstaler Steirerkas &#8211; 230g"},"content":{"rendered":"<p><!-- show up to 2 reviews by default --> <\/p>\n<h3>Produktbeschreibungen<\/h3>\n<p>Steirerkas ist ein naturechter Sauermilchk\u00e4se mit trocken bis leicht feuchter, kr\u00fcmeliger Konsistenz und w\u00fcrzig pikantem, sp\u00e4ter scharfem Geschmack, mit einem Anflug von Edelschimmel &#8211; eine Spezialit\u00e4t aus dem Ennstal mit nur 0,5% Fett Steirerkas ist ein pikant w\u00fcrziger Sauermilchk\u00e4se Der Ursprung des Ennstaler Steirerkas liegt auf den Almen des steirischen Ennstals. Saure Magermilch wird in gro\u00dfen Kupferkesseln aufgekocht &#8211; der daraus entstandene Kasbruch wird in ein Leinentuch gesch\u00f6pft und die Molke wird herausgepresst. Der kr\u00fcmmelige K\u00e4se wird gesalzen und gepfeffert. Nach 4 Wochen und mehrmaligem Wenden ist er gen\u00fcgend gereift. Von der Ennstal Milch wird der &#8222;Ennstaler Steirerkas&#8220; nach diesem traditionellen Rezept in der K\u00e4serei Gr\u00f6bming hergestellt. Die ausgezeichnete Qualit\u00e4t der Rohmilch, hervorragende Kenntnisse in der Kunst der K\u00e4erei und neueste Technologie bilden die Bbausteine f\u00fcr diesen mit Sorgfalt produzierten K\u00e4se. So lernt mancher Wanderer auf den steirischen Almen nach wie vor diesen urtypischen K\u00e4se als Steirerkas oder Steirerk\u00e4se kennen. Der Ennstaler Steirerkas schmeckt hervorragend aufs Butterbrot. aber auch f\u00fcr warme Gerichte, zb Kasnockerl oder K\u00e4sekn\u00f6del &#8211; hier eignet sich Krautsalat mit Speck als beilage &#8211; wird er gerne verwendet. Diese Spezialit\u00e4ten sind weit \u00fcber das Ennstal hinaus bekannt. <\/p>\n<h3>Inhaltsstoffe \/ Zutaten<\/h3>\n<p>Magermilchstufe mit nur 0,5% Fett. Geriebener Sauermilchk\u00e4se, aus pasteurisierter Magermilch mit 0,03% Pfeffer, mit Edelschimmel gereift. <\/p>\n<div class=\"main-cross-sell\" data-asin=\"B00SVEJZBM\">\n\n\t<div class=\"WooZone-cross-sell-loader\">\n\t\t<div>\n\t\t\t<div id=\"floatingBarsG\">\n\t\t\t\t<div class=\"blockG\" id=\"rotateG_01\"><\/div>\n\t\t\t\t<div class=\"blockG\" id=\"rotateG_02\"><\/div>\n\t\t\t\t<div class=\"blockG\" id=\"rotateG_03\"><\/div>\n\t\t\t\t<div class=\"blockG\" id=\"rotateG_04\"><\/div>\n\t\t\t\t<div class=\"blockG\" id=\"rotateG_05\"><\/div>\n\t\t\t\t<div class=\"blockG\" id=\"rotateG_06\"><\/div>\n\t\t\t\t<div class=\"blockG\" id=\"rotateG_07\"><\/div>\n\t\t\t\t<div class=\"blockG\" id=\"rotateG_08\"><\/div>\n\t\t\t<\/div>\n\t\t\t<div class=\"WooZone-cross-sell-loader-text\"><\/div>\n\t\t<\/div>\n\t<\/div>\n\n\t\t\n<\/div>\n<div style=\"clear:both;\"><\/div>\n","protected":false},"excerpt":{"rendered":"Produktbeschreibungen Steirerkas ist ein naturechter Sauermilchk\u00e4se mit trocken bis leicht feuchter, kr\u00fcmeliger Konsistenz und w\u00fcrzig pikantem, sp\u00e4ter scharfem Geschmack, mit einem Anflug von Edelschimmel - eine Spezialit\u00e4t aus dem Ennstal mit nur 0,5% Fett Steirerkas ist ein pikant w\u00fcrziger Sauermilchk\u00e4se Der Ursprung des Ennstaler Steirerkas liegt auf den Almen des steirischen Ennstals. Saure Magermilch wird [...]","protected":false},"featured_media":6640,"comment_status":"open","ping_status":"closed","template":"","meta":[],"product_cat":[64,417],"product_tag":[],"_links":{"self":[{"href":"https:\/\/food-shop.org\/index.php?rest_route=\/wp\/v2\/product\/6639"}],"collection":[{"href":"https:\/\/food-shop.org\/index.php?rest_route=\/wp\/v2\/product"}],"about":[{"href":"https:\/\/food-shop.org\/index.php?rest_route=\/wp\/v2\/types\/product"}],"replies":[{"embeddable":true,"href":"https:\/\/food-shop.org\/index.php?rest_route=%2Fwp%2Fv2%2Fcomments&post=6639"}],"wp:featuredmedia":[{"embeddable":true,"href":"https:\/\/food-shop.org\/index.php?rest_route=\/wp\/v2\/media\/6640"}],"wp:attachment":[{"href":"https:\/\/food-shop.org\/index.php?rest_route=%2Fwp%2Fv2%2Fmedia&parent=6639"}],"wp:term":[{"taxonomy":"product_cat","embeddable":true,"href":"https:\/\/food-shop.org\/index.php?rest_route=%2Fwp%2Fv2%2Fproduct_cat&post=6639"},{"taxonomy":"product_tag","embeddable":true,"href":"https:\/\/food-shop.org\/index.php?rest_route=%2Fwp%2Fv2%2Fproduct_tag&post=6639"}],"curies":[{"name":"wp","href":"https:\/\/api.w.org\/{rel}","templated":true}]}}