{"id":6632,"date":"2020-08-31T13:14:19","date_gmt":"2020-08-31T13:14:19","guid":{"rendered":"https:\/\/food-shop.org\/?product=ricos-nacho-kaese-dip-2x-99g"},"modified":"2023-04-10T17:54:18","modified_gmt":"2023-04-10T17:54:18","slug":"ricos-nacho-kaese-dip-2x-99g","status":"publish","type":"product","link":"https:\/\/food-shop.org\/?product=ricos-nacho-kaese-dip-2x-99g","title":{"rendered":"Ricos Nacho K\u00e4se Dip, 99 g (Pack von 2)"},"content":{"rendered":"<p><!-- show up to 2 reviews by default --> <\/p>\n<h3>Produktbeschreibungen<\/h3>\n<p>Der aus dem Kino bekannte leckere K\u00e4se-Dip in zwei Portionsbecher \u00e0 99g. <\/p>\n<h3>Inhaltsstoffe \/ Zutaten<\/h3>\n<p>Zutaten:K\u00e4semolke und geh\u00e4rtetes Pflanzen\u00f6l (Stabilisator E481), modifierte St\u00e4rke, Cheddar-K\u00e4se 8%, Jalapeno Paprika 2%, Stabilisator E339, Speisesalz, Maltodextrin, Branntweinessig, Geschmacksverst\u00e4rker E621, Emulgator E471, Aroma, Farbstoff E102, E110 <\/p>\n<div data-a-expander-name=\"toggle_description\" class=\"a-row a-expander-container a-expander-extend-container\">\n<div class=\"a-expander-content a-expander-extend-content\">\n<h3>Anschrift Hersteller\/Importeur<\/h3>\n<p>PCO Group GmbH Hupfleitenweg 10 &#8211; 82467 Garmisch-P <\/p>\n<\/p><\/div>\n<p> <a href=\"void(0)\" data-action=\"a-expander-toggle\" class=\"a-expander-header a-declarative a-expander-extend-header\" data-a-expander-toggle=\"{\"><i class=\"a-icon a-icon-extender-expand\"><\/i><span class=\"a-expander-prompt\">Weitere Informationen<\/span><\/a> <\/div>\n<p>Der aus dem Kino bekannte K\u00e4se-Dip.<br \/>\nZutaten:Molkenerzeugnis (aus Milch), Magermilch, Wasser, Sonnenblumen\u00f6l, modifizierte St\u00e4rke, Salz, Cheddar K\u00e4se (pasteurisierte Milch, K\u00e4sekulturen, Salz, Enzyme), Jalapeno Paprika, Emulgator: E339, E471, E452i; nat\u00fcrliche Aromen (Milch), S\u00e4ureregulator: E331, E260; Geschmacksverst\u00e4rker: E621; Zucker, Branntweinessig, Farbstoff: E160e, E160a.<br \/>\nEigent sich hervorragend als leckerer Dip f\u00fcr die Hombre Nachos Barbecue<br \/>\n<div class=\"main-cross-sell\" data-asin=\"B083X5SBJX\">\n\n\t<div class=\"WooZone-cross-sell-loader\">\n\t\t<div>\n\t\t\t<div id=\"floatingBarsG\">\n\t\t\t\t<div class=\"blockG\" id=\"rotateG_01\"><\/div>\n\t\t\t\t<div class=\"blockG\" id=\"rotateG_02\"><\/div>\n\t\t\t\t<div class=\"blockG\" id=\"rotateG_03\"><\/div>\n\t\t\t\t<div class=\"blockG\" id=\"rotateG_04\"><\/div>\n\t\t\t\t<div class=\"blockG\" id=\"rotateG_05\"><\/div>\n\t\t\t\t<div class=\"blockG\" id=\"rotateG_06\"><\/div>\n\t\t\t\t<div class=\"blockG\" id=\"rotateG_07\"><\/div>\n\t\t\t\t<div class=\"blockG\" id=\"rotateG_08\"><\/div>\n\t\t\t<\/div>\n\t\t\t<div class=\"WooZone-cross-sell-loader-text\"><\/div>\n\t\t<\/div>\n\t<\/div>\n\n\t\t\n<\/div>\n<div style=\"clear:both;\"><\/div>\n","protected":false},"excerpt":{"rendered":"Der aus dem Kino bekannte K\u00e4se-Dip.\nZutaten:Molkenerzeugnis (aus Milch), Magermilch, Wasser, Sonnenblumen\u00f6l, modifizierte St\u00e4rke, Salz, Cheddar K\u00e4se (pasteurisierte Milch, K\u00e4sekulturen, Salz, Enzyme), Jalapeno Paprika, Emulgator: E339, E471, E452i; nat\u00fcrliche Aromen (Milch), S\u00e4ureregulator: E331, E260; Geschmacksverst\u00e4rker: E621; Zucker, Branntweinessig, Farbstoff: E160e, E160a.\nEigent sich hervorragend als leckerer Dip f\u00fcr die Hombre Nachos Barbecue","protected":false},"featured_media":6633,"comment_status":"open","ping_status":"closed","template":"","meta":[],"product_cat":[64,417],"product_tag":[],"_links":{"self":[{"href":"https:\/\/food-shop.org\/index.php?rest_route=\/wp\/v2\/product\/6632"}],"collection":[{"href":"https:\/\/food-shop.org\/index.php?rest_route=\/wp\/v2\/product"}],"about":[{"href":"https:\/\/food-shop.org\/index.php?rest_route=\/wp\/v2\/types\/product"}],"replies":[{"embeddable":true,"href":"https:\/\/food-shop.org\/index.php?rest_route=%2Fwp%2Fv2%2Fcomments&post=6632"}],"wp:featuredmedia":[{"embeddable":true,"href":"https:\/\/food-shop.org\/index.php?rest_route=\/wp\/v2\/media\/6633"}],"wp:attachment":[{"href":"https:\/\/food-shop.org\/index.php?rest_route=%2Fwp%2Fv2%2Fmedia&parent=6632"}],"wp:term":[{"taxonomy":"product_cat","embeddable":true,"href":"https:\/\/food-shop.org\/index.php?rest_route=%2Fwp%2Fv2%2Fproduct_cat&post=6632"},{"taxonomy":"product_tag","embeddable":true,"href":"https:\/\/food-shop.org\/index.php?rest_route=%2Fwp%2Fv2%2Fproduct_tag&post=6632"}],"curies":[{"name":"wp","href":"https:\/\/api.w.org\/{rel}","templated":true}]}}