{"id":6628,"date":"2020-08-31T13:14:17","date_gmt":"2020-08-31T13:14:17","guid":{"rendered":"https:\/\/food-shop.org\/?product=kaese-selber-de-tme-mischkultur-mesophil-thermophil-fuer-weichkaese"},"modified":"2023-04-10T17:54:18","modified_gmt":"2023-04-10T17:54:18","slug":"kaese-selber-de-tme-mischkultur-mesophil-thermophil-fuer-weichkaese","status":"publish","type":"product","link":"https:\/\/food-shop.org\/?product=kaese-selber-de-tme-mischkultur-mesophil-thermophil-fuer-weichkaese","title":{"rendered":"kaese-selber.de TME Mischkultur mesophil\/thermophil f\u00fcr Weichk\u00e4se"},"content":{"rendered":"<p>Ideal f\u00fcr Weichk\u00e4se (auch f\u00fcr Schnittk\u00e4se geeignet)<br \/>\nInhalt: 15 g &#8211; gefriergetrocknet (pulverartig)<br \/>\nDosierung: ca. \u00bd Teel\u00f6ffel auf 5 Liter Milch (entspricht ca. 0,5 g)<br \/>\nIm K\u00fchlschrank gek\u00fchlt und Luftdicht aufbewahren<br \/>\n<div class=\"main-cross-sell\" data-asin=\"B078XFKWKC\">\n\n\t<div class=\"WooZone-cross-sell-loader\">\n\t\t<div>\n\t\t\t<div id=\"floatingBarsG\">\n\t\t\t\t<div class=\"blockG\" id=\"rotateG_01\"><\/div>\n\t\t\t\t<div class=\"blockG\" id=\"rotateG_02\"><\/div>\n\t\t\t\t<div class=\"blockG\" id=\"rotateG_03\"><\/div>\n\t\t\t\t<div class=\"blockG\" id=\"rotateG_04\"><\/div>\n\t\t\t\t<div class=\"blockG\" id=\"rotateG_05\"><\/div>\n\t\t\t\t<div class=\"blockG\" id=\"rotateG_06\"><\/div>\n\t\t\t\t<div class=\"blockG\" id=\"rotateG_07\"><\/div>\n\t\t\t\t<div class=\"blockG\" id=\"rotateG_08\"><\/div>\n\t\t\t<\/div>\n\t\t\t<div class=\"WooZone-cross-sell-loader-text\"><\/div>\n\t\t<\/div>\n\t<\/div>\n\n\t\t\n<\/div>\n<div style=\"clear:both;\"><\/div>\n","protected":false},"excerpt":{"rendered":"Ideal f\u00fcr Weichk\u00e4se (auch f\u00fcr Schnittk\u00e4se geeignet)\nInhalt: 15 g - gefriergetrocknet (pulverartig)\nDosierung: ca. \u00bd Teel\u00f6ffel auf 5 Liter Milch (entspricht ca. 0,5 g)","protected":false},"featured_media":6629,"comment_status":"open","ping_status":"closed","template":"","meta":[],"product_cat":[64,417],"product_tag":[],"_links":{"self":[{"href":"https:\/\/food-shop.org\/index.php?rest_route=\/wp\/v2\/product\/6628"}],"collection":[{"href":"https:\/\/food-shop.org\/index.php?rest_route=\/wp\/v2\/product"}],"about":[{"href":"https:\/\/food-shop.org\/index.php?rest_route=\/wp\/v2\/types\/product"}],"replies":[{"embeddable":true,"href":"https:\/\/food-shop.org\/index.php?rest_route=%2Fwp%2Fv2%2Fcomments&post=6628"}],"wp:featuredmedia":[{"embeddable":true,"href":"https:\/\/food-shop.org\/index.php?rest_route=\/wp\/v2\/media\/6629"}],"wp:attachment":[{"href":"https:\/\/food-shop.org\/index.php?rest_route=%2Fwp%2Fv2%2Fmedia&parent=6628"}],"wp:term":[{"taxonomy":"product_cat","embeddable":true,"href":"https:\/\/food-shop.org\/index.php?rest_route=%2Fwp%2Fv2%2Fproduct_cat&post=6628"},{"taxonomy":"product_tag","embeddable":true,"href":"https:\/\/food-shop.org\/index.php?rest_route=%2Fwp%2Fv2%2Fproduct_tag&post=6628"}],"curies":[{"name":"wp","href":"https:\/\/api.w.org\/{rel}","templated":true}]}}