{"id":6619,"date":"2020-08-31T13:14:13","date_gmt":"2020-08-31T13:14:13","guid":{"rendered":"https:\/\/food-shop.org\/?product=kaese-selber-de-pc-vegan-penicillium-candidum-fuer-weissschimmelkeese"},"modified":"2023-04-10T17:54:17","modified_gmt":"2023-04-10T17:54:17","slug":"kaese-selber-de-pc-vegan-penicillium-candidum-fuer-weissschimmelkeese","status":"publish","type":"product","link":"https:\/\/food-shop.org\/?product=kaese-selber-de-pc-vegan-penicillium-candidum-fuer-weissschimmelkeese","title":{"rendered":"kaese-selber.de PC Vegan Penicillium Candidum &#8211; f\u00fcr Wei\u00dfschimmelkeese"},"content":{"rendered":"<p>Ideal um seinen eigenen &#8222;Wei\u00dfschimmel-Bert&#8220; selber zu machen.<br \/>\nBildet auf der Oberfl\u00e4che einen Wei\u00dfschimmel, wie man es vom Camembert kennt<br \/>\nInhalt: 5 g<br \/>\nDosierung: ca. \u00bd Teel\u00f6ffel auf 500 g Cashewn\u00fcssen (entspricht ca. 0,5 g)<br \/>\nHinweis: Die Kultur ist Vegan und besteht weder aus tierischer Herkunft noch aus Derivaten derselben<br \/>\n<div class=\"main-cross-sell\" data-asin=\"B07C9J5MWW\">\n\n\t<div class=\"WooZone-cross-sell-loader\">\n\t\t<div>\n\t\t\t<div id=\"floatingBarsG\">\n\t\t\t\t<div class=\"blockG\" id=\"rotateG_01\"><\/div>\n\t\t\t\t<div class=\"blockG\" id=\"rotateG_02\"><\/div>\n\t\t\t\t<div class=\"blockG\" id=\"rotateG_03\"><\/div>\n\t\t\t\t<div class=\"blockG\" id=\"rotateG_04\"><\/div>\n\t\t\t\t<div class=\"blockG\" id=\"rotateG_05\"><\/div>\n\t\t\t\t<div class=\"blockG\" id=\"rotateG_06\"><\/div>\n\t\t\t\t<div class=\"blockG\" id=\"rotateG_07\"><\/div>\n\t\t\t\t<div class=\"blockG\" id=\"rotateG_08\"><\/div>\n\t\t\t<\/div>\n\t\t\t<div class=\"WooZone-cross-sell-loader-text\"><\/div>\n\t\t<\/div>\n\t<\/div>\n\n\t\t\n<\/div>\n<div style=\"clear:both;\"><\/div>\n","protected":false},"excerpt":{"rendered":"Ideal um seinen eigenen \"Wei\u00dfschimmel-Bert\" selber zu machen.\nBildet auf der Oberfl\u00e4che einen Wei\u00dfschimmel, wie man es vom Camembert kennt\nInhalt: 5 g","protected":false},"featured_media":6620,"comment_status":"open","ping_status":"closed","template":"","meta":[],"product_cat":[64,417],"product_tag":[],"_links":{"self":[{"href":"https:\/\/food-shop.org\/index.php?rest_route=\/wp\/v2\/product\/6619"}],"collection":[{"href":"https:\/\/food-shop.org\/index.php?rest_route=\/wp\/v2\/product"}],"about":[{"href":"https:\/\/food-shop.org\/index.php?rest_route=\/wp\/v2\/types\/product"}],"replies":[{"embeddable":true,"href":"https:\/\/food-shop.org\/index.php?rest_route=%2Fwp%2Fv2%2Fcomments&post=6619"}],"wp:featuredmedia":[{"embeddable":true,"href":"https:\/\/food-shop.org\/index.php?rest_route=\/wp\/v2\/media\/6620"}],"wp:attachment":[{"href":"https:\/\/food-shop.org\/index.php?rest_route=%2Fwp%2Fv2%2Fmedia&parent=6619"}],"wp:term":[{"taxonomy":"product_cat","embeddable":true,"href":"https:\/\/food-shop.org\/index.php?rest_route=%2Fwp%2Fv2%2Fproduct_cat&post=6619"},{"taxonomy":"product_tag","embeddable":true,"href":"https:\/\/food-shop.org\/index.php?rest_route=%2Fwp%2Fv2%2Fproduct_tag&post=6619"}],"curies":[{"name":"wp","href":"https:\/\/api.w.org\/{rel}","templated":true}]}}