{"id":6611,"date":"2020-08-31T13:14:08","date_gmt":"2020-08-31T13:14:08","guid":{"rendered":"https:\/\/food-shop.org\/?product=beaufort-dete-aop-30-monate-alpenkaese-aus-rohmilch"},"modified":"2023-04-10T17:54:17","modified_gmt":"2023-04-10T17:54:17","slug":"beaufort-dete-aop-30-monate-alpenkaese-aus-rohmilch","status":"publish","type":"product","link":"https:\/\/food-shop.org\/?product=beaufort-dete-aop-30-monate-alpenkaese-aus-rohmilch","title":{"rendered":"Beaufort d&#8217;\u00e9t\u00e9 AOP | Alpenk\u00e4se aus Rohmilch | 20 Monate"},"content":{"rendered":"<div class=\"disclaim\"> Gr\u00f6\u00dfe:<strong>500g St\u00fcck<\/strong> <\/div>\n<p> <!-- show up to 2 reviews by default --> <\/p>\n<h3>Produktbeschreibungen<\/h3>\n<p>Hier haben Sie die M\u00f6glichkeit eine seltene Rarit\u00e4t in h\u00f6chster Gourmet-Qualit\u00e4t zu bestellen: Beaufort, ein wahres Statement als K\u00e4se. Die Kunst ist es, einen auch wirklich guten Beaufort zu finden. Durch unsere langj\u00e4hrige Zusammenarbeit mit einem Affineur im Herstellungsgebiet der Savoier Alpen gelingt es uns zum Gl\u00fcck immer wieder. Noch im jungen Reifestadium werden f\u00fcr uns K\u00e4selaibe nach unseren pers\u00f6nlichen Vorstellungen selektiert, um diese dann anschlie\u00dfend zu einem wahrhaftigen Beaufort-Genuss auszureifen. Weit \u00fcber einem Jahr sollte der \u00fcber 40 kg m\u00e4chtige Beaufort gereift sein, erst dann bilden sich die pr\u00e4gnanten und vielschichtigen Aromen aus. Da ausschlie\u00dflich satte Rohmilch der traditionell im Savoie beheimaten Bergkuhrassen verk\u00e4st wird, handelt es sich hier schon um den optimalen Rohstoff f\u00fcr das Ausgangsprodukt. Handwerk, der komplette Verzicht auf Zusatzstoffe, Wissen und Geduld bringen ein Geschmackserlebnis der besonderen Art. Sein Geschmack ist satt, kraftvoll und angenehm kr\u00e4ftig. Die Aromen vom Beaufort sind sehr vielschichtig &amp; komplex \u2013 besonders seine nussige und zugleich florale Art lassen Gourmets immer wieder entz\u00fccken. Verwenden Sie ihn ganz klassisch zum Naschen und als Bestandteil einer K\u00e4seplatte, wie auch auf dunklem Brot als Belag. F\u00fcr uns handelt es sich mit unserer Art vom Beaufort um ein echtes Juwel, welches Sie unbedingt kennen lernen sollen! <\/p>\n<h3>Inhaltsstoffe \/ Zutaten<\/h3>\n<p>KuhMILCH, Salz, tieriesches Lab, K\u00e4sereikulturen <\/p>\n<div data-a-expander-name=\"toggle_description\" class=\"a-row a-expander-container a-expander-extend-container\">\n<div class=\"a-expander-content a-expander-extend-content\">\n<h3>Gebrauchsanweisung<\/h3>\n<p>Bei Raumtemperatur servieren <\/p>\n<h3>Anschrift Hersteller\/Importeur<\/h3>\n<p>Feines von Hemmen KG Daimlerstr. 4 49733 Haren <\/p>\n<\/p><\/div>\n<p> <a href=\"void(0)\" data-action=\"a-expander-toggle\" class=\"a-expander-header a-declarative a-expander-extend-header\" data-a-expander-toggle=\"{\"><i class=\"a-icon a-icon-extender-expand\"><\/i><span class=\"a-expander-prompt\">Weitere Informationen<\/span><\/a> <\/div>\n<p>Der Bergk\u00e4se Beaufort AOP ein Juwel in unserem Sortiment.<br \/>\nTraditioneller Sommer-Bergk\u00e4se von der Hochalp, \u00fcber 18 Monate gereift. Kr\u00e4ftig und voller Aromen der Alpenwiesen.<br \/>\n100% FRISCHE &amp; 100% QUALIT\u00c4T: Ziel ist es, Sie als gl\u00fccklichen Kunden zu gewinnen. Wir als Affineuer und K\u00e4se-Sommelier reifen im H\u00f6hlenklima alle unsere internationalen K\u00e4sesorten selbst aus. Original nur beim Verk\u00e4ufer &#8218;FEINER K\u00c4SE HEMMEN&#8216; erh\u00e4ltlich!<br \/>\nJedes bestellte K\u00e4sest\u00fcck wird kurz vor dem Versand frisch vom K\u00e4selaib abgeschnitten und in spezieller Aromaschutzfolie verpackt. Schneller und perfekt gek\u00fchlter Versand (mit Sendungsverfolgung) in unserer tausendfach bew\u00e4hrten K\u00fchlverpackung.<br \/>\n<div class=\"main-cross-sell\" data-asin=\"B017XKOIIO\">\n\n\t<div class=\"WooZone-cross-sell-loader\">\n\t\t<div>\n\t\t\t<div id=\"floatingBarsG\">\n\t\t\t\t<div class=\"blockG\" id=\"rotateG_01\"><\/div>\n\t\t\t\t<div class=\"blockG\" id=\"rotateG_02\"><\/div>\n\t\t\t\t<div class=\"blockG\" id=\"rotateG_03\"><\/div>\n\t\t\t\t<div class=\"blockG\" id=\"rotateG_04\"><\/div>\n\t\t\t\t<div class=\"blockG\" id=\"rotateG_05\"><\/div>\n\t\t\t\t<div class=\"blockG\" id=\"rotateG_06\"><\/div>\n\t\t\t\t<div class=\"blockG\" id=\"rotateG_07\"><\/div>\n\t\t\t\t<div class=\"blockG\" id=\"rotateG_08\"><\/div>\n\t\t\t<\/div>\n\t\t\t<div class=\"WooZone-cross-sell-loader-text\"><\/div>\n\t\t<\/div>\n\t<\/div>\n\n\t\t\n<\/div>\n<div style=\"clear:both;\"><\/div>\n","protected":false},"excerpt":{"rendered":"Der Bergk\u00e4se Beaufort AOP ein Juwel in unserem Sortiment.\nTraditioneller Sommer-Bergk\u00e4se von der Hochalp, \u00fcber 18 Monate gereift. Kr\u00e4ftig und voller Aromen der Alpenwiesen.\n100% FRISCHE &amp; 100% QUALIT\u00c4T: Ziel ist es, Sie als gl\u00fccklichen Kunden zu gewinnen. Wir als Affineuer und K\u00e4se-Sommelier reifen im H\u00f6hlenklima alle unsere internationalen K\u00e4sesorten selbst aus. Original nur beim Verk\u00e4ufer 'FEINER K\u00c4SE HEMMEN' erh\u00e4ltlich!","protected":false},"featured_media":6612,"comment_status":"open","ping_status":"closed","template":"","meta":[],"product_cat":[64,417],"product_tag":[],"_links":{"self":[{"href":"https:\/\/food-shop.org\/index.php?rest_route=\/wp\/v2\/product\/6611"}],"collection":[{"href":"https:\/\/food-shop.org\/index.php?rest_route=\/wp\/v2\/product"}],"about":[{"href":"https:\/\/food-shop.org\/index.php?rest_route=\/wp\/v2\/types\/product"}],"replies":[{"embeddable":true,"href":"https:\/\/food-shop.org\/index.php?rest_route=%2Fwp%2Fv2%2Fcomments&post=6611"}],"wp:featuredmedia":[{"embeddable":true,"href":"https:\/\/food-shop.org\/index.php?rest_route=\/wp\/v2\/media\/6612"}],"wp:attachment":[{"href":"https:\/\/food-shop.org\/index.php?rest_route=%2Fwp%2Fv2%2Fmedia&parent=6611"}],"wp:term":[{"taxonomy":"product_cat","embeddable":true,"href":"https:\/\/food-shop.org\/index.php?rest_route=%2Fwp%2Fv2%2Fproduct_cat&post=6611"},{"taxonomy":"product_tag","embeddable":true,"href":"https:\/\/food-shop.org\/index.php?rest_route=%2Fwp%2Fv2%2Fproduct_tag&post=6611"}],"curies":[{"name":"wp","href":"https:\/\/api.w.org\/{rel}","templated":true}]}}