{"id":6603,"date":"2020-08-31T13:14:04","date_gmt":"2020-08-31T13:14:04","guid":{"rendered":"https:\/\/food-shop.org\/?product=swiss-schabziger-stoeckli-fettarmer-kaese-schweizer-reibekaese-10x100g-glarner-schabziger"},"modified":"2023-04-10T17:54:17","modified_gmt":"2023-04-10T17:54:17","slug":"swiss-schabziger-stoeckli-fettarmer-kaese-schweizer-reibekaese-10x100g-glarner-schabziger","status":"publish","type":"product","link":"https:\/\/food-shop.org\/?product=swiss-schabziger-stoeckli-fettarmer-kaese-schweizer-reibekaese-10x100g-glarner-schabziger","title":{"rendered":"Swiss Schabziger St\u00f6ckli fettarmer K\u00e4se Schweizer Reibek\u00e4se 10x100g GLARNER SCHABZIGER K\u00fchlversand f\u00fcr Lebensmittel\u2026"},"content":{"rendered":"<p><!-- show up to 2 reviews by default --> <\/p>\n<h3>Produktbeschreibungen<\/h3>\n<p>Schabziger St\u00f6ckli Hartk\u00e4se aus der Schweiz Der Swiss Schabziger blickt auf eine \u00fcber tausendj\u00e4hrige Geschichte zur\u00fcck. Der Uuurw\u00fcrzige Reibek\u00e4se aus der Schweiz. Grenzenlos wie Reibek\u00e4se einsetzen zum W\u00fcrzen und Abschmecken. Fett: 1,20 % i.Tr. \/ Herkunftsland: Schweiz <\/p>\n<h3>Inhaltsstoffe \/ Zutaten<\/h3>\n<p>Gereifter Rohziger (aus entrahmter, past. Kuhmilch) 95,55%, Kochsalz 4,2%, Schabziger Kleepulver 0,25% <\/p>\n<div data-a-expander-name=\"toggle_description\" class=\"a-row a-expander-container a-expander-extend-container\">\n<div class=\"a-expander-content a-expander-extend-content\">\n<h3>Gebrauchsanweisung<\/h3>\n<p>Verkehrsbezeichnung: Schweizer Hartk\u00e4se 1,2% Fett Der Swiss Schabziger blickt auf eine \u00fcber tausendj\u00e4hrige Geschichte zur\u00fcck. Seit 1463, der \u00e4lteste Markenartikel der Schweiz. Eine echte Bereicherung f\u00fcr die raffinierte, w\u00fcrzige K\u00fcche. Er schmeckt besonders fein zu Pasta, Kartoffeln, Salaten und vielem mehr. Lactosefrei. Es wird kein Lab benutzt. <\/p>\n<h3>Warnhinweise<\/h3>\n<p>Enthaltene Allergene Milch und daraus hergestellte Erzeugnisse (einschlie\u00dflich Laktose) Kuhmilch <\/p>\n<h3>Anschrift Hersteller\/Importeur<\/h3>\n<p>Geska AG Glarner Schabziger Ygrubenstrasse 14 CH-8750 Glarus <\/p>\n<\/p><\/div>\n<p> <a href=\"void(0)\" data-action=\"a-expander-toggle\" class=\"a-expander-header a-declarative a-expander-extend-header\" data-a-expander-toggle=\"{\"><i class=\"a-icon a-icon-extender-expand\"><\/i><span class=\"a-expander-prompt\">Weitere Informationen<\/span><\/a> <\/div>\n<p>Schabziger St\u00f6ckli Hartk\u00e4se 10x100g. Das original Glarner Schabziger St\u00f6ckli.<br \/>\nDer Swiss Schabziger blickt auf eine \u00fcber tausendj\u00e4hrige Geschichte zur\u00fcck.<br \/>\nDer Uuurw\u00fcrzige Reibek\u00e4se aus der Schweiz. Grenzenlos wie Reibek\u00e4se einsetzen zum W\u00fcrzen und Abschmecken. Fett: 1,20 % i.Tr. \/ Herkunftsland: Schweiz<br \/>\nK\u00fchlversand f\u00fcr Lebensmittel: K\u00dcHLBOX-Versand mit Styroporbox und Spezialk\u00fchlakku f\u00fcr Lebensmittelversand.<br \/>\n<div class=\"main-cross-sell\" data-asin=\"B00XBY5M78\">\n\n\t<div class=\"WooZone-cross-sell-loader\">\n\t\t<div>\n\t\t\t<div id=\"floatingBarsG\">\n\t\t\t\t<div class=\"blockG\" id=\"rotateG_01\"><\/div>\n\t\t\t\t<div class=\"blockG\" id=\"rotateG_02\"><\/div>\n\t\t\t\t<div class=\"blockG\" id=\"rotateG_03\"><\/div>\n\t\t\t\t<div class=\"blockG\" id=\"rotateG_04\"><\/div>\n\t\t\t\t<div class=\"blockG\" id=\"rotateG_05\"><\/div>\n\t\t\t\t<div class=\"blockG\" id=\"rotateG_06\"><\/div>\n\t\t\t\t<div class=\"blockG\" id=\"rotateG_07\"><\/div>\n\t\t\t\t<div class=\"blockG\" id=\"rotateG_08\"><\/div>\n\t\t\t<\/div>\n\t\t\t<div class=\"WooZone-cross-sell-loader-text\"><\/div>\n\t\t<\/div>\n\t<\/div>\n\n\t\t\n<\/div>\n<div style=\"clear:both;\"><\/div>\n","protected":false},"excerpt":{"rendered":"Schabziger St\u00f6ckli Hartk\u00e4se 10x100g. Das original Glarner Schabziger St\u00f6ckli.\nDer Swiss Schabziger blickt auf eine \u00fcber tausendj\u00e4hrige Geschichte zur\u00fcck.\nDer Uuurw\u00fcrzige Reibek\u00e4se aus der Schweiz. Grenzenlos wie Reibek\u00e4se einsetzen zum W\u00fcrzen und Abschmecken. Fett: 1,20 % i.Tr. \/ Herkunftsland: Schweiz","protected":false},"featured_media":6604,"comment_status":"open","ping_status":"closed","template":"","meta":[],"product_cat":[64,417],"product_tag":[],"_links":{"self":[{"href":"https:\/\/food-shop.org\/index.php?rest_route=\/wp\/v2\/product\/6603"}],"collection":[{"href":"https:\/\/food-shop.org\/index.php?rest_route=\/wp\/v2\/product"}],"about":[{"href":"https:\/\/food-shop.org\/index.php?rest_route=\/wp\/v2\/types\/product"}],"replies":[{"embeddable":true,"href":"https:\/\/food-shop.org\/index.php?rest_route=%2Fwp%2Fv2%2Fcomments&post=6603"}],"wp:featuredmedia":[{"embeddable":true,"href":"https:\/\/food-shop.org\/index.php?rest_route=\/wp\/v2\/media\/6604"}],"wp:attachment":[{"href":"https:\/\/food-shop.org\/index.php?rest_route=%2Fwp%2Fv2%2Fmedia&parent=6603"}],"wp:term":[{"taxonomy":"product_cat","embeddable":true,"href":"https:\/\/food-shop.org\/index.php?rest_route=%2Fwp%2Fv2%2Fproduct_cat&post=6603"},{"taxonomy":"product_tag","embeddable":true,"href":"https:\/\/food-shop.org\/index.php?rest_route=%2Fwp%2Fv2%2Fproduct_tag&post=6603"}],"curies":[{"name":"wp","href":"https:\/\/api.w.org\/{rel}","templated":true}]}}