{"id":6595,"date":"2020-08-31T13:13:58","date_gmt":"2020-08-31T13:13:58","guid":{"rendered":"https:\/\/food-shop.org\/?product=gouda-jung-kaese-aus-noord-holland-premiumqualitaet"},"modified":"2023-04-10T17:54:17","modified_gmt":"2023-04-10T17:54:17","slug":"gouda-jung-kaese-aus-noord-holland-premiumqualitaet","status":"publish","type":"product","link":"https:\/\/food-shop.org\/?product=gouda-jung-kaese-aus-noord-holland-premiumqualitaet","title":{"rendered":"Gouda &#8218;Jung&#8216; K\u00e4se aus Noord Holland &#8211; Premiumqualit\u00e4t"},"content":{"rendered":"<div class=\"disclaim\"> Gr\u00f6\u00dfe:<strong>400g St\u00fcck<\/strong> <\/div>\n<p> <!-- show up to 2 reviews by default --> <\/p>\n<h3>Produktbeschreibungen<\/h3>\n<\/p>\n<p>Unser junger Gouda aus der Region Noord Holland wird noch nach einer alten Rezeptur hergestellt. Die vollmundige Weidenmilch wurde hier zu einem wundervollen Gouda-K\u00e4se verarbeitet. Bei seiner Herstellung wird extra wenig Salz verwendet, und der K\u00e4se ist besonders cremig &amp; mild. Echt urspr\u00fcnglicher Gouda wie er selten zu bekommen ist, Kinder lieben ihn.<\/p>\n<\/p>\n<h3>Inhaltsstoffe \/ Zutaten<\/h3>\n<p>MILCH, Salz, Molkereikulturen, Lab, Konservierungsmittel: Natriumnitrat, Farbstoff: Annatto <\/p>\n<div data-a-expander-name=\"toggle_description\" class=\"a-row a-expander-container a-expander-extend-container\">\n<div class=\"a-expander-content a-expander-extend-content\">\n<h3>Gebrauchsanweisung<\/h3>\n<p>Bei Raumtemperatur servieren <\/p>\n<h3>Anschrift Hersteller\/Importeur<\/h3>\n<p>Feines von Hemmen KG Daimlerstr. 4 49733 Haren <\/p>\n<\/p><\/div>\n<p> <a href=\"void(0)\" data-action=\"a-expander-toggle\" class=\"a-expander-header a-declarative a-expander-extend-header\" data-a-expander-toggle=\"{\"><i class=\"a-icon a-icon-extender-expand\"><\/i><span class=\"a-expander-prompt\">Weitere Informationen<\/span><\/a> <\/div>\n<p>6 Wochen gereift. Mild im Geschmack und cremige Konsistenz.<br \/>\nNach einer Noord Holland Rezeptur mit extra wenig Salz hergestellt. Kein Vergleich&#8230;<br \/>\n100% FRISCHE &amp; 100% QUALIT\u00c4T: Ziel ist es, Sie als gl\u00fccklichen Kunden zu gewinnen. Wir als Affineuer und K\u00e4se-Sommelier reifen im H\u00f6hlenklima alle unsere internationalen K\u00e4sesorten selbst aus. Original nur beim Verk\u00e4ufer &#8218;FEINER K\u00c4SE HEMMEN&#8216; erh\u00e4ltlich!<br \/>\nJedes bestellte K\u00e4sest\u00fcck wird kurz vor dem Versand frisch vom K\u00e4selaib abgeschnitten und in spezieller Aromaschutzfolie verpackt. Schneller und perfekt gek\u00fchlter Versand (mit Sendungsverfolgung) in unserer tausendfach bew\u00e4hrten K\u00fchlverpackung.<br \/>\n<div class=\"main-cross-sell\" data-asin=\"B07DL9DPQX\">\n\n\t<div class=\"WooZone-cross-sell-loader\">\n\t\t<div>\n\t\t\t<div id=\"floatingBarsG\">\n\t\t\t\t<div class=\"blockG\" id=\"rotateG_01\"><\/div>\n\t\t\t\t<div class=\"blockG\" id=\"rotateG_02\"><\/div>\n\t\t\t\t<div class=\"blockG\" id=\"rotateG_03\"><\/div>\n\t\t\t\t<div class=\"blockG\" id=\"rotateG_04\"><\/div>\n\t\t\t\t<div class=\"blockG\" id=\"rotateG_05\"><\/div>\n\t\t\t\t<div class=\"blockG\" id=\"rotateG_06\"><\/div>\n\t\t\t\t<div class=\"blockG\" id=\"rotateG_07\"><\/div>\n\t\t\t\t<div class=\"blockG\" id=\"rotateG_08\"><\/div>\n\t\t\t<\/div>\n\t\t\t<div class=\"WooZone-cross-sell-loader-text\"><\/div>\n\t\t<\/div>\n\t<\/div>\n\n\t\t\n<\/div>\n<div style=\"clear:both;\"><\/div>\n","protected":false},"excerpt":{"rendered":"6 Wochen gereift. Mild im Geschmack und cremige Konsistenz.\nNach einer Noord Holland Rezeptur mit extra wenig Salz hergestellt. Kein Vergleich...\n100% FRISCHE &amp; 100% QUALIT\u00c4T: Ziel ist es, Sie als gl\u00fccklichen Kunden zu gewinnen. Wir als Affineuer und K\u00e4se-Sommelier reifen im H\u00f6hlenklima alle unsere internationalen K\u00e4sesorten selbst aus. Original nur beim Verk\u00e4ufer 'FEINER K\u00c4SE HEMMEN' erh\u00e4ltlich!","protected":false},"featured_media":6596,"comment_status":"open","ping_status":"closed","template":"","meta":[],"product_cat":[64,417],"product_tag":[],"_links":{"self":[{"href":"https:\/\/food-shop.org\/index.php?rest_route=\/wp\/v2\/product\/6595"}],"collection":[{"href":"https:\/\/food-shop.org\/index.php?rest_route=\/wp\/v2\/product"}],"about":[{"href":"https:\/\/food-shop.org\/index.php?rest_route=\/wp\/v2\/types\/product"}],"replies":[{"embeddable":true,"href":"https:\/\/food-shop.org\/index.php?rest_route=%2Fwp%2Fv2%2Fcomments&post=6595"}],"wp:featuredmedia":[{"embeddable":true,"href":"https:\/\/food-shop.org\/index.php?rest_route=\/wp\/v2\/media\/6596"}],"wp:attachment":[{"href":"https:\/\/food-shop.org\/index.php?rest_route=%2Fwp%2Fv2%2Fmedia&parent=6595"}],"wp:term":[{"taxonomy":"product_cat","embeddable":true,"href":"https:\/\/food-shop.org\/index.php?rest_route=%2Fwp%2Fv2%2Fproduct_cat&post=6595"},{"taxonomy":"product_tag","embeddable":true,"href":"https:\/\/food-shop.org\/index.php?rest_route=%2Fwp%2Fv2%2Fproduct_tag&post=6595"}],"curies":[{"name":"wp","href":"https:\/\/api.w.org\/{rel}","templated":true}]}}