{"id":6589,"date":"2020-08-31T13:13:55","date_gmt":"2020-08-31T13:13:55","guid":{"rendered":"https:\/\/food-shop.org\/?product=agriform-giro-gratta-grana-padano-d-o-p-16-monate-gereift-inkl-kaesereibe-250-g-x-2-packungen-10-rabatt"},"modified":"2023-04-10T17:54:17","modified_gmt":"2023-04-10T17:54:17","slug":"agriform-giro-gratta-grana-padano-d-o-p-16-monate-gereift-inkl-kaesereibe-250-g-x-2-packungen-10-rabatt","status":"publish","type":"product","link":"https:\/\/food-shop.org\/?product=agriform-giro-gratta-grana-padano-d-o-p-16-monate-gereift-inkl-kaesereibe-250-g-x-2-packungen-10-rabatt","title":{"rendered":"Agriform Giro &amp; Gratta Grana Padano D.O.P. 16 Monate gereift, inkl. K\u00e4sereibe (250 g X 2 Packungen, 10% Rabatt)"},"content":{"rendered":"<p><!-- show up to 2 reviews by default --> <\/p>\n<p>Twist &amp; grate grana padano &#8211; gro\u00dfartig auf ihrem Tisch. Twist &amp; grate Grana Padano ist ein hochwertiges Produkt mit einem einzigartigen Geschmack f\u00fcr jeden zuhause. Es ist in patentierter Verpackung verpackt und alles was sie tun m\u00fcssen, ist, seine spezielle M\u00fctze zu drehen. Twist &amp; grate kommt in familiengr\u00f6\u00dfe und ist sehr gesch\u00fctzt, um die perfekte Erhaltung bis zur Verwendung sicherzustellen. Es ist ideal f\u00fcr den gie\u00dfereien frisch gestrahlter K\u00e4se \u00fcber Gerichte und ihr Freund wird sch\u00e4tzen, dass es ein Geschenk hat. <\/p>\n<p>Twist &amp; grate grana padano (2 Packungen, 10% Rabatt) &#8211; gro\u00dfartig auf ihrem Tisch. Twist &amp; grate Grana Padano ist ein hochwertiges Produkt mit einem einzigartigen Geschmack f\u00fcr jeden zuhause.<br \/>\nEs ist in patentierter Verpackung verpackt und alles was sie tun m\u00fcssen, ist, seine spezielle M\u00fctze zu drehen.<br \/>\nTwist &amp; grate kommt in familiengr\u00f6\u00dfe und ist sehr gesch\u00fctzt, um die perfekte Erhaltung bis zur Verwendung sicherzustellen.<br \/>\nEs ist ideal f\u00fcr den gie\u00dfereien frisch gestrahlter K\u00e4se \u00fcber Gerichte und ihr Freund wird sch\u00e4tzen, dass es ein Geschenk hat.<br \/>\n<div class=\"main-cross-sell\" data-asin=\"B083M7FKL5\">\n\n\t<div class=\"WooZone-cross-sell-loader\">\n\t\t<div>\n\t\t\t<div id=\"floatingBarsG\">\n\t\t\t\t<div class=\"blockG\" id=\"rotateG_01\"><\/div>\n\t\t\t\t<div class=\"blockG\" id=\"rotateG_02\"><\/div>\n\t\t\t\t<div class=\"blockG\" id=\"rotateG_03\"><\/div>\n\t\t\t\t<div class=\"blockG\" id=\"rotateG_04\"><\/div>\n\t\t\t\t<div class=\"blockG\" id=\"rotateG_05\"><\/div>\n\t\t\t\t<div class=\"blockG\" id=\"rotateG_06\"><\/div>\n\t\t\t\t<div class=\"blockG\" id=\"rotateG_07\"><\/div>\n\t\t\t\t<div class=\"blockG\" id=\"rotateG_08\"><\/div>\n\t\t\t<\/div>\n\t\t\t<div class=\"WooZone-cross-sell-loader-text\"><\/div>\n\t\t<\/div>\n\t<\/div>\n\n\t\t\n<\/div>\n<div style=\"clear:both;\"><\/div>\n","protected":false},"excerpt":{"rendered":"Twist &amp; grate grana padano (2 Packungen, 10% Rabatt) - gro\u00dfartig auf ihrem Tisch. Twist &amp; grate Grana Padano ist ein hochwertiges Produkt mit einem einzigartigen Geschmack f\u00fcr jeden zuhause.\nEs ist in patentierter Verpackung verpackt und alles was sie tun m\u00fcssen, ist, seine spezielle M\u00fctze zu drehen.\nTwist &amp; grate kommt in familiengr\u00f6\u00dfe und ist sehr gesch\u00fctzt, um die perfekte Erhaltung bis zur Verwendung sicherzustellen.","protected":false},"featured_media":6590,"comment_status":"open","ping_status":"closed","template":"","meta":[],"product_cat":[64,417],"product_tag":[],"_links":{"self":[{"href":"https:\/\/food-shop.org\/index.php?rest_route=\/wp\/v2\/product\/6589"}],"collection":[{"href":"https:\/\/food-shop.org\/index.php?rest_route=\/wp\/v2\/product"}],"about":[{"href":"https:\/\/food-shop.org\/index.php?rest_route=\/wp\/v2\/types\/product"}],"replies":[{"embeddable":true,"href":"https:\/\/food-shop.org\/index.php?rest_route=%2Fwp%2Fv2%2Fcomments&post=6589"}],"wp:featuredmedia":[{"embeddable":true,"href":"https:\/\/food-shop.org\/index.php?rest_route=\/wp\/v2\/media\/6590"}],"wp:attachment":[{"href":"https:\/\/food-shop.org\/index.php?rest_route=%2Fwp%2Fv2%2Fmedia&parent=6589"}],"wp:term":[{"taxonomy":"product_cat","embeddable":true,"href":"https:\/\/food-shop.org\/index.php?rest_route=%2Fwp%2Fv2%2Fproduct_cat&post=6589"},{"taxonomy":"product_tag","embeddable":true,"href":"https:\/\/food-shop.org\/index.php?rest_route=%2Fwp%2Fv2%2Fproduct_tag&post=6589"}],"curies":[{"name":"wp","href":"https:\/\/api.w.org\/{rel}","templated":true}]}}