{"id":6583,"date":"2020-08-31T13:13:52","date_gmt":"2020-08-31T13:13:52","guid":{"rendered":"https:\/\/food-shop.org\/?product=ca-800-g-reserve-tete-de-moine-aop-orig-schweizer-moenchkopf-kaese-ganzer-laib"},"modified":"2023-04-08T16:58:25","modified_gmt":"2023-04-08T16:58:25","slug":"ca-800-g-reserve-tete-de-moine-aop-orig-schweizer-moenchkopf-kaese-ganzer-laib","status":"publish","type":"product","link":"https:\/\/food-shop.org\/?product=ca-800-g-reserve-tete-de-moine-aop-orig-schweizer-moenchkopf-kaese-ganzer-laib","title":{"rendered":"ca. 800 g Reserve Tete de Moine AOP Orig. Schweizer M\u00f6nchkopf K\u00e4se Ganzer Laib"},"content":{"rendered":"<p><!-- show up to 2 reviews by default --> <\/p>\n<h3>Produktbeschreibungen<\/h3>\n<p><b>Die K\u00e4seneuheit aus der Schweiz: W\u00fcrziger &#8211; mindestens 4 Monate gereift<\/p>\n<p>Da es sich um ein Naturprodukt handelt, fallen die Laibe produktionsbedingt verschieden gro\u00df aus zwischen 800g bis 850g<\/p>\n<p>RESERVE zeichnet sich durch einen sehr feinen und geschmeidigen Teig aus. Seinen reinen, w\u00fcrzig-aromatischen Geschmack verdankt er einer Reifezeit von mindestens 4 Monaten.<\/p>\n<p>Im Gegensatz zu anderen K\u00e4sesorten wird dieser K\u00e4se mit dem K\u00e4sehobel geschabt, damit sein Geheimnis &#8211; das blumig-w\u00fcrzige Aroma &#8211; offenbart wird<\/p>\n<p>Mit genauer Anleitung.<\/p>\n<p>Der K\u00e4se ist selbstverst\u00e4ndlich v\u00f6llig FRISCH und in Aluminiumfolie eingepackt.<\/p>\n<p>o durch das Schaben wird die mit Luft in Ber\u00fchrung kommende Fl\u00e4che des K\u00e4ses erh\u00f6ht. Das ver\u00e4ndert einerseits die Struktur des K\u00e4seteigs und erm\u00f6glicht andererseits die volle Entwicklung des Geschmacks und somit einen erh\u00f6hten Genuss<br \/>Die Verarbeitung von unpasteurisierter (roher) Milch aus dem AOC-Gebiet zu Tete de Moine, deren einzigartiger Geschmack in allen Facetten intakt geblieben ist, stellt eine Voraussetzung f\u00fcr die Herstellung eines K\u00e4ses mit diesem unverkennbaren Aroma dar<br \/>o als Rohmilchk\u00e4se muss der K\u00e4se strikte Qualit\u00e4tsanforderungen erf\u00fcllen, welche erm\u00f6glichen, dass er bedenkenlos auch von Kleinkindern und schwangeren Frauen genossen werden kann<br \/>o gluten- und laktosefrei sowie reich an Proteinen und Mineralstoffen<br \/>o bei der Herstellung werden keine Zusatzstoffe eingesetzt. Es werden ausschlie\u00dflich Milch von K\u00fchen ohne Silagef\u00fctterung, Lab, Milchkulturen und Salz verwendet<br \/>o Fettgehalt: mindestens 51 % Fett i. Tr.<br \/>o Rinde: nat\u00fcrlich, fest, braun bis rotbr\u00e4unlich<\/b> <\/p>\n<h3>Inhaltsstoffe \/ Zutaten<\/h3>\n<p>bei der Herstellung werden keine Zusatzstoffe eingesetzt. Es werden ausschlie\u00dflich Milch von K\u00fchen ohne Silagef\u00fctterung, Lab, Milchkulturen und Salz verwendet <\/p>\n<div data-a-expander-name=\"toggle_description\" class=\"a-row a-expander-container a-expander-extend-container\">\n<div class=\"a-expander-content a-expander-extend-content\">\n<h3>Gebrauchsanweisung<\/h3>\n<p>durch das Schaben wird die mit Luft in Ber\u00fchrung kommende Fl\u00e4che des K\u00e4ses erh\u00f6ht. Das ver\u00e4ndert einerseits die Struktur des K\u00e4seteigs und erm\u00f6glicht andererseits die volle Entwicklung des Geschmacks und somit einen erh\u00f6hten Genuss <\/p>\n<h3>Anschrift Hersteller\/Importeur<\/h3>\n<p>MAAJ Inh. Joachim Mattes, Plettenbergstr. 23 ; D-78586 Deilingen\/Germany <\/p>\n<\/p><\/div>\n<p> <a href=\"void(0)\" data-action=\"a-expander-toggle\" class=\"a-expander-header a-declarative a-expander-extend-header\" data-a-expander-toggle=\"{\"><i class=\"a-icon a-icon-extender-expand\"><\/i><span class=\"a-expander-prompt\">Weitere Informationen<\/span><\/a> <\/div>\n<p>RESERVE Orig. AOP Tete de Moine K\u00e4se M\u00f6nchkopf<br \/>\nganzer Laib mit ca. 800-850 g<br \/>\naus der Schweiz<br \/>\nFromage de Bellelay<br \/>\nmit genauer Anleitung<br \/>\n<div class=\"main-cross-sell\" data-asin=\"B00N2T2WCK\">\n\n\t<div class=\"WooZone-cross-sell-loader\">\n\t\t<div>\n\t\t\t<div id=\"floatingBarsG\">\n\t\t\t\t<div class=\"blockG\" id=\"rotateG_01\"><\/div>\n\t\t\t\t<div class=\"blockG\" id=\"rotateG_02\"><\/div>\n\t\t\t\t<div class=\"blockG\" id=\"rotateG_03\"><\/div>\n\t\t\t\t<div class=\"blockG\" id=\"rotateG_04\"><\/div>\n\t\t\t\t<div class=\"blockG\" id=\"rotateG_05\"><\/div>\n\t\t\t\t<div class=\"blockG\" id=\"rotateG_06\"><\/div>\n\t\t\t\t<div class=\"blockG\" id=\"rotateG_07\"><\/div>\n\t\t\t\t<div class=\"blockG\" id=\"rotateG_08\"><\/div>\n\t\t\t<\/div>\n\t\t\t<div class=\"WooZone-cross-sell-loader-text\"><\/div>\n\t\t<\/div>\n\t<\/div>\n\n\t\t\n<\/div>\n<div style=\"clear:both;\"><\/div>\n","protected":false},"excerpt":{"rendered":"RESERVE Orig. AOP Tete de Moine K\u00e4se M\u00f6nchkopf\nganzer Laib mit ca. 800-850 g\naus der Schweiz","protected":false},"featured_media":6584,"comment_status":"open","ping_status":"closed","template":"","meta":[],"product_cat":[64,417],"product_tag":[],"_links":{"self":[{"href":"https:\/\/food-shop.org\/index.php?rest_route=\/wp\/v2\/product\/6583"}],"collection":[{"href":"https:\/\/food-shop.org\/index.php?rest_route=\/wp\/v2\/product"}],"about":[{"href":"https:\/\/food-shop.org\/index.php?rest_route=\/wp\/v2\/types\/product"}],"replies":[{"embeddable":true,"href":"https:\/\/food-shop.org\/index.php?rest_route=%2Fwp%2Fv2%2Fcomments&post=6583"}],"wp:featuredmedia":[{"embeddable":true,"href":"https:\/\/food-shop.org\/index.php?rest_route=\/wp\/v2\/media\/6584"}],"wp:attachment":[{"href":"https:\/\/food-shop.org\/index.php?rest_route=%2Fwp%2Fv2%2Fmedia&parent=6583"}],"wp:term":[{"taxonomy":"product_cat","embeddable":true,"href":"https:\/\/food-shop.org\/index.php?rest_route=%2Fwp%2Fv2%2Fproduct_cat&post=6583"},{"taxonomy":"product_tag","embeddable":true,"href":"https:\/\/food-shop.org\/index.php?rest_route=%2Fwp%2Fv2%2Fproduct_tag&post=6583"}],"curies":[{"name":"wp","href":"https:\/\/api.w.org\/{rel}","templated":true}]}}