{"id":6576,"date":"2020-08-31T13:13:48","date_gmt":"2020-08-31T13:13:48","guid":{"rendered":"https:\/\/food-shop.org\/?product=frico-hollaendischer-butterkaese-45-fett-i-r-180-g"},"modified":"2023-04-08T16:58:25","modified_gmt":"2023-04-08T16:58:25","slug":"frico-hollaendischer-butterkaese-45-fett-i-r-180-g","status":"publish","type":"product","link":"https:\/\/food-shop.org\/?product=frico-hollaendischer-butterkaese-45-fett-i-r-180-g","title":{"rendered":"Frico holl\u00e4ndischer Butterk\u00e4se 45% Fett i.r. 180 g"},"content":{"rendered":"<div class=\"disclaim\"> Gr\u00f6\u00dfe:<strong>180g<\/strong> <\/div>\n<p> <!-- show up to 2 reviews by default --> <\/p>\n<h3>Produktbeschreibungen<\/h3>\n<p>Original holl\u00e4ndischer Schnittk\u00e4se aus pasteurisierter Kuhmilch. Frico Qualit\u00e4t seit 1898 <\/p>\n<h3>Inhaltsstoffe \/ Zutaten<\/h3>\n<p>Kuhmich, Farbstoff: E160a. Unter Schutzatmosph\u00e4re verpackt. &#8211; Allergene: Milch u. Milchprodukte <\/p>\n<p>Aus 100% holl\u00e4ndischer Milch<br \/>\nNach traditioneller Rezeptur gek\u00e4st<br \/>\nIn Ruhe auf Holzregalen nat\u00fcrlich gereift<br \/>\nLactosefrei durch nat\u00fcrliche Reifung<br \/>\n(Lactosegehalt<br \/>\n<div class=\"main-cross-sell\" data-asin=\"B014JWG0S0\">\n\n\t<div class=\"WooZone-cross-sell-loader\">\n\t\t<div>\n\t\t\t<div id=\"floatingBarsG\">\n\t\t\t\t<div class=\"blockG\" id=\"rotateG_01\"><\/div>\n\t\t\t\t<div class=\"blockG\" id=\"rotateG_02\"><\/div>\n\t\t\t\t<div class=\"blockG\" id=\"rotateG_03\"><\/div>\n\t\t\t\t<div class=\"blockG\" id=\"rotateG_04\"><\/div>\n\t\t\t\t<div class=\"blockG\" id=\"rotateG_05\"><\/div>\n\t\t\t\t<div class=\"blockG\" id=\"rotateG_06\"><\/div>\n\t\t\t\t<div class=\"blockG\" id=\"rotateG_07\"><\/div>\n\t\t\t\t<div class=\"blockG\" id=\"rotateG_08\"><\/div>\n\t\t\t<\/div>\n\t\t\t<div class=\"WooZone-cross-sell-loader-text\"><\/div>\n\t\t<\/div>\n\t<\/div>\n\n\t\t\n<\/div>\n<div style=\"clear:both;\"><\/div>\n","protected":false},"excerpt":{"rendered":"Aus 100% holl\u00e4ndischer Milch\nNach traditioneller Rezeptur gek\u00e4st\nIn Ruhe auf Holzregalen nat\u00fcrlich gereift","protected":false},"featured_media":6577,"comment_status":"open","ping_status":"closed","template":"","meta":[],"product_cat":[64,417],"product_tag":[],"_links":{"self":[{"href":"https:\/\/food-shop.org\/index.php?rest_route=\/wp\/v2\/product\/6576"}],"collection":[{"href":"https:\/\/food-shop.org\/index.php?rest_route=\/wp\/v2\/product"}],"about":[{"href":"https:\/\/food-shop.org\/index.php?rest_route=\/wp\/v2\/types\/product"}],"replies":[{"embeddable":true,"href":"https:\/\/food-shop.org\/index.php?rest_route=%2Fwp%2Fv2%2Fcomments&post=6576"}],"wp:featuredmedia":[{"embeddable":true,"href":"https:\/\/food-shop.org\/index.php?rest_route=\/wp\/v2\/media\/6577"}],"wp:attachment":[{"href":"https:\/\/food-shop.org\/index.php?rest_route=%2Fwp%2Fv2%2Fmedia&parent=6576"}],"wp:term":[{"taxonomy":"product_cat","embeddable":true,"href":"https:\/\/food-shop.org\/index.php?rest_route=%2Fwp%2Fv2%2Fproduct_cat&post=6576"},{"taxonomy":"product_tag","embeddable":true,"href":"https:\/\/food-shop.org\/index.php?rest_route=%2Fwp%2Fv2%2Fproduct_tag&post=6576"}],"curies":[{"name":"wp","href":"https:\/\/api.w.org\/{rel}","templated":true}]}}