{"id":6561,"date":"2020-08-31T13:13:42","date_gmt":"2020-08-31T13:13:42","guid":{"rendered":"https:\/\/food-shop.org\/?product=schuhbecks-kaese-raclette-gewuerzzubereitung-3er-pack-3-x-55-g"},"modified":"2023-04-08T16:58:25","modified_gmt":"2023-04-08T16:58:25","slug":"schuhbecks-kaese-raclette-gewuerzzubereitung-3er-pack-3-x-55-g","status":"publish","type":"product","link":"https:\/\/food-shop.org\/?product=schuhbecks-kaese-raclette-gewuerzzubereitung-3er-pack-3-x-55-g","title":{"rendered":"Schuhbecks K\u00e4se &amp; Raclette Gew\u00fcrzzubereitung, 3er Pack (3 x 55 g)"},"content":{"rendered":"<p><!-- show up to 2 reviews by default --> <\/p>\n<h3>Inhaltsstoffe \/ Zutaten<\/h3>\n<p>Zutaten: Meersalz, Pfeffer schwarz, K\u00fcmmel, Koriander, Kaffeebohnen gemahlen, Paprika edels\u00fc\u00df, Kurkuma, Fenchel, Zimt. <\/p>\n<h3>Anschrift Hersteller\/Importeur<\/h3>\n<p>Am Platzl 4a, 80331 M\u00fcnchen <\/p>\n<p>Dieses Gew\u00fcrz darf an einem Raclette-Abend auf dem Tisch nicht fehlen. So kann jeder Gast nach seinem Geschmack w\u00fcrzen.<br \/>\n<div class=\"main-cross-sell\" data-asin=\"B00TSQIAEU\">\n\n\t<div class=\"WooZone-cross-sell-loader\">\n\t\t<div>\n\t\t\t<div id=\"floatingBarsG\">\n\t\t\t\t<div class=\"blockG\" id=\"rotateG_01\"><\/div>\n\t\t\t\t<div class=\"blockG\" id=\"rotateG_02\"><\/div>\n\t\t\t\t<div class=\"blockG\" id=\"rotateG_03\"><\/div>\n\t\t\t\t<div class=\"blockG\" id=\"rotateG_04\"><\/div>\n\t\t\t\t<div class=\"blockG\" id=\"rotateG_05\"><\/div>\n\t\t\t\t<div class=\"blockG\" id=\"rotateG_06\"><\/div>\n\t\t\t\t<div class=\"blockG\" id=\"rotateG_07\"><\/div>\n\t\t\t\t<div class=\"blockG\" id=\"rotateG_08\"><\/div>\n\t\t\t<\/div>\n\t\t\t<div class=\"WooZone-cross-sell-loader-text\"><\/div>\n\t\t<\/div>\n\t<\/div>\n\n\t\t\n<\/div>\n<div style=\"clear:both;\"><\/div>\n","protected":false},"excerpt":{"rendered":"Dieses Gew\u00fcrz darf an einem Raclette-Abend auf dem Tisch nicht fehlen. So kann jeder Gast nach seinem Geschmack w\u00fcrzen.","protected":false},"featured_media":6562,"comment_status":"open","ping_status":"closed","template":"","meta":[],"product_cat":[64,417],"product_tag":[],"_links":{"self":[{"href":"https:\/\/food-shop.org\/index.php?rest_route=\/wp\/v2\/product\/6561"}],"collection":[{"href":"https:\/\/food-shop.org\/index.php?rest_route=\/wp\/v2\/product"}],"about":[{"href":"https:\/\/food-shop.org\/index.php?rest_route=\/wp\/v2\/types\/product"}],"replies":[{"embeddable":true,"href":"https:\/\/food-shop.org\/index.php?rest_route=%2Fwp%2Fv2%2Fcomments&post=6561"}],"wp:featuredmedia":[{"embeddable":true,"href":"https:\/\/food-shop.org\/index.php?rest_route=\/wp\/v2\/media\/6562"}],"wp:attachment":[{"href":"https:\/\/food-shop.org\/index.php?rest_route=%2Fwp%2Fv2%2Fmedia&parent=6561"}],"wp:term":[{"taxonomy":"product_cat","embeddable":true,"href":"https:\/\/food-shop.org\/index.php?rest_route=%2Fwp%2Fv2%2Fproduct_cat&post=6561"},{"taxonomy":"product_tag","embeddable":true,"href":"https:\/\/food-shop.org\/index.php?rest_route=%2Fwp%2Fv2%2Fproduct_tag&post=6561"}],"curies":[{"name":"wp","href":"https:\/\/api.w.org\/{rel}","templated":true}]}}