{"id":6557,"date":"2020-08-31T13:13:39","date_gmt":"2020-08-31T13:13:39","guid":{"rendered":"https:\/\/food-shop.org\/?product=cheddar-belton-farm-kaese-aus-england-perfekt-fuer-burger"},"modified":"2023-04-08T16:58:25","modified_gmt":"2023-04-08T16:58:25","slug":"cheddar-belton-farm-kaese-aus-england-perfekt-fuer-burger","status":"publish","type":"product","link":"https:\/\/food-shop.org\/?product=cheddar-belton-farm-kaese-aus-england-perfekt-fuer-burger","title":{"rendered":"Cheddar Belton Farm &#8211; K\u00e4se aus England (perfekt f\u00fcr Burger)"},"content":{"rendered":"<div class=\"disclaim\"> Gr\u00f6\u00dfe:<strong>550g 1\/4 Laib<\/strong> <\/div>\n<p> <!-- show up to 2 reviews by default --> <\/p>\n<h3>Produktbeschreibungen<\/h3>\n<\/p>\n<p>Ein feiner Cheddark\u00e4se aus England der recht unscheinbar daher kommt. Sein Geschmack ist sehr fein, mittelw\u00fcrzig und frisch, die Aromen sind fruchtig und leicht pikant. Probieren Sie diesen Cheddar aus England als K\u00e4se zum Brot, auf einer K\u00e4seplatte und auch gerieben zum Gratinieren.<\/p>\n<p>Die K\u00e4selaibe werden in England auf dem Bauernhof &#8218;Belton Farm&#8216; handwerklich hergestellt und reifen dort f\u00fcr 4 bis 5 Monate. Ausgeliefert werden die kleinen K\u00e4selaibe mit einer sch\u00fctzenden Wachsschicht als Rinde.<\/p>\n<p>Die Belton Farm besteht seit dem fr\u00fchen 18. Jahrhundert und stellt eine kleine Anzahl verschiedener K\u00e4sesorten noch immer handwerklich her. Jedes Jahr bekommen die K\u00e4sesorten bei den K\u00e4se-Pr\u00e4mierungen eine Vielzahl an Auszeichungen. Auch dieser &#8218;Belton Farm Cheddar&#8216; geh\u00f6rt zu den &#8218;Award Winnig Cheeses&#8216;.<\/p>\n<\/p>\n<h3>Inhaltsstoffe \/ Zutaten<\/h3>\n<p>MILCH, Salz, Molkereikulturen, Lab, nat\u00fcrlicher Farbstoff: Annato <\/p>\n<div data-a-expander-name=\"toggle_description\" class=\"a-row a-expander-container a-expander-extend-container\">\n<div class=\"a-expander-content a-expander-extend-content\">\n<h3>Gebrauchsanweisung<\/h3>\n<p>Bei Raumtemperatur servieren <\/p>\n<h3>Anschrift Hersteller\/Importeur<\/h3>\n<p>Feines von Hemmen KG Daimlerstr. 4 49733 Haren <\/p>\n<\/p><\/div>\n<p> <a href=\"void(0)\" data-action=\"a-expander-toggle\" class=\"a-expander-header a-declarative a-expander-extend-header\" data-a-expander-toggle=\"{\"><i class=\"a-icon a-icon-extender-expand\"><\/i><span class=\"a-expander-prompt\">Weitere Informationen<\/span><\/a> <\/div>\n<p>Der Belton Farm Cheddar ist ein mittelw\u00fcrziger Cheddar aus England.<br \/>\nKlassisch in rotem Wachs 4 Monate ausgereift. Sehr fein und zugleich satt im Geschmack. Handwerkliche Herstellung.<br \/>\n100% FRISCHE &amp; 100% QUALIT\u00c4T: Ziel ist es, Sie als gl\u00fccklichen Kunden zu gewinnen. Wir als Affineuer und K\u00e4se-Sommelier reifen im H\u00f6hlenklima alle unsere internationalen K\u00e4sesorten selbst aus. Original nur beim Verk\u00e4ufer &#8218;FEINER K\u00c4SE HEMMEN&#8216; erh\u00e4ltlich!<br \/>\nJedes bestellte K\u00e4sest\u00fcck wird kurz vor dem Versand frisch vom K\u00e4selaib abgeschnitten und in spezieller Aromaschutzfolie verpackt. Schneller und perfekt gek\u00fchlter Versand (mit Sendungsverfolgung) in unserer tausendfach bew\u00e4hrten K\u00fchlverpackung.<br \/>\n<div class=\"main-cross-sell\" data-asin=\"B01B65XL62\">\n\n\t<div class=\"WooZone-cross-sell-loader\">\n\t\t<div>\n\t\t\t<div id=\"floatingBarsG\">\n\t\t\t\t<div class=\"blockG\" id=\"rotateG_01\"><\/div>\n\t\t\t\t<div class=\"blockG\" id=\"rotateG_02\"><\/div>\n\t\t\t\t<div class=\"blockG\" id=\"rotateG_03\"><\/div>\n\t\t\t\t<div class=\"blockG\" id=\"rotateG_04\"><\/div>\n\t\t\t\t<div class=\"blockG\" id=\"rotateG_05\"><\/div>\n\t\t\t\t<div class=\"blockG\" id=\"rotateG_06\"><\/div>\n\t\t\t\t<div class=\"blockG\" id=\"rotateG_07\"><\/div>\n\t\t\t\t<div class=\"blockG\" id=\"rotateG_08\"><\/div>\n\t\t\t<\/div>\n\t\t\t<div class=\"WooZone-cross-sell-loader-text\"><\/div>\n\t\t<\/div>\n\t<\/div>\n\n\t\t\n<\/div>\n<div style=\"clear:both;\"><\/div>\n","protected":false},"excerpt":{"rendered":"Der Belton Farm Cheddar ist ein mittelw\u00fcrziger Cheddar aus England.\nKlassisch in rotem Wachs 4 Monate ausgereift. Sehr fein und zugleich satt im Geschmack. Handwerkliche Herstellung.\n100% FRISCHE &amp; 100% QUALIT\u00c4T: Ziel ist es, Sie als gl\u00fccklichen Kunden zu gewinnen. Wir als Affineuer und K\u00e4se-Sommelier reifen im H\u00f6hlenklima alle unsere internationalen K\u00e4sesorten selbst aus. Original nur beim Verk\u00e4ufer 'FEINER K\u00c4SE HEMMEN' erh\u00e4ltlich!","protected":false},"featured_media":6558,"comment_status":"open","ping_status":"closed","template":"","meta":[],"product_cat":[64,417],"product_tag":[],"_links":{"self":[{"href":"https:\/\/food-shop.org\/index.php?rest_route=\/wp\/v2\/product\/6557"}],"collection":[{"href":"https:\/\/food-shop.org\/index.php?rest_route=\/wp\/v2\/product"}],"about":[{"href":"https:\/\/food-shop.org\/index.php?rest_route=\/wp\/v2\/types\/product"}],"replies":[{"embeddable":true,"href":"https:\/\/food-shop.org\/index.php?rest_route=%2Fwp%2Fv2%2Fcomments&post=6557"}],"wp:featuredmedia":[{"embeddable":true,"href":"https:\/\/food-shop.org\/index.php?rest_route=\/wp\/v2\/media\/6558"}],"wp:attachment":[{"href":"https:\/\/food-shop.org\/index.php?rest_route=%2Fwp%2Fv2%2Fmedia&parent=6557"}],"wp:term":[{"taxonomy":"product_cat","embeddable":true,"href":"https:\/\/food-shop.org\/index.php?rest_route=%2Fwp%2Fv2%2Fproduct_cat&post=6557"},{"taxonomy":"product_tag","embeddable":true,"href":"https:\/\/food-shop.org\/index.php?rest_route=%2Fwp%2Fv2%2Fproduct_tag&post=6557"}],"curies":[{"name":"wp","href":"https:\/\/api.w.org\/{rel}","templated":true}]}}