{"id":6555,"date":"2020-08-31T13:13:38","date_gmt":"2020-08-31T13:13:38","guid":{"rendered":"https:\/\/food-shop.org\/?product=blue-stilton-premium-qualitaet-frisch-von-messer-500-gramm"},"modified":"2023-04-08T16:58:25","modified_gmt":"2023-04-08T16:58:25","slug":"blue-stilton-premium-qualitaet-frisch-von-messer-500-gramm","status":"publish","type":"product","link":"https:\/\/food-shop.org\/?product=blue-stilton-premium-qualitaet-frisch-von-messer-500-gramm","title":{"rendered":"Blue Stilton | Premium Qualit\u00e4t | Frisch von Messer! | 500 Gramm"},"content":{"rendered":"<div class=\"disclaim\"> Gr\u00f6\u00dfe:<strong>500 Gramm<\/strong> <\/div>\n<p> <!-- show up to 2 reviews by default --> <\/p>\n<h3>Produktbeschreibungen<\/h3>\n<p>Blue Stilton von Leicestershire, \u00fcber Cambridgeshire auf dem Tisch Bei Schimmelk\u00e4se denken wir gerne and franz\u00f6sische und italienische K\u00e4sesorten. Doch bietet Gro\u00dfbritannien mit seinem Blue Stilton auch einen hochqualitativen K\u00e4se. Benannt ist der K\u00e4se zwar nach der Ortschaft Stilton, eine Stadt in Cambridgeshire \u2013 nord\u00f6stlich von London \u2013, aber hier wurde er nur gehandelt. Dank der Postkutsche entdeckte der Inhaber des Bell Inns in Stilton einen Blauschimmelk\u00e4se in Leicestershire, der ihm so gefiel, dass er einen Vertrag mit dem kleinen Bauernhof schloss, der ihm der alleinige Vertrieb davon zusagte. Dank der Lage von Stilton auf der Handelsrute nach London, wie auch der hervorragende Qualit\u00e4t des K\u00e4ses, wurde er nicht nur beliebt sondern der Name Stilton war unwiderruflich mit ihm verbunden. Qualit\u00e4t Der K\u00e4se wird am Tag Ihrer Bestellung frisch geschnitten und luftdicht verpackt! Dank seiner festen Struktur ist Stilron K\u00e4se hervorragend f\u00fcr den Versand per Post geeignet. <\/p>\n<h3>Inhaltsstoffe \/ Zutaten<\/h3>\n<p>Fett 50+, unpasteurisierte Kuhmilch, vegetarisches Lab, Pilzkultur, Salz, S\u00e4urewecker, Vitamin A, B und D <\/p>\n<p>Leckere frisch vom Messer.<br \/>\nWir schneiden Ihre K\u00e4se frisch vom Messer und wickeln den K\u00e4se fein s\u00e4uberlich im Vakuum. Sobald der K\u00e4se ist im Vakuum, k\u00f6nnen Sie den K\u00e4se f\u00fcr ca. 5 bis 6 Wochen zu speichern.<br \/>\n<div class=\"main-cross-sell\" data-asin=\"B01BNJSH24\">\n\n\t<div class=\"WooZone-cross-sell-loader\">\n\t\t<div>\n\t\t\t<div id=\"floatingBarsG\">\n\t\t\t\t<div class=\"blockG\" id=\"rotateG_01\"><\/div>\n\t\t\t\t<div class=\"blockG\" id=\"rotateG_02\"><\/div>\n\t\t\t\t<div class=\"blockG\" id=\"rotateG_03\"><\/div>\n\t\t\t\t<div class=\"blockG\" id=\"rotateG_04\"><\/div>\n\t\t\t\t<div class=\"blockG\" id=\"rotateG_05\"><\/div>\n\t\t\t\t<div class=\"blockG\" id=\"rotateG_06\"><\/div>\n\t\t\t\t<div class=\"blockG\" id=\"rotateG_07\"><\/div>\n\t\t\t\t<div class=\"blockG\" id=\"rotateG_08\"><\/div>\n\t\t\t<\/div>\n\t\t\t<div class=\"WooZone-cross-sell-loader-text\"><\/div>\n\t\t<\/div>\n\t<\/div>\n\n\t\t\n<\/div>\n<div style=\"clear:both;\"><\/div>\n","protected":false},"excerpt":{"rendered":"Leckere frisch vom Messer.\nWir schneiden Ihre K\u00e4se frisch vom Messer und wickeln den K\u00e4se fein s\u00e4uberlich im Vakuum. Sobald der K\u00e4se ist im Vakuum, k\u00f6nnen Sie den K\u00e4se f\u00fcr ca. 5 bis 6 Wochen zu speichern.","protected":false},"featured_media":6556,"comment_status":"open","ping_status":"closed","template":"","meta":[],"product_cat":[64,417],"product_tag":[],"_links":{"self":[{"href":"https:\/\/food-shop.org\/index.php?rest_route=\/wp\/v2\/product\/6555"}],"collection":[{"href":"https:\/\/food-shop.org\/index.php?rest_route=\/wp\/v2\/product"}],"about":[{"href":"https:\/\/food-shop.org\/index.php?rest_route=\/wp\/v2\/types\/product"}],"replies":[{"embeddable":true,"href":"https:\/\/food-shop.org\/index.php?rest_route=%2Fwp%2Fv2%2Fcomments&post=6555"}],"wp:featuredmedia":[{"embeddable":true,"href":"https:\/\/food-shop.org\/index.php?rest_route=\/wp\/v2\/media\/6556"}],"wp:attachment":[{"href":"https:\/\/food-shop.org\/index.php?rest_route=%2Fwp%2Fv2%2Fmedia&parent=6555"}],"wp:term":[{"taxonomy":"product_cat","embeddable":true,"href":"https:\/\/food-shop.org\/index.php?rest_route=%2Fwp%2Fv2%2Fproduct_cat&post=6555"},{"taxonomy":"product_tag","embeddable":true,"href":"https:\/\/food-shop.org\/index.php?rest_route=%2Fwp%2Fv2%2Fproduct_tag&post=6555"}],"curies":[{"name":"wp","href":"https:\/\/api.w.org\/{rel}","templated":true}]}}