{"id":6553,"date":"2020-08-31T13:13:36","date_gmt":"2020-08-31T13:13:36","guid":{"rendered":"https:\/\/food-shop.org\/?product=gruenes-pesto-kaese-premium-qualitaet-500-gramm"},"modified":"2023-04-08T16:58:25","modified_gmt":"2023-04-08T16:58:25","slug":"gruenes-pesto-kaese-premium-qualitaet-500-gramm","status":"publish","type":"product","link":"https:\/\/food-shop.org\/?product=gruenes-pesto-kaese-premium-qualitaet-500-gramm","title":{"rendered":"Gr\u00fcnes Pesto K\u00e4se | Premium Qualit\u00e4t | 500 Gramm"},"content":{"rendered":"<div class=\"disclaim\"> Gr\u00f6\u00dfe:<strong>500 Gramm<\/strong> <\/div>\n<p> <!-- show up to 2 reviews by default --> <\/p>\n<h3>Produktbeschreibungen<\/h3>\n<p>Eine wunderbare Kombination aus leckeren cremigen holl\u00e4ndischem K\u00e4se und gr\u00fcnem Pesto. Dieses Pesto K\u00e4se ist wirklich einen Versuch wert.<\/p>\n<p>Zutaten:<\/p>\n<p> 50 + Fett, pasteurisierte Milch, Lab, Salz, Milchs\u00e4ure, Natriumnitrat, Annatto, die Vitamine A, B und D, Basilikum, Pinienkernen, Parmesan und Oliven\u00f6l.<\/p>\n<\/p>\n<p>Qualit\u00e4t:<\/p>\n<p> Der K\u00e4se wird am Tag Ihrer Bestellung frisch geschnitten und luftdicht verpackt! <\/p>\n<p> Dank seiner festen Struktur ist holl\u00e4ndischer K\u00e4se hervorragend f\u00fcr den Versand per Post geeignet.<\/p>\n<\/p>\n<h3>Inhaltsstoffe \/ Zutaten<\/h3>\n<p>50 + fat, pasteurisierte Milch, Lab, Salz, Milchs\u00e4ure, Natriumnitrat, Annatto, Vitaminen A, B und D,, basil, pine nuts, parmesan and olive oil <\/p>\n<p>Eine wunderbare Kombination aus leckeren cremigen holl\u00e4ndischem K\u00e4se und gr\u00fcnem Pesto. Dieses Pesto K\u00e4se ist wirklich einen Versuch wert.<br \/>\nWir schneiden Ihre K\u00e4se frisch vom Messer und wickeln den K\u00e4se fein s\u00e4uberlich im Vakuum. Sobald der K\u00e4se ist im Vakuum, k\u00f6nnen Sie den K\u00e4se f\u00fcr ca. 5 bis 6 Wochen zu speichern.<br \/>\n<div class=\"main-cross-sell\" data-asin=\"B009WSJGW4\">\n\n\t<div class=\"WooZone-cross-sell-loader\">\n\t\t<div>\n\t\t\t<div id=\"floatingBarsG\">\n\t\t\t\t<div class=\"blockG\" id=\"rotateG_01\"><\/div>\n\t\t\t\t<div class=\"blockG\" id=\"rotateG_02\"><\/div>\n\t\t\t\t<div class=\"blockG\" id=\"rotateG_03\"><\/div>\n\t\t\t\t<div class=\"blockG\" id=\"rotateG_04\"><\/div>\n\t\t\t\t<div class=\"blockG\" id=\"rotateG_05\"><\/div>\n\t\t\t\t<div class=\"blockG\" id=\"rotateG_06\"><\/div>\n\t\t\t\t<div class=\"blockG\" id=\"rotateG_07\"><\/div>\n\t\t\t\t<div class=\"blockG\" id=\"rotateG_08\"><\/div>\n\t\t\t<\/div>\n\t\t\t<div class=\"WooZone-cross-sell-loader-text\"><\/div>\n\t\t<\/div>\n\t<\/div>\n\n\t\t\n<\/div>\n<div style=\"clear:both;\"><\/div>\n","protected":false},"excerpt":{"rendered":"Eine wunderbare Kombination aus leckeren cremigen holl\u00e4ndischem K\u00e4se und gr\u00fcnem Pesto. Dieses Pesto K\u00e4se ist wirklich einen Versuch wert.\nWir schneiden Ihre K\u00e4se frisch vom Messer und wickeln den K\u00e4se fein s\u00e4uberlich im Vakuum. Sobald der K\u00e4se ist im Vakuum, k\u00f6nnen Sie den K\u00e4se f\u00fcr ca. 5 bis 6 Wochen zu speichern.","protected":false},"featured_media":6554,"comment_status":"open","ping_status":"closed","template":"","meta":[],"product_cat":[64,417],"product_tag":[],"_links":{"self":[{"href":"https:\/\/food-shop.org\/index.php?rest_route=\/wp\/v2\/product\/6553"}],"collection":[{"href":"https:\/\/food-shop.org\/index.php?rest_route=\/wp\/v2\/product"}],"about":[{"href":"https:\/\/food-shop.org\/index.php?rest_route=\/wp\/v2\/types\/product"}],"replies":[{"embeddable":true,"href":"https:\/\/food-shop.org\/index.php?rest_route=%2Fwp%2Fv2%2Fcomments&post=6553"}],"wp:featuredmedia":[{"embeddable":true,"href":"https:\/\/food-shop.org\/index.php?rest_route=\/wp\/v2\/media\/6554"}],"wp:attachment":[{"href":"https:\/\/food-shop.org\/index.php?rest_route=%2Fwp%2Fv2%2Fmedia&parent=6553"}],"wp:term":[{"taxonomy":"product_cat","embeddable":true,"href":"https:\/\/food-shop.org\/index.php?rest_route=%2Fwp%2Fv2%2Fproduct_cat&post=6553"},{"taxonomy":"product_tag","embeddable":true,"href":"https:\/\/food-shop.org\/index.php?rest_route=%2Fwp%2Fv2%2Fproduct_tag&post=6553"}],"curies":[{"name":"wp","href":"https:\/\/api.w.org\/{rel}","templated":true}]}}