{"id":6486,"date":"2020-08-31T13:09:45","date_gmt":"2020-08-31T13:09:45","guid":{"rendered":"https:\/\/food-shop.org\/?product=tegut-kaese-dip-6er-pack-6-x-245-ml"},"modified":"2023-04-08T16:58:24","modified_gmt":"2023-04-08T16:58:24","slug":"tegut-kaese-dip-6er-pack-6-x-245-ml","status":"publish","type":"product","link":"https:\/\/food-shop.org\/?product=tegut-kaese-dip-6er-pack-6-x-245-ml","title":{"rendered":"tegut&#8230; K\u00e4se Dip, 6er Pack (6 x 245 ml)"},"content":{"rendered":"<p><!-- show up to 2 reviews by default --> <\/p>\n<h3>Produktbeschreibung<\/h3>\n<p>Wir verwenden gute Zutaten und lassen weg, was nicht hineingeh\u00f6rt. Weil der Geschmack entscheidet. Das ist unser tegut\u2026-Reinheitsversprechen! So besteht dieser fruchtig-milde Salsa Dip aus erlesenen Tomaten und Paprika. <\/p>\n<h3>Informationen zur Marke<\/h3>\n<p>tegut&#8230; ist Bio-Pionier. Frische, \u00f6kologische Lebensmittel sowie regionaler Bezug stehen im Fokus. tegut&#8230; nimmt seine Verantwortung ernst, mit seinen Produkten zur Lebensqualit\u00e4t seiner Kunden beizutragen, z.B. mit Transparenz und Fairness zu unseren Lieferwegen, Erzeugern und eigenen Mitarbeitern. <\/p>\n<div data-a-expander-name=\"toggle_description\" class=\"a-row a-expander-container a-expander-extend-container\">\n<div class=\"a-expander-content a-expander-extend-content\">\n<h3>Inhaltsstoffe \/ Zutaten<\/h3>\n<p>Wasser, zweifach konzentriertes Tomatenmark (18%), Paprikaw\u00fcrfel (15%), Zucker, Zwiebeln, Branntweinessig, modifizierte St\u00e4rke, Speisesalz, Peperonipaste (Peperoni, Speisesalz, S\u00e4uerungsmittel: Essigs\u00e4ure), nat\u00fcrliches Aroma, nat\u00fcrliches Kreuzk\u00fcmmelaroma, Karamellzuckersirup. <\/p>\n<h3>Warnhinweise<\/h3>\n<p>0 <\/p>\n<h3>Anschrift Hersteller\/Importeur<\/h3>\n<p>Matithor Internationale Lebensmittel-Spezialit\u00e4ten GmbH, Im Maisel 6, 65232 Taunusstein <\/p>\n<\/p><\/div>\n<p> <a href=\"void(0)\" data-action=\"a-expander-toggle\" class=\"a-expander-header a-declarative a-expander-extend-header\" data-a-expander-toggle=\"{\"><i class=\"a-icon a-icon-extender-expand\"><\/i><span class=\"a-expander-prompt\">Weitere Informationen<\/span><\/a> <\/div>\n<p>Das Tegut Reinheitsversprechen steht f\u00fcr gute Zutaten, f\u00fcr guten Geschmack<br \/>\nFruchtig-Mild<br \/>\nMit Tomaten und Paprika<br \/>\n<div class=\"main-cross-sell\" data-asin=\"B07B6FZ4KC\">\n\n\t<div class=\"WooZone-cross-sell-loader\">\n\t\t<div>\n\t\t\t<div id=\"floatingBarsG\">\n\t\t\t\t<div class=\"blockG\" id=\"rotateG_01\"><\/div>\n\t\t\t\t<div class=\"blockG\" id=\"rotateG_02\"><\/div>\n\t\t\t\t<div class=\"blockG\" id=\"rotateG_03\"><\/div>\n\t\t\t\t<div class=\"blockG\" id=\"rotateG_04\"><\/div>\n\t\t\t\t<div class=\"blockG\" id=\"rotateG_05\"><\/div>\n\t\t\t\t<div class=\"blockG\" id=\"rotateG_06\"><\/div>\n\t\t\t\t<div class=\"blockG\" id=\"rotateG_07\"><\/div>\n\t\t\t\t<div class=\"blockG\" id=\"rotateG_08\"><\/div>\n\t\t\t<\/div>\n\t\t\t<div class=\"WooZone-cross-sell-loader-text\"><\/div>\n\t\t<\/div>\n\t<\/div>\n\n\t\t\n<\/div>\n<div style=\"clear:both;\"><\/div>\n","protected":false},"excerpt":{"rendered":"Das Tegut Reinheitsversprechen steht f\u00fcr gute Zutaten, f\u00fcr guten Geschmack\nFruchtig-Mild\nMit Tomaten und Paprika","protected":false},"featured_media":6487,"comment_status":"open","ping_status":"closed","template":"","meta":[],"product_cat":[64,417],"product_tag":[],"_links":{"self":[{"href":"https:\/\/food-shop.org\/index.php?rest_route=\/wp\/v2\/product\/6486"}],"collection":[{"href":"https:\/\/food-shop.org\/index.php?rest_route=\/wp\/v2\/product"}],"about":[{"href":"https:\/\/food-shop.org\/index.php?rest_route=\/wp\/v2\/types\/product"}],"replies":[{"embeddable":true,"href":"https:\/\/food-shop.org\/index.php?rest_route=%2Fwp%2Fv2%2Fcomments&post=6486"}],"wp:featuredmedia":[{"embeddable":true,"href":"https:\/\/food-shop.org\/index.php?rest_route=\/wp\/v2\/media\/6487"}],"wp:attachment":[{"href":"https:\/\/food-shop.org\/index.php?rest_route=%2Fwp%2Fv2%2Fmedia&parent=6486"}],"wp:term":[{"taxonomy":"product_cat","embeddable":true,"href":"https:\/\/food-shop.org\/index.php?rest_route=%2Fwp%2Fv2%2Fproduct_cat&post=6486"},{"taxonomy":"product_tag","embeddable":true,"href":"https:\/\/food-shop.org\/index.php?rest_route=%2Fwp%2Fv2%2Fproduct_tag&post=6486"}],"curies":[{"name":"wp","href":"https:\/\/api.w.org\/{rel}","templated":true}]}}