{"id":6469,"date":"2020-08-31T13:09:38","date_gmt":"2020-08-31T13:09:38","guid":{"rendered":"https:\/\/food-shop.org\/?product=appenzeller-kaese-mild-wuerzig-300g-schweizer-kaese"},"modified":"2023-04-08T16:58:24","modified_gmt":"2023-04-08T16:58:24","slug":"appenzeller-kaese-mild-wuerzig-300g-schweizer-kaese","status":"publish","type":"product","link":"https:\/\/food-shop.org\/?product=appenzeller-kaese-mild-wuerzig-300g-schweizer-kaese","title":{"rendered":"Appenzeller K\u00e4se mild w\u00fcrzig 300g Schweizer K\u00e4se"},"content":{"rendered":"<p><!-- show up to 2 reviews by default --> <\/p>\n<h3>Produktbeschreibungen<\/h3>\n<p>Appenzeller MILD-W\u00dcRZIG. <br \/> Ursprungsgebiet <br \/> Appenzellerland <br \/> K\u00e4segruppe <br \/> Schnittk\u00e4se, hergestellt mit Schweizer Rohmilch von K\u00fchen, die ohne Silage gef\u00fcttert werden <br \/> Geschmack <br \/> MILD-W\u00dcRZIG <br \/> Reifedauer <br \/> 3 Monate, zus\u00e4tzlich kontrolliert und freigegeben durch unsere Taxationsexperten <br \/> Laktosefrei <br \/> Ja (Laktosegehalt unter 0,1g \/ 100 g) <br \/> Glutenfrei <br \/> Ja <br \/> Rinde verzehrbar <br \/> Ja <br \/> Fettgehalt <br \/> mind. 48 % i. Tr. <br \/> mind. 31 % absolut <br \/> N\u00e4hrwerte <br \/> im \u00d8 pro 100 g <br \/> Eiwei\u00df: 25 g <br \/> Kalzium: 781 mg <br \/> Kalorien: 394 kcal <br \/> Joules: 1650 kJ <\/p>\n<p> Hartk\u00e4se aus der Schweiz.<br \/> Rohmilchk\u00e4se Mindestens 48 % Fett i.Tr. <\/p>\n<\/p>\n<h3>Inhaltsstoffe \/ Zutaten<\/h3>\n<p>Kuh Rohmilch, tierisches Lab, Salz, Milchs\u00e4urebakterien <\/p>\n<div data-a-expander-name=\"toggle_description\" class=\"a-row a-expander-container a-expander-extend-container\">\n<div class=\"a-expander-content a-expander-extend-content\">\n<h3>Gebrauchsanweisung<\/h3>\n<p>Verkehrsbezeichnung: Schweizer Schnittk\u00e4se mit Rohmilch hergestellt Mindestens 48% Fett i. Tr. 3 Monate gereift.Der MILD w\u00fcrzige aus dem Schweizer Appenzellerland. Die Rohmilch stammt von K\u00fchen, die ohne Silage gef\u00fcttert werden. Der Appenzeller MILD-w\u00fcrzig ist ein vollfetter Schnittk\u00e4se, der nach strengen Normen ausgesucht wird. Lactosefrei. <\/p>\n<h3>Warnhinweise<\/h3>\n<p>Enthaltene Allergene Milch und daraus hergestellte Erzeugnisse (einschlie\u00dflich Laktose): Rohmilch Kuhmilch <\/p>\n<h3>Anschrift Hersteller\/Importeur<\/h3>\n<p>CARL FR. SCHEER \u2013 77731 Willst\u00e4tt <\/p>\n<\/p><\/div>\n<p> <a href=\"void(0)\" data-action=\"a-expander-toggle\" class=\"a-expander-header a-declarative a-expander-extend-header\" data-a-expander-toggle=\"{\"><i class=\"a-icon a-icon-extender-expand\"><\/i><span class=\"a-expander-prompt\">Weitere Informationen<\/span><\/a> <\/div>\n<p>Appenzeller K\u00e4se 300g MILD-W\u00dcRZIG Schweizer K\u00e4se frisch vom Laib geschnitten.<br \/>\nDer mild-w\u00fcrzige Appenzeller MILD-W\u00dcRZIG wird mindestens drei Monaten gelagert und ist eine der ganz gro\u00dfen Schweizer K\u00e4sespezialit\u00e4ten. Die liebevolle Appenzeller H\u00fcgellandschaft mit ihrem reichhaltigen Kr\u00e4utergras bildet die optimale Basis f\u00fcr die naturbelassene, kr\u00e4ftige Rohmilch, aus der Appenzeller K\u00e4se entsteht. Den MILD-W\u00dcRZIG erkennt man an seiner silbernen Etikette.<br \/>\n<div class=\"main-cross-sell\" data-asin=\"B016N15KMM\">\n\n\t<div class=\"WooZone-cross-sell-loader\">\n\t\t<div>\n\t\t\t<div id=\"floatingBarsG\">\n\t\t\t\t<div class=\"blockG\" id=\"rotateG_01\"><\/div>\n\t\t\t\t<div class=\"blockG\" id=\"rotateG_02\"><\/div>\n\t\t\t\t<div class=\"blockG\" id=\"rotateG_03\"><\/div>\n\t\t\t\t<div class=\"blockG\" id=\"rotateG_04\"><\/div>\n\t\t\t\t<div class=\"blockG\" id=\"rotateG_05\"><\/div>\n\t\t\t\t<div class=\"blockG\" id=\"rotateG_06\"><\/div>\n\t\t\t\t<div class=\"blockG\" id=\"rotateG_07\"><\/div>\n\t\t\t\t<div class=\"blockG\" id=\"rotateG_08\"><\/div>\n\t\t\t<\/div>\n\t\t\t<div class=\"WooZone-cross-sell-loader-text\"><\/div>\n\t\t<\/div>\n\t<\/div>\n\n\t\t\n<\/div>\n<div style=\"clear:both;\"><\/div>\n","protected":false},"excerpt":{"rendered":"Appenzeller K\u00e4se 300g MILD-W\u00dcRZIG Schweizer K\u00e4se frisch vom Laib geschnitten.\nDer mild-w\u00fcrzige Appenzeller MILD-W\u00dcRZIG wird mindestens drei Monaten gelagert und ist eine der ganz gro\u00dfen Schweizer K\u00e4sespezialit\u00e4ten. Die liebevolle Appenzeller H\u00fcgellandschaft mit ihrem reichhaltigen Kr\u00e4utergras bildet die optimale Basis f\u00fcr die naturbelassene, kr\u00e4ftige Rohmilch, aus der Appenzeller K\u00e4se entsteht. Den MILD-W\u00dcRZIG erkennt man an seiner silbernen Etikette.","protected":false},"featured_media":6470,"comment_status":"open","ping_status":"closed","template":"","meta":[],"product_cat":[64,417],"product_tag":[],"_links":{"self":[{"href":"https:\/\/food-shop.org\/index.php?rest_route=\/wp\/v2\/product\/6469"}],"collection":[{"href":"https:\/\/food-shop.org\/index.php?rest_route=\/wp\/v2\/product"}],"about":[{"href":"https:\/\/food-shop.org\/index.php?rest_route=\/wp\/v2\/types\/product"}],"replies":[{"embeddable":true,"href":"https:\/\/food-shop.org\/index.php?rest_route=%2Fwp%2Fv2%2Fcomments&post=6469"}],"wp:featuredmedia":[{"embeddable":true,"href":"https:\/\/food-shop.org\/index.php?rest_route=\/wp\/v2\/media\/6470"}],"wp:attachment":[{"href":"https:\/\/food-shop.org\/index.php?rest_route=%2Fwp%2Fv2%2Fmedia&parent=6469"}],"wp:term":[{"taxonomy":"product_cat","embeddable":true,"href":"https:\/\/food-shop.org\/index.php?rest_route=%2Fwp%2Fv2%2Fproduct_cat&post=6469"},{"taxonomy":"product_tag","embeddable":true,"href":"https:\/\/food-shop.org\/index.php?rest_route=%2Fwp%2Fv2%2Fproduct_tag&post=6469"}],"curies":[{"name":"wp","href":"https:\/\/api.w.org\/{rel}","templated":true}]}}