{"id":6466,"date":"2020-08-31T13:09:36","date_gmt":"2020-08-31T13:09:36","guid":{"rendered":"https:\/\/food-shop.org\/?product=iberico-mischmilchkaese-2-monate-1kg"},"modified":"2023-04-08T16:58:24","modified_gmt":"2023-04-08T16:58:24","slug":"iberico-mischmilchkaese-2-monate-1kg","status":"publish","type":"product","link":"https:\/\/food-shop.org\/?product=iberico-mischmilchkaese-2-monate-1kg","title":{"rendered":"Iberico, Mischmilchk\u00e4se (2 Monate) 1kg"},"content":{"rendered":"<p><!-- show up to 2 reviews by default --> <\/p>\n<p>Fester K\u00e4se mit intensiv-kr\u00e4ftigem Geschmack aus drei verschiedenen Milchsorten. Zwei Monate gereift, mit gepr\u00e4gtem Korbmuster. 1kg<br \/> Iberico wird nach einem einzigartigen Rezept aus Kuh-, Schaf- und Ziegenmilch hergestellt. Der Anteil der verschiedenen Arten von Milch wurde durch das Know-how der zust\u00e4ndigen K\u00e4semeister definiert, was zu einem ausgezeichneten K\u00e4se f\u00fchrte. Aufgrund seines h\u00f6heren Gehalts an Kuhmilch ist er mild, dennoch ausgewogen leicht sauer und salzig im Geschmack. Die Textur ist fest, leicht klumpig und cremig. Insgesamt ist er buttrig und hat eine m\u00e4\u00dfigen langen Nachhall.<br \/> Iberico K\u00e4se passt hervorragend zu spanischen Salzgeb\u00e4ck &#8222;Picos&#8220;, Salat, Obst und wird auch gerne heiss-geschmolzen frisch aus dem Ofen serviert. Perfekt zum Tapas-Abend mit einem Crianza aus La Rioja.<br \/> Lagerung und Verzehr:<br \/> K\u00fchl und trocken lagern<br \/> Um den vollen Geschmack entfalten zu k\u00f6nnen, 30 Minuten vor Verzehr bei Zimmertemperatur lagern<br \/> Haltbar bis: s. Etikett<\/p>\n<p><\/p>\n<p>kr\u00e4ftiger spanischer Mischmilchk\u00e4se (Kuh-,Schaf- und Ziegenmilch)<br \/>\nGanzer K\u00e4se, in Mini-Ausf\u00fchrung, 1kg, in seiner typischen Wagenradform<br \/>\npasst zu Trockenobst oder frischem Obst, Marcona Mandeln, Membrillo (Quittenpaste) oder Honig. Fantastisch auch gerieben zum verfeinern von Saucen. Perfekt zu Tempranillo, Grenache oder einem Rioja-Wein!<br \/>\n<div class=\"main-cross-sell\" data-asin=\"B0787VTL3M\">\n\n\t<div class=\"WooZone-cross-sell-loader\">\n\t\t<div>\n\t\t\t<div id=\"floatingBarsG\">\n\t\t\t\t<div class=\"blockG\" id=\"rotateG_01\"><\/div>\n\t\t\t\t<div class=\"blockG\" id=\"rotateG_02\"><\/div>\n\t\t\t\t<div class=\"blockG\" id=\"rotateG_03\"><\/div>\n\t\t\t\t<div class=\"blockG\" id=\"rotateG_04\"><\/div>\n\t\t\t\t<div class=\"blockG\" id=\"rotateG_05\"><\/div>\n\t\t\t\t<div class=\"blockG\" id=\"rotateG_06\"><\/div>\n\t\t\t\t<div class=\"blockG\" id=\"rotateG_07\"><\/div>\n\t\t\t\t<div class=\"blockG\" id=\"rotateG_08\"><\/div>\n\t\t\t<\/div>\n\t\t\t<div class=\"WooZone-cross-sell-loader-text\"><\/div>\n\t\t<\/div>\n\t<\/div>\n\n\t\t\n<\/div>\n<div style=\"clear:both;\"><\/div>\n","protected":false},"excerpt":{"rendered":"kr\u00e4ftiger spanischer Mischmilchk\u00e4se (Kuh-,Schaf- und Ziegenmilch)\nGanzer K\u00e4se, in Mini-Ausf\u00fchrung, 1kg, in seiner typischen Wagenradform\npasst zu Trockenobst oder frischem Obst, Marcona Mandeln, Membrillo (Quittenpaste) oder Honig. Fantastisch auch gerieben zum verfeinern von Saucen. Perfekt zu Tempranillo, Grenache oder einem Rioja-Wein!","protected":false},"featured_media":6467,"comment_status":"open","ping_status":"closed","template":"","meta":[],"product_cat":[64,417],"product_tag":[],"_links":{"self":[{"href":"https:\/\/food-shop.org\/index.php?rest_route=\/wp\/v2\/product\/6466"}],"collection":[{"href":"https:\/\/food-shop.org\/index.php?rest_route=\/wp\/v2\/product"}],"about":[{"href":"https:\/\/food-shop.org\/index.php?rest_route=\/wp\/v2\/types\/product"}],"replies":[{"embeddable":true,"href":"https:\/\/food-shop.org\/index.php?rest_route=%2Fwp%2Fv2%2Fcomments&post=6466"}],"wp:featuredmedia":[{"embeddable":true,"href":"https:\/\/food-shop.org\/index.php?rest_route=\/wp\/v2\/media\/6467"}],"wp:attachment":[{"href":"https:\/\/food-shop.org\/index.php?rest_route=%2Fwp%2Fv2%2Fmedia&parent=6466"}],"wp:term":[{"taxonomy":"product_cat","embeddable":true,"href":"https:\/\/food-shop.org\/index.php?rest_route=%2Fwp%2Fv2%2Fproduct_cat&post=6466"},{"taxonomy":"product_tag","embeddable":true,"href":"https:\/\/food-shop.org\/index.php?rest_route=%2Fwp%2Fv2%2Fproduct_tag&post=6466"}],"curies":[{"name":"wp","href":"https:\/\/api.w.org\/{rel}","templated":true}]}}